{"id":10930,"date":"2023-08-11T16:00:15","date_gmt":"2023-08-11T15:00:15","guid":{"rendered":"https:\/\/www.sibo.it\/prodotto\/ftf-c\/"},"modified":"2024-01-25T12:00:57","modified_gmt":"2024-01-25T11:00:57","slug":"ftf-c","status":"publish","type":"product","link":"https:\/\/www.sibo.it\/fr\/produit\/ftf-c\/","title":{"rendered":"FTF\/C"},"content":{"rendered":"\t\t<div data-elementor-type=\"product-post\" data-elementor-id=\"10930\" class=\"elementor elementor-10930 elementor-10906\" data-elementor-post-type=\"product\">\n\t\t\t\t<div class=\"elementor-element elementor-element-cf1f3ba e-con-full e-flex e-con e-parent\" data-id=\"cf1f3ba\" data-element_type=\"container\" data-e-type=\"container\">\r\n\t\t<div class=\"elementor-element elementor-element-6d430be e-con-full e-flex e-con e-child\" data-id=\"6d430be\" data-element_type=\"container\" data-e-type=\"container\">\r\n\t\t\t\t<div class=\"elementor-element elementor-element-ddd2f7f elementor-widget elementor-widget-text-editor\" data-id=\"ddd2f7f\" data-element_type=\"widget\" data-e-type=\"widget\" data-widget_type=\"text-editor.default\">\n\t\t\t\t<div class=\"elementor-widget-container\">\n\t\t\t\t\t\t\t\t\t<table border=\"0\" cellspacing=\"0\" cellpadding=\"0\">\n<tbody>\n<tr>\n<td><span style=\"font-size: 16px;\">diam\u00e8tre min. de la pi\u00e8ce<\/span><\/td>\n<td><span style=\"font-size: 16px;\"><strong>10 mm.<\/strong><\/span><\/td>\n<\/tr>\n<tr>\n<td><span style=\"font-size: 16px;\">diam\u00e8tre max. de la pi\u00e8ce<\/span><\/td>\n<td><span style=\"font-size: 16px;\"><strong>90 mm.<\/strong><\/span><\/td>\n<\/tr>\n<tr>\n<td><span style=\"font-size: 16px;\">longueur min. de la pi\u00e8ce<\/span><\/td>\n<td><span style=\"font-size: 16px;\"><strong>8 mm.<\/strong><\/span><\/td>\n<\/tr>\n<tr>\n<td><span style=\"font-size: 16px;\">longueur max. de la pi\u00e8ce<\/span><\/td>\n<td><span style=\"font-size: 16px;\"><strong>150 mm.<\/strong><\/span><\/td>\n<\/tr>\n<tr>d<\/p>\n<td><span style=\"font-size: 16px;\">iam\u00e8tre max. de trou<\/span><\/td>\n<td><span style=\"font-size: 16px;\"><strong>30 mm.<\/strong><\/span><\/td>\n<\/tr>\n<tr>\n<td><span style=\"font-size: 16px;\">production min.<\/span><\/td>\n<td><span style=\"font-size: 16px;\"><strong> 300 pcs.\/h.<\/strong><\/span><\/td>\n<\/tr>\n<\/tbody>\n<\/table>\n<p style=\"text-align: left;\">\n<p style=\"text-align: left;\">\n\t\t\t\t\t\t\t\t<\/div>\n\t\t\t\t<\/div>\n\t\t\t\t<\/div>\n\t\t<div class=\"elementor-element elementor-element-8616444 e-con-full e-flex e-con e-child\" data-id=\"8616444\" data-element_type=\"container\" data-e-type=\"container\">\r\n\t\t\t\t<div class=\"elementor-element elementor-element-e1de2a1 elementor-widget elementor-widget-text-editor\" data-id=\"e1de2a1\" data-element_type=\"widget\" data-e-type=\"widget\" data-widget_type=\"text-editor.default\">\n\t\t\t\t<div class=\"elementor-widget-container\">\n\t\t\t\t\t\t\t\t\t<p><b>AUCUNES PRODUITS R\u00c9ALISABLES<\/b><\/p>\n<p><img decoding=\"async\" class=\"alignnone size-medium wp-image-10916\" src=\"https:\/\/www.sibo.it\/wp-content\/uploads\/2023\/08\/campioni_FTFC-300x150.jpg\" alt=\"\" width=\"300\" height=\"150\"><\/p>\n\t\t\t\t\t\t\t\t<\/div>\n\t\t\t\t<\/div>\n\t\t\t\t<\/div>\n\t\t\t\t<\/div>\n\t\t\t\t<\/div>\n\t\t","protected":false},"excerpt":{"rendered":"<p><strong>LIGNE AUTOMATIQUE MOD\u00c8LE \u00ab\u00a0FTF\/C\u00a0\u00bb<\/strong><\/p>\n<p>Ligne automatique pour obtenir, \u00e0 partir d&rsquo;un carrelet, des pi\u00e8ce coup\u00e9es, perc\u00e9es et frais\u00e9e avec le diam\u00e8tre et la longeure d\u00e9sir\u00e9e. Barres carr\u00e9es de 1 m\u00e8tre est plac\u00e9 dans le chargeur automatique. Un syst\u00e8me pneumatique attrapes la pi\u00e8ce et la fait avancer selon la longueur d\u00e9sir\u00e9e. Dans cette position, la barre est bloqu\u00e9e, la perceuse ex\u00e9cute le trou \u00e0 l\u2019int\u00e9rieur profondeur d\u00e9sir\u00e9e et une scie circulaire coupe la pi\u00e8ce, maintenant le syst\u00e8me de verrouillage pneumatique revient \u00e0 sa position initiale. Ensuite, la pi\u00e8ce coup\u00e9e est automatiquement d\u00e9plac\u00e9e \u00e0 une fraise o\u00f9 il est travaill\u00e9e \u00e0 l&rsquo;ext\u00e9rieur avec section ronde, ovale, octogonale, etc., en changeant seulement le gabarit.<\/p>\n","protected":false},"featured_media":10909,"comment_status":"closed","ping_status":"closed","template":"","meta":{"_acf_changed":false},"product_brand":[],"product_cat":[134,201],"product_tag":[],"class_list":{"0":"post-10930","1":"product","2":"type-product","3":"status-publish","4":"has-post-thumbnail","6":"product_cat-machines-a-bois","7":"product_cat-machines-speciales","8":"pa_applicazioni-machines-speciales","10":"first","11":"instock","12":"shipping-taxable","13":"product-type-simple"},"acf":[],"_links":{"self":[{"href":"https:\/\/www.sibo.it\/fr\/wp-json\/wp\/v2\/product\/10930","targetHints":{"allow":["GET"]}}],"collection":[{"href":"https:\/\/www.sibo.it\/fr\/wp-json\/wp\/v2\/product"}],"about":[{"href":"https:\/\/www.sibo.it\/fr\/wp-json\/wp\/v2\/types\/product"}],"replies":[{"embeddable":true,"href":"https:\/\/www.sibo.it\/fr\/wp-json\/wp\/v2\/comments?post=10930"}],"version-history":[{"count":5,"href":"https:\/\/www.sibo.it\/fr\/wp-json\/wp\/v2\/product\/10930\/revisions"}],"predecessor-version":[{"id":16029,"href":"https:\/\/www.sibo.it\/fr\/wp-json\/wp\/v2\/product\/10930\/revisions\/16029"}],"wp:featuredmedia":[{"embeddable":true,"href":"https:\/\/www.sibo.it\/fr\/wp-json\/wp\/v2\/media\/10909"}],"wp:attachment":[{"href":"https:\/\/www.sibo.it\/fr\/wp-json\/wp\/v2\/media?parent=10930"}],"wp:term":[{"taxonomy":"product_brand","embeddable":true,"href":"https:\/\/www.sibo.it\/fr\/wp-json\/wp\/v2\/product_brand?post=10930"},{"taxonomy":"product_cat","embeddable":true,"href":"https:\/\/www.sibo.it\/fr\/wp-json\/wp\/v2\/product_cat?post=10930"},{"taxonomy":"product_tag","embeddable":true,"href":"https:\/\/www.sibo.it\/fr\/wp-json\/wp\/v2\/product_tag?post=10930"}],"curies":[{"name":"wp","href":"https:\/\/api.w.org\/{rel}","templated":true}]}}