{"id":20559,"date":"2026-03-06T17:44:30","date_gmt":"2026-03-06T16:44:30","guid":{"rendered":"https:\/\/www.sibo.it\/?post_type=product&#038;p=20559"},"modified":"2026-04-03T10:40:43","modified_gmt":"2026-04-03T09:40:43","slug":"fmr-cp5-copia","status":"publish","type":"product","link":"https:\/\/www.sibo.it\/es\/producto\/fmr-cp5-copia\/","title":{"rendered":"FMR\/CP6"},"content":{"rendered":"\t\t<div data-elementor-type=\"product-post\" data-elementor-id=\"20559\" class=\"elementor elementor-20559 elementor-20554\" data-elementor-post-type=\"product\">\n\t\t\t\t<div class=\"elementor-element elementor-element-cf1f3ba e-con-full e-flex e-con e-parent\" data-id=\"cf1f3ba\" data-element_type=\"container\" data-e-type=\"container\">\r\n\t\t<div class=\"elementor-element elementor-element-6d430be e-con-full e-flex e-con e-parent\" data-id=\"6d430be\" data-element_type=\"container\" data-e-type=\"container\">\r\n\t\t\t\t<div class=\"elementor-element elementor-element-ddd2f7f elementor-widget elementor-widget-text-editor\" data-id=\"ddd2f7f\" data-element_type=\"widget\" data-e-type=\"widget\" data-widget_type=\"text-editor.default\">\n\t\t\t\t<div class=\"elementor-widget-container\">\n\t\t\t\t\t\t\t\t\t<table border=\"0\" cellspacing=\"0\" cellpadding=\"0\">\n<tbody>\n<tr>\n<td>\n<table border=\"0\" cellspacing=\"0\" cellpadding=\"0\">\n<tbody>\n<tr>\n<td>ancho m\u00e1x.<\/td>\n<td><strong>40 mm.<\/strong><\/td>\n<\/tr>\n<tr>\n<td>longitud m\u00e1x.<\/td>\n<td><strong>180 mm.<\/strong><\/td>\n<\/tr>\n<tr>\n<td>longitud min.<\/td>\n<td><strong>80 mm.<\/strong><\/td>\n<\/tr>\n<tr>\n<td>producci\u00f3n<\/td>\n<td><strong>500\u00f7900 pz.\/h.<\/strong><\/td>\n<\/tr>\n<\/tbody>\n<\/table>\n<\/td>\n<td> <\/td>\n<\/tr>\n<tr>\n<td> <\/td>\n<td><strong>.<\/strong><\/td>\n<\/tr>\n<\/tbody>\n<\/table>\n<p style=\"text-align: left;\"><b>ACCESORIOS<\/b><\/p>\n<p style=\"text-align: left;\">\n\t\t\t\t\t\t\t\t<\/div>\n\t\t\t\t<\/div>\n\t\t\t\t<\/div>\n\t\t<div class=\"elementor-element elementor-element-8616444 e-con-full e-flex e-con e-parent\" data-id=\"8616444\" data-element_type=\"container\" data-e-type=\"container\">\r\n\t\t\t\t<div class=\"elementor-element elementor-element-e1de2a1 elementor-widget elementor-widget-text-editor\" data-id=\"e1de2a1\" data-element_type=\"widget\" data-e-type=\"widget\" data-widget_type=\"text-editor.default\">\n\t\t\t\t<div class=\"elementor-widget-container\">\n\t\t\t\t\t\t\t\t\t<p><b>EJEMPLO DE NUESTRAS PRODUCIDAS<\/b><\/p>\n<p><img decoding=\"async\" class=\"alignnone size-medium wp-image-8981\" src=\"https:\/\/www.sibo.it\/wp-content\/uploads\/2023\/03\/Example-of-samples-produced-fmrc-p5-300x150.jpg\" alt=\"\" width=\"300\" height=\"150\"><\/p>\n\t\t\t\t\t\t\t\t<\/div>\n\t\t\t\t<\/div>\n\t\t\t\t<\/div>\n\t\t\t\t<\/div>\n\t\t\t\t<\/div>\n\t\t","protected":false},"excerpt":{"rendered":"<p><strong>TALADRADORA\/ CORTADORA AUTOM\u00c1TICA MODELO \u00abFMR\/CP6\u00bb<\/strong><\/p>\n<p>Esta m\u00e1quina fue construida para realizar autom\u00e1ticamente el taladrado, bisel y la ranura en los mangos de cuchillos. La m\u00e1quina est\u00e1 equipada con un cargador autom\u00e1tico y una mesa giratoria con 6 posiciones de trabajo.<br \/>\nEn la primera posici\u00f3n la pieza se carga por medio de un cargador neum\u00e1tico verticales.<br \/>\nEn la segunda posici\u00f3n, se realiza simult\u00e1neamenteel taladrado en el lado superior y inferior con dos cabezas m\u00faltiplas, montado sobre gu\u00edas lineales, cada uno operada por medio de un cilindro neum\u00e1tico y regulada por medio de un regulador de velocidad hidr\u00e1ulico. En la tercera y cuarta posici\u00f3n se realiza una ranura lineal y c\u00f3nica para montar la cuchilla. En la quinta posici\u00f3n se realiza el biselado. En la sexta posici\u00f3n, la pieza se descarga autom\u00e1ticamente.<\/p>\n","protected":false},"featured_media":8965,"comment_status":"closed","ping_status":"closed","template":"","meta":{"_acf_changed":false},"product_brand":[],"product_cat":[137,213],"product_tag":[],"class_list":{"0":"post-20559","1":"product","2":"type-product","3":"status-publish","4":"has-post-thumbnail","6":"product_cat-maquinas-madera","7":"product_cat-taladradoras-roscadoras","8":"pa_applicazioni-mangos-de-cuchillos","10":"first","11":"instock","12":"shipping-taxable","13":"product-type-simple"},"acf":[],"_links":{"self":[{"href":"https:\/\/www.sibo.it\/es\/wp-json\/wp\/v2\/product\/20559","targetHints":{"allow":["GET"]}}],"collection":[{"href":"https:\/\/www.sibo.it\/es\/wp-json\/wp\/v2\/product"}],"about":[{"href":"https:\/\/www.sibo.it\/es\/wp-json\/wp\/v2\/types\/product"}],"replies":[{"embeddable":true,"href":"https:\/\/www.sibo.it\/es\/wp-json\/wp\/v2\/comments?post=20559"}],"version-history":[{"count":3,"href":"https:\/\/www.sibo.it\/es\/wp-json\/wp\/v2\/product\/20559\/revisions"}],"predecessor-version":[{"id":20603,"href":"https:\/\/www.sibo.it\/es\/wp-json\/wp\/v2\/product\/20559\/revisions\/20603"}],"wp:featuredmedia":[{"embeddable":true,"href":"https:\/\/www.sibo.it\/es\/wp-json\/wp\/v2\/media\/8965"}],"wp:attachment":[{"href":"https:\/\/www.sibo.it\/es\/wp-json\/wp\/v2\/media?parent=20559"}],"wp:term":[{"taxonomy":"product_brand","embeddable":true,"href":"https:\/\/www.sibo.it\/es\/wp-json\/wp\/v2\/product_brand?post=20559"},{"taxonomy":"product_cat","embeddable":true,"href":"https:\/\/www.sibo.it\/es\/wp-json\/wp\/v2\/product_cat?post=20559"},{"taxonomy":"product_tag","embeddable":true,"href":"https:\/\/www.sibo.it\/es\/wp-json\/wp\/v2\/product_tag?post=20559"}],"curies":[{"name":"wp","href":"https:\/\/api.w.org\/{rel}","templated":true}]}}