{"id":20256,"date":"2025-09-15T08:42:36","date_gmt":"2025-09-15T07:42:36","guid":{"rendered":"https:\/\/www.sibo.it\/?post_type=product&#038;p=20256"},"modified":"2025-09-18T08:32:34","modified_gmt":"2025-09-18T07:32:34","slug":"dcs-l-700","status":"publish","type":"product","link":"https:\/\/www.sibo.it\/es\/producto\/dcs-l-700\/","title":{"rendered":"DCS\/L700"},"content":{"rendered":"\t\t<div data-elementor-type=\"product-post\" data-elementor-id=\"20256\" class=\"elementor elementor-20256 elementor-20252\" data-elementor-post-type=\"product\">\n\t\t\t\t<div class=\"elementor-element elementor-element-cf1f3ba e-con-full e-flex e-con e-parent\" data-id=\"cf1f3ba\" data-element_type=\"container\" data-e-type=\"container\">\r\n\t\t<div class=\"elementor-element elementor-element-6d430be e-con-full e-flex e-con e-child\" data-id=\"6d430be\" data-element_type=\"container\" data-e-type=\"container\">\r\n\t\t\t\t<div class=\"elementor-element elementor-element-ddd2f7f elementor-widget elementor-widget-text-editor\" data-id=\"ddd2f7f\" data-element_type=\"widget\" data-e-type=\"widget\" data-widget_type=\"text-editor.default\">\n\t\t\t\t<div class=\"elementor-widget-container\">\n\t\t\t\t\t\t\t\t\t<table border=\"0\" cellspacing=\"0\" cellpadding=\"0\"><tbody><tr><td>longitud m\u00e1x.<\/td><td><strong>700 mm.<\/strong><\/td><\/tr><tr><td>ancho m\u00e1x.<\/td><td><strong>100 mm.<\/strong><\/td><\/tr><tr><td>espesor max.<\/td><td><strong>25 mm.<\/strong><\/td><\/tr><tr><td>rotaci\u00f3n de las herramientas<\/td><td><strong>12.000 RPM<\/strong><\/td><\/tr><tr><td>di\u00e1metro del mandril<\/td><td><strong>20 mm.<\/strong><\/td><\/tr><tr><td>producci\u00f3n variable<\/td><td><strong>150\u00f7400 pz.\/h.<\/strong><\/td><\/tr><\/tbody><\/table><p style=\"text-align: left;\">\u00a0<\/p><p style=\"text-align: left;\"><b>ACCESORIOS<\/b><\/p><p style=\"text-align: left;\">\u00a0<\/p>\t\t\t\t\t\t\t\t<\/div>\n\t\t\t\t<\/div>\n\t\t\t\t<\/div>\n\t\t<div class=\"elementor-element elementor-element-8616444 e-con-full e-flex e-con e-child\" data-id=\"8616444\" data-element_type=\"container\" data-e-type=\"container\">\r\n\t\t\t\t<div class=\"elementor-element elementor-element-e1de2a1 elementor-widget elementor-widget-text-editor\" data-id=\"e1de2a1\" data-element_type=\"widget\" data-e-type=\"widget\" data-widget_type=\"text-editor.default\">\n\t\t\t\t<div class=\"elementor-widget-container\">\n\t\t\t\t\t\t\t\t\t<p><b>EJEMPLO DE NUESTRAS PRODUCIDAS<\/b><\/p><p><img decoding=\"async\" class=\"alignnone size-medium wp-image-10276\" src=\"https:\/\/www.sibo.it\/wp-content\/uploads\/2023\/08\/Example-of-samples-produced-300x150.jpg\" alt=\"\" width=\"300\" height=\"150\" \/><\/p>\t\t\t\t\t\t\t\t<\/div>\n\t\t\t\t<\/div>\n\t\t\t\t<\/div>\n\t\t\t\t<\/div>\n\t\t\t\t<\/div>\n\t\t","protected":false},"excerpt":{"rendered":"<p><strong>FRESADORA COPIADORA MODELO \u00abDCS\/L700\u00bb<\/strong><\/p>\n<p>Fresadora autom\u00e1tica con avance hidr\u00e1ulico, dise\u00f1ada para el mecanizado del perfil de mangos de brocha plana, esp\u00e1tulas y art\u00edculos similares. La m\u00e1quina trabaja simult\u00e1neamente los dos perfiles opuestos mediante fresas perfiladas guiadas por una plantilla. La velocidad de trabajo es regulable de 0 a 16 m\/min y, gracias a sensores situados en los puntos particularmente complejos del perfil, reduce autom\u00e1ticamente la velocidad para mejorar la calidad del acabado y despu\u00e9s la restablece al valor programado. La fresadora est\u00e1 equipada con un cargador autom\u00e1tico que se encarga tanto de la carga de las piezas en bruto como de la descarga de las piezas mecanizadas, optimizando los tiempos y reduciendo la intervenci\u00f3n del operador.<\/p>\n","protected":false},"featured_media":10291,"comment_status":"closed","ping_status":"closed","template":"","meta":{"_acf_changed":false},"product_brand":[],"product_cat":[215,137],"product_tag":[],"class_list":{"0":"post-20256","1":"product","2":"type-product","3":"status-publish","4":"has-post-thumbnail","6":"product_cat-fresadoras-lineares-con-copiador","7":"product_cat-maquinas-madera","9":"first","10":"instock","11":"shipping-taxable","12":"product-type-simple"},"acf":[],"_links":{"self":[{"href":"https:\/\/www.sibo.it\/es\/wp-json\/wp\/v2\/product\/20256","targetHints":{"allow":["GET"]}}],"collection":[{"href":"https:\/\/www.sibo.it\/es\/wp-json\/wp\/v2\/product"}],"about":[{"href":"https:\/\/www.sibo.it\/es\/wp-json\/wp\/v2\/types\/product"}],"replies":[{"embeddable":true,"href":"https:\/\/www.sibo.it\/es\/wp-json\/wp\/v2\/comments?post=20256"}],"version-history":[{"count":6,"href":"https:\/\/www.sibo.it\/es\/wp-json\/wp\/v2\/product\/20256\/revisions"}],"predecessor-version":[{"id":20287,"href":"https:\/\/www.sibo.it\/es\/wp-json\/wp\/v2\/product\/20256\/revisions\/20287"}],"wp:featuredmedia":[{"embeddable":true,"href":"https:\/\/www.sibo.it\/es\/wp-json\/wp\/v2\/media\/10291"}],"wp:attachment":[{"href":"https:\/\/www.sibo.it\/es\/wp-json\/wp\/v2\/media?parent=20256"}],"wp:term":[{"taxonomy":"product_brand","embeddable":true,"href":"https:\/\/www.sibo.it\/es\/wp-json\/wp\/v2\/product_brand?post=20256"},{"taxonomy":"product_cat","embeddable":true,"href":"https:\/\/www.sibo.it\/es\/wp-json\/wp\/v2\/product_cat?post=20256"},{"taxonomy":"product_tag","embeddable":true,"href":"https:\/\/www.sibo.it\/es\/wp-json\/wp\/v2\/product_tag?post=20256"}],"curies":[{"name":"wp","href":"https:\/\/api.w.org\/{rel}","templated":true}]}}