{"id":19384,"date":"2025-03-11T15:42:44","date_gmt":"2025-03-11T14:42:44","guid":{"rendered":"https:\/\/www.sibo.it\/?post_type=product&#038;p=19384"},"modified":"2025-07-09T10:33:20","modified_gmt":"2025-07-09T09:33:20","slug":"1tsp-cc","status":"publish","type":"product","link":"https:\/\/www.sibo.it\/es\/producto\/1tsp-cc\/","title":{"rendered":"1TSP\/\u0421\u0421"},"content":{"rendered":"\t\t<div data-elementor-type=\"product-post\" data-elementor-id=\"19384\" class=\"elementor elementor-19384 elementor-19385\" data-elementor-post-type=\"product\">\n\t\t\t\t<div class=\"elementor-element elementor-element-cf1f3ba e-con-full e-flex e-con e-parent\" data-id=\"cf1f3ba\" data-element_type=\"container\" data-e-type=\"container\">\r\n\t\t<div class=\"elementor-element elementor-element-6d430be e-con-full e-flex e-con e-child\" data-id=\"6d430be\" data-element_type=\"container\" data-e-type=\"container\">\r\n\t\t\t\t<div class=\"elementor-element elementor-element-ddd2f7f elementor-widget elementor-widget-text-editor\" data-id=\"ddd2f7f\" data-element_type=\"widget\" data-e-type=\"widget\" data-widget_type=\"text-editor.default\">\n\t\t\t\t<div class=\"elementor-widget-container\">\n\t\t\t\t\t\t\t\t\t<table border=\"0\" cellspacing=\"0\" cellpadding=\"0\"><tbody><tr><td><table border=\"0\" cellspacing=\"0\" cellpadding=\"0\"><tbody><tr><td>longitud m\u00edn.<\/td><td><strong>500 mm.<\/strong><\/td><\/tr><tr><td>longitud m\u00e1x.<\/td><td><strong>2000 mm.<\/strong><\/td><\/tr><tr><td>tama\u00f1o m\u00e1x.<\/td><td><strong>50 mm<\/strong><\/td><\/tr><\/tbody><\/table><\/td><td>\u00a0<\/td><\/tr><tr><td>\u00a0<\/td><td><strong>.<\/strong><\/td><\/tr><\/tbody><\/table><p style=\"text-align: left;\"><b>\u00a0 \u00a0 ACCESORIOS<\/b><\/p>\t\t\t\t\t\t\t\t<\/div>\n\t\t\t\t<\/div>\n\t\t\t\t<\/div>\n\t\t<div class=\"elementor-element elementor-element-8616444 e-con-full e-flex e-con e-child\" data-id=\"8616444\" data-element_type=\"container\" data-e-type=\"container\">\r\n\t\t\t\t<div class=\"elementor-element elementor-element-e1de2a1 elementor-widget elementor-widget-text-editor\" data-id=\"e1de2a1\" data-element_type=\"widget\" data-e-type=\"widget\" data-widget_type=\"text-editor.default\">\n\t\t\t\t<div class=\"elementor-widget-container\">\n\t\t\t\t\t\t\t\t\t<p><b>&nbsp; &nbsp; &nbsp; &nbsp; &nbsp; &nbsp; &nbsp; EJEMPLO DE NUESTRAS PRODUCIDAS<\/b><\/p>\n<p><img decoding=\"async\" class=\"alignnone size-medium wp-image-19863\" src=\"https:\/\/www.sibo.it\/wp-content\/uploads\/2025\/04\/Campioni-1TSP-x-sito-300x150.jpg\" alt=\"\" width=\"300\" height=\"150\"><\/p>\t\t\t\t\t\t\t\t<\/div>\n\t\t\t\t<\/div>\n\t\t\t\t<\/div>\n\t\t\t\t<\/div>\n\t\t\t\t<\/div>\n\t\t","protected":false},"excerpt":{"rendered":"<p><strong>INTESTADORA <\/strong><strong>AUTOM\u00c1TICA <\/strong><strong>MODELO \u00ab1TSP\/\u0421\u0421\u00bb<\/strong><\/p>\n<p>M\u00e1quina autom\u00e1tica para el mecanizado de extremos de perfiles cil\u00edndricos, semiesf\u00e9ricos y c\u00f3nicos. Con esta m\u00e1quina es posible taladrar agujeros, espigas c\u00f3nicas y cil\u00edndricas, embuticiones parciales en componentes como mangos de escoba, herramientas agr\u00edcolas, patas de sillas, etc.<br \/>\nLas piezas se colocan manualmente en el cargador, que carga una en la mordaza neum\u00e1tica donde se sujeta. Una herramienta avanza y procesa el extremo en funci\u00f3n del tipo de herramienta instalada. Al final de la operaci\u00f3n, se carga una nueva pieza y la mecanizada se descarga autom\u00e1ticamente.<\/p>\n<p><span style=\"font-size: 16px;\"><strong>La m\u00e1quina puede ser equipada con los siguientes accesorios:<\/strong><\/span><\/p>\n<ul>\n<li><span style=\"font-size: 16px;\">herramienta de roscado interior<\/span><\/li>\n<li><span style=\"font-size: 16px;\">herramienta de roscado exterior<\/span><\/li>\n<li><span style=\"font-size: 16px;\">herramienta para encabezar medio redondo<\/span><\/li>\n<li><span style=\"font-size: 16px;\">herramienta para realizar el agujero<\/span><\/li>\n<\/ul>\n","protected":false},"featured_media":19857,"comment_status":"closed","ping_status":"closed","template":"","meta":{"_acf_changed":false},"product_brand":[],"product_cat":[221,137,213],"product_tag":[],"class_list":{"0":"post-19384","1":"product","2":"type-product","3":"status-publish","4":"has-post-thumbnail","6":"product_cat-fresadoras-de-palo-redondo","7":"product_cat-maquinas-madera","8":"product_cat-taladradoras-roscadoras","9":"pa_applicazioni-palos-redondos","11":"first","12":"instock","13":"shipping-taxable","14":"product-type-simple"},"acf":[],"_links":{"self":[{"href":"https:\/\/www.sibo.it\/es\/wp-json\/wp\/v2\/product\/19384","targetHints":{"allow":["GET"]}}],"collection":[{"href":"https:\/\/www.sibo.it\/es\/wp-json\/wp\/v2\/product"}],"about":[{"href":"https:\/\/www.sibo.it\/es\/wp-json\/wp\/v2\/types\/product"}],"replies":[{"embeddable":true,"href":"https:\/\/www.sibo.it\/es\/wp-json\/wp\/v2\/comments?post=19384"}],"version-history":[{"count":11,"href":"https:\/\/www.sibo.it\/es\/wp-json\/wp\/v2\/product\/19384\/revisions"}],"predecessor-version":[{"id":20111,"href":"https:\/\/www.sibo.it\/es\/wp-json\/wp\/v2\/product\/19384\/revisions\/20111"}],"wp:featuredmedia":[{"embeddable":true,"href":"https:\/\/www.sibo.it\/es\/wp-json\/wp\/v2\/media\/19857"}],"wp:attachment":[{"href":"https:\/\/www.sibo.it\/es\/wp-json\/wp\/v2\/media?parent=19384"}],"wp:term":[{"taxonomy":"product_brand","embeddable":true,"href":"https:\/\/www.sibo.it\/es\/wp-json\/wp\/v2\/product_brand?post=19384"},{"taxonomy":"product_cat","embeddable":true,"href":"https:\/\/www.sibo.it\/es\/wp-json\/wp\/v2\/product_cat?post=19384"},{"taxonomy":"product_tag","embeddable":true,"href":"https:\/\/www.sibo.it\/es\/wp-json\/wp\/v2\/product_tag?post=19384"}],"curies":[{"name":"wp","href":"https:\/\/api.w.org\/{rel}","templated":true}]}}