{"id":19284,"date":"2025-03-05T14:13:22","date_gmt":"2025-03-05T13:13:22","guid":{"rendered":"https:\/\/www.sibo.it\/?post_type=product&#038;p=19284"},"modified":"2025-03-20T14:50:44","modified_gmt":"2025-03-20T13:50:44","slug":"mcn-3","status":"publish","type":"product","link":"https:\/\/www.sibo.it\/es\/producto\/mcn-3\/","title":{"rendered":"MCN\/3"},"content":{"rendered":"\t\t<div data-elementor-type=\"product-post\" data-elementor-id=\"19284\" class=\"elementor elementor-19284 elementor-19280\" data-elementor-post-type=\"product\">\n\t\t\t\t<div class=\"elementor-element elementor-element-cf1f3ba e-con-full e-flex e-con e-parent\" data-id=\"cf1f3ba\" data-element_type=\"container\" data-e-type=\"container\">\r\n\t\t<div class=\"elementor-element elementor-element-6d430be e-con-full e-flex e-con e-child\" data-id=\"6d430be\" data-element_type=\"container\" data-e-type=\"container\">\r\n\t\t\t\t<div class=\"elementor-element elementor-element-ddd2f7f elementor-widget elementor-widget-text-editor\" data-id=\"ddd2f7f\" data-element_type=\"widget\" data-e-type=\"widget\" data-widget_type=\"text-editor.default\">\n\t\t\t\t<div class=\"elementor-widget-container\">\n\t\t\t\t\t\t\t\t\t<table border=\"0\" cellspacing=\"0\" cellpadding=\"0\">\n<tbody>\n<tr>\n<td>longitud m\u00e1x. de trabajo<\/td>\n<td><strong>50 mm.<\/strong><\/td>\n<\/tr>\n<tr>\n<td>anchura m\u00edn. de trabajo<\/td>\n<td><strong>17 mm.<\/strong><\/td>\n<\/tr>\n<tr>\n<td>espesor m\u00e1x. de trabajo<\/td>\n<td><strong>3 mm.<\/strong><\/td>\n<\/tr>\n<tr>\n<td>producci\u00f3n<\/td>\n<td><strong>5040 pz.\/h.<\/strong><\/td>\n<\/tr>\n<\/tbody>\n<\/table>\n<p style=\"text-align: left;\"><b> ACCESORIOS<\/b><\/p>\n<p style=\"text-align: left;\">\n\t\t\t\t\t\t\t\t<\/div>\n\t\t\t\t<\/div>\n\t\t\t\t<\/div>\n\t\t<div class=\"elementor-element elementor-element-8616444 e-con-full e-flex e-con e-child\" data-id=\"8616444\" data-element_type=\"container\" data-e-type=\"container\">\r\n\t\t\t\t<div class=\"elementor-element elementor-element-e1de2a1 elementor-widget elementor-widget-text-editor\" data-id=\"e1de2a1\" data-element_type=\"widget\" data-e-type=\"widget\" data-widget_type=\"text-editor.default\">\n\t\t\t\t<div class=\"elementor-widget-container\">\n\t\t\t\t\t\t\t\t\t<p><b> EJEMPLO DE NUESTRAS PRODUCIDAS<\/b><\/p>\n<p><img decoding=\"async\" class=\"alignnone size-medium wp-image-19299\" src=\"https:\/\/www.sibo.it\/wp-content\/uploads\/2025\/03\/Campioni-MCN3-x-sito-300x150.jpg\" alt=\"\" width=\"300\" height=\"150\"><\/p>\n\t\t\t\t\t\t\t\t<\/div>\n\t\t\t\t<\/div>\n\t\t\t\t<\/div>\n\t\t\t\t<\/div>\n\t\t\t\t<\/div>\n\t\t","protected":false},"excerpt":{"rendered":"<p><strong>FRESADORA\/CORTADORA AUTOM\u00c1TICA DE CLAVOS DE MADERA MODELO \u00abMCN\/3\u00bb<\/strong><\/p>\n<p>Esta m\u00e1quina est\u00e1 dise\u00f1ada para el fresado y corte de clavos de madera. El proceso comienza con la colocaci\u00f3n de las tablillas en una cinta transportadora, que las lleva una a una hasta la primera estaci\u00f3n de la mesa giratoria. Una vez en posici\u00f3n, la mesa gira para iniciar las diferentes fases de trabajo. En la segunda estaci\u00f3n, una fresa montada sobre un carro horizontal da forma a la punta a lo largo de toda la longitud de la tablilla. Luego, en la tercera estaci\u00f3n, una fresa montada sobre un carro vertical refina la punta de cada clavo, completando su perfilado. El proceso contin\u00faa en la cuarta estaci\u00f3n, donde las sierras circulares cortan la tablilla, dividi\u00e9ndola en 14 clavos perfectamente formados. Finalmente, en la quinta estaci\u00f3n, los clavos se descargan autom\u00e1ticamente.     <\/p>\n","protected":false},"featured_media":19297,"comment_status":"closed","ping_status":"closed","template":"","meta":{"_acf_changed":false},"product_brand":[],"product_cat":[219,137],"product_tag":[],"class_list":{"0":"post-19284","1":"product","2":"type-product","3":"status-publish","4":"has-post-thumbnail","6":"product_cat-maquinas-especiales","7":"product_cat-maquinas-madera","8":"pa_applicazioni-tapas-y-discos-de-madera","10":"first","11":"instock","12":"shipping-taxable","13":"product-type-simple"},"acf":[],"_links":{"self":[{"href":"https:\/\/www.sibo.it\/es\/wp-json\/wp\/v2\/product\/19284","targetHints":{"allow":["GET"]}}],"collection":[{"href":"https:\/\/www.sibo.it\/es\/wp-json\/wp\/v2\/product"}],"about":[{"href":"https:\/\/www.sibo.it\/es\/wp-json\/wp\/v2\/types\/product"}],"replies":[{"embeddable":true,"href":"https:\/\/www.sibo.it\/es\/wp-json\/wp\/v2\/comments?post=19284"}],"version-history":[{"count":11,"href":"https:\/\/www.sibo.it\/es\/wp-json\/wp\/v2\/product\/19284\/revisions"}],"predecessor-version":[{"id":19737,"href":"https:\/\/www.sibo.it\/es\/wp-json\/wp\/v2\/product\/19284\/revisions\/19737"}],"wp:featuredmedia":[{"embeddable":true,"href":"https:\/\/www.sibo.it\/es\/wp-json\/wp\/v2\/media\/19297"}],"wp:attachment":[{"href":"https:\/\/www.sibo.it\/es\/wp-json\/wp\/v2\/media?parent=19284"}],"wp:term":[{"taxonomy":"product_brand","embeddable":true,"href":"https:\/\/www.sibo.it\/es\/wp-json\/wp\/v2\/product_brand?post=19284"},{"taxonomy":"product_cat","embeddable":true,"href":"https:\/\/www.sibo.it\/es\/wp-json\/wp\/v2\/product_cat?post=19284"},{"taxonomy":"product_tag","embeddable":true,"href":"https:\/\/www.sibo.it\/es\/wp-json\/wp\/v2\/product_tag?post=19284"}],"curies":[{"name":"wp","href":"https:\/\/api.w.org\/{rel}","templated":true}]}}