{"id":18442,"date":"2024-10-30T09:50:51","date_gmt":"2024-10-30T08:50:51","guid":{"rendered":"https:\/\/www.sibo.it\/?post_type=product&#038;p=18442"},"modified":"2024-12-07T15:45:33","modified_gmt":"2024-12-07T14:45:33","slug":"fet-30-copia-2","status":"publish","type":"product","link":"https:\/\/www.sibo.it\/es\/producto\/fet-30-copia-2\/","title":{"rendered":"BTM\/30 CNC"},"content":{"rendered":"\t\t<div data-elementor-type=\"product-post\" data-elementor-id=\"18442\" class=\"elementor elementor-18442 elementor-18437\" data-elementor-post-type=\"product\">\n\t\t\t\t<div class=\"elementor-element elementor-element-cf1f3ba e-con-full e-flex e-con e-parent\" data-id=\"cf1f3ba\" data-element_type=\"container\" data-e-type=\"container\">\r\n\t\t<div class=\"elementor-element elementor-element-6d430be e-con-full e-flex e-con e-child\" data-id=\"6d430be\" data-element_type=\"container\" data-e-type=\"container\">\r\n\t\t\t\t<div class=\"elementor-element elementor-element-ddd2f7f elementor-widget elementor-widget-text-editor\" data-id=\"ddd2f7f\" data-element_type=\"widget\" data-e-type=\"widget\" data-widget_type=\"text-editor.default\">\n\t\t\t\t<div class=\"elementor-widget-container\">\n\t\t\t\t\t\t\t\t\t<table border=\"0\" cellspacing=\"0\" cellpadding=\"0\"><tbody><tr><td><span style=\"font-size: 16px;\">di\u00e1metro max.<\/span><\/td><td><span style=\"font-size: 16px;\"><strong>30 mm.<\/strong><\/span><\/td><\/tr><tr><td><span style=\"font-size: 16px;\">di\u00e1metro min.<\/span><\/td><td><span style=\"font-size: 16px;\"><strong>5 mm.<\/strong><\/span><\/td><\/tr><tr><td><span style=\"font-size: 16px;\">longitud m\u00e1x. de trabajo<\/span><\/td><td><span style=\"font-size: 16px;\"><strong>2100 mm.<\/strong><\/span><\/td><\/tr><tr><td><span style=\"font-size: 16px;\">longitud min. de trabajo<\/span><\/td><td><span style=\"font-size: 16px;\"><strong>1100 mm.<\/strong><\/span><\/td><\/tr><tr><td><span style=\"font-size: 16px;\">production variable<\/span><\/td><td><span style=\"font-size: 16px;\"><strong>12000-18000 RPM<\/strong><\/span><\/td><\/tr><\/tbody><\/table><p style=\"text-align: left;\">\u00a0<\/p>\t\t\t\t\t\t\t\t<\/div>\n\t\t\t\t<\/div>\n\t\t\t\t<\/div>\n\t\t<div class=\"elementor-element elementor-element-8616444 e-con-full e-flex e-con e-child\" data-id=\"8616444\" data-element_type=\"container\" data-e-type=\"container\">\r\n\t\t\t\t<div class=\"elementor-element elementor-element-e1de2a1 elementor-widget elementor-widget-text-editor\" data-id=\"e1de2a1\" data-element_type=\"widget\" data-e-type=\"widget\" data-widget_type=\"text-editor.default\">\n\t\t\t\t<div class=\"elementor-widget-container\">\n\t\t\t\t\t\t\t\t\t<p><b>EJEMPLO DE NUESTRAS PRODUCIDAS<\/b><\/p>\n<p><img decoding=\"async\" class=\"alignnone size-medium wp-image-8951\" src=\"https:\/\/www.sibo.it\/wp-content\/uploads\/2023\/03\/Campioni-FET30-sito-300x150.jpg\" alt=\"\" width=\"300\" height=\"150\"><\/p>\n\t\t\t\t\t\t\t\t<\/div>\n\t\t\t\t<\/div>\n\t\t\t\t<\/div>\n\t\t\t\t<\/div>\n\t\t\t\t<\/div>\n\t\t","protected":false},"excerpt":{"rendered":"<p><strong>FILETEADORA AUTOM\u00c1TICA PARA BARRAS MODELO \u00abBTM\/30 CNC\u00bb<\/strong><\/p>\n<p>La <strong>BTM\/30<\/strong> es una m\u00e1quina de control num\u00e9rico dise\u00f1ada para el fileteado autom\u00e1tico de barras redondas en diferentes materiales, como <strong>madera, baquelita y pl\u00e1stico<\/strong>. Las barras a trabajar son colocadas por el operador en el cargador.<\/p>\n<p>Dos <strong>pinzas autocentrantes<\/strong> toman la barra y la cargan entre la punta y la contrapunta donde se fija. La barra comienza a girar, mientras que <strong>la fresa avanza seg\u00fan el paso establecido en el control num\u00e9rico (CNC)<\/strong>, ofreciendo una alta precisi\u00f3n para cada tipo de rosca. La velocidad de avance es ajustable, entre <strong>1 y 2 metros por minuto<\/strong>, para adaptarse a los requerimientos de cada rosca.<\/p>\n<p>Al final del ciclo, la barra trabajada se descarga autom\u00e1ticamente y una nueva barra se coloca inmediatamente para continuar con el siguiente ciclo. Este sistema permite una <strong>producci\u00f3n continua<\/strong> y simplifica el proceso, reduciendo los tiempos de inactividad y aumentando la productividad.<\/p>\n","protected":false},"featured_media":18491,"comment_status":"closed","ping_status":"closed","template":"","meta":{"_acf_changed":false},"product_brand":[],"product_cat":[137,213],"product_tag":[],"class_list":{"0":"post-18442","1":"product","2":"type-product","3":"status-publish","4":"has-post-thumbnail","6":"product_cat-maquinas-madera","7":"product_cat-taladradoras-roscadoras","8":"pa_applicazioni-maquinas-especiales","10":"first","11":"instock","12":"shipping-taxable","13":"product-type-simple"},"acf":[],"_links":{"self":[{"href":"https:\/\/www.sibo.it\/es\/wp-json\/wp\/v2\/product\/18442","targetHints":{"allow":["GET"]}}],"collection":[{"href":"https:\/\/www.sibo.it\/es\/wp-json\/wp\/v2\/product"}],"about":[{"href":"https:\/\/www.sibo.it\/es\/wp-json\/wp\/v2\/types\/product"}],"replies":[{"embeddable":true,"href":"https:\/\/www.sibo.it\/es\/wp-json\/wp\/v2\/comments?post=18442"}],"version-history":[{"count":6,"href":"https:\/\/www.sibo.it\/es\/wp-json\/wp\/v2\/product\/18442\/revisions"}],"predecessor-version":[{"id":18621,"href":"https:\/\/www.sibo.it\/es\/wp-json\/wp\/v2\/product\/18442\/revisions\/18621"}],"wp:featuredmedia":[{"embeddable":true,"href":"https:\/\/www.sibo.it\/es\/wp-json\/wp\/v2\/media\/18491"}],"wp:attachment":[{"href":"https:\/\/www.sibo.it\/es\/wp-json\/wp\/v2\/media?parent=18442"}],"wp:term":[{"taxonomy":"product_brand","embeddable":true,"href":"https:\/\/www.sibo.it\/es\/wp-json\/wp\/v2\/product_brand?post=18442"},{"taxonomy":"product_cat","embeddable":true,"href":"https:\/\/www.sibo.it\/es\/wp-json\/wp\/v2\/product_cat?post=18442"},{"taxonomy":"product_tag","embeddable":true,"href":"https:\/\/www.sibo.it\/es\/wp-json\/wp\/v2\/product_tag?post=18442"}],"curies":[{"name":"wp","href":"https:\/\/api.w.org\/{rel}","templated":true}]}}