{"id":17795,"date":"2024-06-18T09:14:49","date_gmt":"2024-06-18T08:14:49","guid":{"rendered":"https:\/\/www.sibo.it\/?post_type=product&#038;p=17795"},"modified":"2025-03-18T17:07:50","modified_gmt":"2025-03-18T16:07:50","slug":"mcd-280-cnc","status":"publish","type":"product","link":"https:\/\/www.sibo.it\/es\/producto\/mcd-280-cnc\/","title":{"rendered":"MCD\/280 CNC"},"content":{"rendered":"\t\t<div data-elementor-type=\"product-post\" data-elementor-id=\"17795\" class=\"elementor elementor-17795 elementor-17791\" data-elementor-post-type=\"product\">\n\t\t\t\t<div class=\"elementor-element elementor-element-cf1f3ba e-con-full e-flex e-con e-parent\" data-id=\"cf1f3ba\" data-element_type=\"container\" data-e-type=\"container\">\r\n\t\t<div class=\"elementor-element elementor-element-6d430be e-con-full e-flex e-con e-child\" data-id=\"6d430be\" data-element_type=\"container\" data-e-type=\"container\">\r\n\t\t\t\t<div class=\"elementor-element elementor-element-ddd2f7f elementor-widget elementor-widget-text-editor\" data-id=\"ddd2f7f\" data-element_type=\"widget\" data-e-type=\"widget\" data-widget_type=\"text-editor.default\">\n\t\t\t\t<div class=\"elementor-widget-container\">\n\t\t\t\t\t\t\t\t\t<table border=\"0\" cellspacing=\"0\" cellpadding=\"0\">\n<tbody>\n<tr>\n<td>longitud m\u00e1x. de trabajo<\/td>\n<td><strong>&nbsp;280&nbsp;mm.&nbsp;<\/strong><\/td>\n<\/tr>\n<tr>\n<td>longitud m\u00edn. de trabajo<\/td>\n<td><strong>&nbsp;40 mm.&nbsp;<\/strong><\/td>\n<\/tr>\n<tr>\n<td>longitud m\u00e0x. de barra<br><\/td>\n<td><span style=\"font-weight: 700; margin-bottom: 0px;\">825&nbsp;<\/span><strong>mm.&nbsp;<\/strong><\/td>\n<\/tr>\n<tr>\n<td>longitud min. de barra<br><\/td>\n<td><strong>300 mm.<\/strong><\/td>\n<\/tr>\n<\/tbody>\n<\/table>\n<p style=\"text-align: left;\"><b>&nbsp;<\/b><\/p>\n<p style=\"text-align: left;\"><br><\/p>\n<p style=\"text-align: left;\">\n<\/p>\t\t\t\t\t\t\t\t<\/div>\n\t\t\t\t<\/div>\n\t\t\t\t<\/div>\n\t\t<div class=\"elementor-element elementor-element-8616444 e-con-full e-flex e-con e-child\" data-id=\"8616444\" data-element_type=\"container\" data-e-type=\"container\">\r\n\t\t\t\t<div class=\"elementor-element elementor-element-e1de2a1 elementor-widget elementor-widget-text-editor\" data-id=\"e1de2a1\" data-element_type=\"widget\" data-e-type=\"widget\" data-widget_type=\"text-editor.default\">\n\t\t\t\t<div class=\"elementor-widget-container\">\n\t\t\t\t\t\t\t\t\t<p><b><img decoding=\"async\" class=\"alignnone size-medium wp-image-17814\" src=\"https:\/\/www.sibo.it\/wp-content\/uploads\/2024\/06\/Campioni-MCD-280-sito-300x150.jpg\" alt=\"\" width=\"300\" height=\"150\">EJEMPLO DE NUESTRAS PRODUCIDAS<\/b><\/p><\/p>\n\t\t\t\t\t\t\t\t<\/div>\n\t\t\t\t<\/div>\n\t\t\t\t<\/div>\n\t\t\t\t<\/div>\n\t\t\t\t<\/div>\n\t\t","protected":false},"excerpt":{"rendered":"<p><strong>M\u00c1QUINA CNC PARA FRESAR, CORTAR Y TALADRAR BLOQUES DE MADERA MODELO \u00abMCD\/280 CNC\u00bb<\/strong><\/p>\n<p>La MCD\/280 es una m\u00e1quina autom\u00e1tica CNC avanzada dise\u00f1ada para la producci\u00f3n de ladrillos y varios componentes para juguetes de madera. La m\u00e1quina est\u00e1 equipada con un CNC de 7 ejes y cuenta con un cargador, una unidad de corte, dos unidades de perforaci\u00f3n de m\u00faltiples husillos, 2 husillos verticales y tres agregados, cada uno con 3 husillos horizontales.<\/p>\n<p>El operador carga las barras en el cargador, apil\u00e1ndolas una encima de la otra. La barra inferior se empuja contra una placa de referencia y un carro CNC la introduce en la primera pinza, donde se sujeta y se corta a la longitud deseada, seg\u00fan el patr\u00f3n especificado.<\/p>\n<p>La primera pinza, controlada por tres ejes interpolantes, desplaza la pieza bajo las distintas unidades operativas, donde se mecaniza en las caras accesibles. Una vez finalizadas las operaciones, la pieza se transfiere a la segunda pinza, donde se completa. Una vez finalizado el mecanizado, la primera pinza vuelve a su posici\u00f3n inicial de trabajo para comenzar el nuevo ciclo. Esta configuraci\u00f3n permite que las dos pinzas trabajen simult\u00e1neamente en diferentes caras, acelerando el proceso de producci\u00f3n.<\/p>\n","protected":false},"featured_media":17806,"comment_status":"closed","ping_status":"closed","template":"","meta":{"_acf_changed":false},"product_brand":[],"product_cat":[214,219,137],"product_tag":[],"class_list":{"0":"post-17795","1":"product","2":"type-product","3":"status-publish","4":"has-post-thumbnail","6":"product_cat-fresadoras-cnc","7":"product_cat-maquinas-especiales","8":"product_cat-maquinas-madera","9":"pa_applicazioni-juguetes-de-madera","10":"pa_applicazioni-maquinas-especiales","12":"first","13":"instock","14":"shipping-taxable","15":"product-type-simple"},"acf":[],"_links":{"self":[{"href":"https:\/\/www.sibo.it\/es\/wp-json\/wp\/v2\/product\/17795","targetHints":{"allow":["GET"]}}],"collection":[{"href":"https:\/\/www.sibo.it\/es\/wp-json\/wp\/v2\/product"}],"about":[{"href":"https:\/\/www.sibo.it\/es\/wp-json\/wp\/v2\/types\/product"}],"replies":[{"embeddable":true,"href":"https:\/\/www.sibo.it\/es\/wp-json\/wp\/v2\/comments?post=17795"}],"version-history":[{"count":5,"href":"https:\/\/www.sibo.it\/es\/wp-json\/wp\/v2\/product\/17795\/revisions"}],"predecessor-version":[{"id":19563,"href":"https:\/\/www.sibo.it\/es\/wp-json\/wp\/v2\/product\/17795\/revisions\/19563"}],"wp:featuredmedia":[{"embeddable":true,"href":"https:\/\/www.sibo.it\/es\/wp-json\/wp\/v2\/media\/17806"}],"wp:attachment":[{"href":"https:\/\/www.sibo.it\/es\/wp-json\/wp\/v2\/media?parent=17795"}],"wp:term":[{"taxonomy":"product_brand","embeddable":true,"href":"https:\/\/www.sibo.it\/es\/wp-json\/wp\/v2\/product_brand?post=17795"},{"taxonomy":"product_cat","embeddable":true,"href":"https:\/\/www.sibo.it\/es\/wp-json\/wp\/v2\/product_cat?post=17795"},{"taxonomy":"product_tag","embeddable":true,"href":"https:\/\/www.sibo.it\/es\/wp-json\/wp\/v2\/product_tag?post=17795"}],"curies":[{"name":"wp","href":"https:\/\/api.w.org\/{rel}","templated":true}]}}