{"id":16987,"date":"2024-03-01T11:02:14","date_gmt":"2024-03-01T10:02:14","guid":{"rendered":"https:\/\/www.sibo.it\/?post_type=product&#038;p=16987"},"modified":"2024-03-21T16:32:57","modified_gmt":"2024-03-21T15:32:57","slug":"tsp","status":"publish","type":"product","link":"https:\/\/www.sibo.it\/es\/producto\/tsp\/","title":{"rendered":"TSP"},"content":{"rendered":"\t\t<div data-elementor-type=\"product-post\" data-elementor-id=\"16987\" class=\"elementor elementor-16987 elementor-16984\" data-elementor-post-type=\"product\">\n\t\t\t\t<div class=\"elementor-element elementor-element-cf1f3ba e-con-full e-flex e-con e-parent\" data-id=\"cf1f3ba\" data-element_type=\"container\" data-e-type=\"container\">\r\n\t\t<div class=\"elementor-element elementor-element-6d430be e-con-full e-flex e-con e-child\" data-id=\"6d430be\" data-element_type=\"container\" data-e-type=\"container\">\r\n\t\t\t\t<div class=\"elementor-element elementor-element-ddd2f7f elementor-widget elementor-widget-text-editor\" data-id=\"ddd2f7f\" data-element_type=\"widget\" data-e-type=\"widget\" data-widget_type=\"text-editor.default\">\n\t\t\t\t<div class=\"elementor-widget-container\">\n\t\t\t\t\t\t\t\t\t<\/p>\n<table border=\"0\" cellspacing=\"0\" cellpadding=\"0\">\n<tbody>\n<tr>\n<td>\n<table border=\"0\" cellspacing=\"0\" cellpadding=\"0\">\n<tbody>\n<tr>\n<td>longitud de trabajo m\u00e1x.<\/td>\n<td><strong>300 mm.<\/strong><\/td>\n<\/tr>\n<tr>\n<td>tama\u00f1o m\u00e1x.<\/td>\n<td><strong>30 mm.<\/strong><\/td>\n<\/tr>\n<tr>\n<td>tama\u00f1o min.<\/td>\n<td><strong>6 mm<\/strong><\/td>\n<\/tr>\n<\/tbody>\n<\/table>\n<\/td>\n<td> <\/td>\n<\/tr>\n<tr>\n<td> <\/td>\n<td><strong>.<\/strong><\/td>\n<\/tr>\n<\/tbody>\n<\/table>\n<p style=\"text-align: left;\"><b>ACCESORIOS<\/b><\/p>\n\t\t\t\t\t\t\t\t<\/div>\n\t\t\t\t<\/div>\n\t\t\t\t<\/div>\n\t\t<div class=\"elementor-element elementor-element-8616444 e-con-full e-flex e-con e-child\" data-id=\"8616444\" data-element_type=\"container\" data-e-type=\"container\">\r\n\t\t\t\t<div class=\"elementor-element elementor-element-e1de2a1 elementor-widget elementor-widget-text-editor\" data-id=\"e1de2a1\" data-element_type=\"widget\" data-e-type=\"widget\" data-widget_type=\"text-editor.default\">\n\t\t\t\t<div class=\"elementor-widget-container\">\n\t\t\t\t\t\t\t\t\t<p><b>EJEMPLO DE NUESTRAS PRODUCIDAS<\/b><\/p>\n<p><img decoding=\"async\" class=\"alignnone size-medium wp-image-8752\" src=\"https:\/\/www.sibo.it\/wp-content\/uploads\/2023\/03\/2TSP-CAMP-300x150.jpg\" alt=\"\" width=\"300\" height=\"150\"><\/p>\n\t\t\t\t\t\t\t\t<\/div>\n\t\t\t\t<\/div>\n\t\t\t\t<\/div>\n\t\t\t\t<\/div>\n\t\t\t\t<\/div>\n\t\t","protected":false},"excerpt":{"rendered":"<p><strong>CORTADORA NEUMATICA MODELO \u00abTSP\u00bb<\/strong><\/p>\n<p>Fresadora para rematar los extremos con perfil cil\u00edndrico, semiesf\u00e9rico y c\u00f3nico. Con esta m\u00e1quina es posible perforar agujeros, ejecutar espigas c\u00f3nicas y cil\u00edndricas, fresado redondo parcial en componentes como mangos de escoba, herramientas agr\u00edcolas, patas de sillas, etc.<br \/>\nLas piezas se colocan manualmente en el cargador, que carga una en el tornillo de banco neum\u00e1tico donde se sujeta. Dos cortadores, uno a cada lado, trabajan los extremos seg\u00fan el tipo de cortador montado. Cuando finaliza la operaci\u00f3n, se carga una nueva pieza y la mecanizada se descarga autom\u00e1ticamente.<\/p>\n<p>La m\u00e1quina puede ser equipada con los siguientes accesorios:<\/p>\n<p>&#8211; morsa auto centrada<br \/>\n&#8211; cargador<br \/>\n&#8211; herramienta de roscado interior<br \/>\n&#8211; herramienta de roscado exterior<br \/>\n&#8211; herramienta para encabezar medio redondo<br \/>\n-herramienta para realizar el agujero<\/p>\n<p><a href=\"https:\/\/www.sibo.it\/contact\/\"><br \/>\n<button style=\"background-color: #4caf50; border: none; color: white; padding: 10px; text-align: center; text-decoration: none; display: inline-block; font-size: 16px; cursor: pointer; margin: 4px 2px; border-radius: 5px;\">Cont\u00e1ctenos para m\u00e1s informaci\u00f3n<\/button><br \/>\n<\/a><\/p>\n","protected":false},"featured_media":17094,"comment_status":"closed","ping_status":"closed","template":"","meta":{"_acf_changed":false},"product_brand":[],"product_cat":[221,137,213],"product_tag":[],"class_list":{"0":"post-16987","1":"product","2":"type-product","3":"status-publish","4":"has-post-thumbnail","6":"product_cat-fresadoras-de-palo-redondo","7":"product_cat-maquinas-madera","8":"product_cat-taladradoras-roscadoras","9":"pa_applicazioni-cucharas-y-tenedores","10":"pa_applicazioni-palos-redondos","12":"first","13":"instock","14":"shipping-taxable","15":"product-type-simple"},"acf":[],"_links":{"self":[{"href":"https:\/\/www.sibo.it\/es\/wp-json\/wp\/v2\/product\/16987","targetHints":{"allow":["GET"]}}],"collection":[{"href":"https:\/\/www.sibo.it\/es\/wp-json\/wp\/v2\/product"}],"about":[{"href":"https:\/\/www.sibo.it\/es\/wp-json\/wp\/v2\/types\/product"}],"replies":[{"embeddable":true,"href":"https:\/\/www.sibo.it\/es\/wp-json\/wp\/v2\/comments?post=16987"}],"version-history":[{"count":4,"href":"https:\/\/www.sibo.it\/es\/wp-json\/wp\/v2\/product\/16987\/revisions"}],"predecessor-version":[{"id":17258,"href":"https:\/\/www.sibo.it\/es\/wp-json\/wp\/v2\/product\/16987\/revisions\/17258"}],"wp:featuredmedia":[{"embeddable":true,"href":"https:\/\/www.sibo.it\/es\/wp-json\/wp\/v2\/media\/17094"}],"wp:attachment":[{"href":"https:\/\/www.sibo.it\/es\/wp-json\/wp\/v2\/media?parent=16987"}],"wp:term":[{"taxonomy":"product_brand","embeddable":true,"href":"https:\/\/www.sibo.it\/es\/wp-json\/wp\/v2\/product_brand?post=16987"},{"taxonomy":"product_cat","embeddable":true,"href":"https:\/\/www.sibo.it\/es\/wp-json\/wp\/v2\/product_cat?post=16987"},{"taxonomy":"product_tag","embeddable":true,"href":"https:\/\/www.sibo.it\/es\/wp-json\/wp\/v2\/product_tag?post=16987"}],"curies":[{"name":"wp","href":"https:\/\/api.w.org\/{rel}","templated":true}]}}