{"id":15448,"date":"2024-01-22T11:27:31","date_gmt":"2024-01-22T10:27:31","guid":{"rendered":"https:\/\/www.sibo.it\/?post_type=product&#038;p=15448"},"modified":"2024-03-08T15:39:33","modified_gmt":"2024-03-08T14:39:33","slug":"4tf-1000-cnc","status":"publish","type":"product","link":"https:\/\/www.sibo.it\/es\/producto\/4tf-1000-cnc\/","title":{"rendered":"4TF\/1000 CNC"},"content":{"rendered":"\t\t<div data-elementor-type=\"product-post\" data-elementor-id=\"15448\" class=\"elementor elementor-15448 elementor-15446\" data-elementor-post-type=\"product\">\n\t\t\t\t<div class=\"elementor-element elementor-element-cf1f3ba e-con-full e-flex e-con e-parent\" data-id=\"cf1f3ba\" data-element_type=\"container\" data-e-type=\"container\">\r\n\t\t<div class=\"elementor-element elementor-element-6d430be e-con-full e-flex e-con e-child\" data-id=\"6d430be\" data-element_type=\"container\" data-e-type=\"container\">\r\n\t\t\t\t<div class=\"elementor-element elementor-element-ddd2f7f elementor-widget elementor-widget-text-editor\" data-id=\"ddd2f7f\" data-element_type=\"widget\" data-e-type=\"widget\" data-widget_type=\"text-editor.default\">\n\t\t\t\t<div class=\"elementor-widget-container\">\n\t\t\t\t\t\t\t\t\t<table width=\"633\">\n<tbody>\n<tr>\n<td>\n<p><span style=\"font-size: 16px;\">di\u00e1metro max.<\/span><\/p>\n<\/td>\n<td>\n<p><span style=\"font-size: 16px;\"><strong>80 mm.<\/strong><\/span><\/p>\n<\/td>\n<\/tr>\n<tr>\n<td>\n<p><span style=\"font-size: 16px;\">di\u00e1metro min.<\/span><\/p>\n<\/td>\n<td>\n<p><span style=\"font-size: 16px;\"><strong>20 mm.<\/strong><\/span><\/p>\n<\/td>\n<\/tr>\n<tr>\n<td>\n<p><span style=\"font-size: 16px;\">longitud m\u00e1x de trabajo<\/span><\/p>\n<\/td>\n<td>\n<p><span style=\"font-size: 16px;\"><strong>1000 mm.<\/strong><\/span><\/p>\n<\/td>\n<\/tr>\n<tr>\n<td>\n<p><span style=\"font-size: 16px;\">longitud min.<\/span><\/p>\n<\/td>\n<td>\n<p><span style=\"font-size: 16px;\"><strong>200 mm.<\/strong><\/span><\/p>\n<\/td>\n<\/tr>\n<tr>\n<td> <\/td>\n<td> <\/td>\n<\/tr>\n<\/tbody>\n<\/table>\n<p style=\"text-align: left;\">\n\t\t\t\t\t\t\t\t<\/div>\n\t\t\t\t<\/div>\n\t\t\t\t<\/div>\n\t\t<div class=\"elementor-element elementor-element-8616444 e-con-full e-flex e-con e-child\" data-id=\"8616444\" data-element_type=\"container\" data-e-type=\"container\">\r\n\t\t\t\t<div class=\"elementor-element elementor-element-e1de2a1 elementor-widget elementor-widget-text-editor\" data-id=\"e1de2a1\" data-element_type=\"widget\" data-e-type=\"widget\" data-widget_type=\"text-editor.default\">\n\t\t\t\t<div class=\"elementor-widget-container\">\n\t\t\t\t\t\t\t\t\t<p><b>EJEMPLO DE NUESTRAS PRODUCIDAS<\/b><\/p>\n<p><img fetchpriority=\"high\" decoding=\"async\" class=\"alignnone size-medium wp-image-15463\" src=\"https:\/\/www.sibo.it\/wp-content\/uploads\/2024\/01\/Campioni-4TF-1000-300x264.jpg\" alt=\"\" width=\"300\" height=\"264\"><\/p>\n\t\t\t\t\t\t\t\t<\/div>\n\t\t\t\t<\/div>\n\t\t\t\t<\/div>\n\t\t\t\t<\/div>\n\t\t\t\t<\/div>\n\t\t","protected":false},"excerpt":{"rendered":"<p><strong>TORNIO CNC MODELO \u00ab4TF\/1000\u00bb<\/strong><\/p>\n<p>El torno CNC 4TF\/1000 se destaca en el campo del fresado, revolucionando la productividad con su capacidad para trabajar cuatro piezas simult\u00e1neamente. Gracias a su avanzada tecnolog\u00eda de control num\u00e9rico (CNC), elimina la necesidad de plantillas tradicionales, allanando el camino para un proceso de producci\u00f3n m\u00e1s r\u00e1pido, eficiente y preciso.<\/p>\n<p><strong>La m\u00e1quina es adecuada para mecanizar mangos de martillo, mangos de pico, mangos de hacha y patas de silla.<\/strong><\/p>\n<p>Est\u00e1 equipado con ocho electrohusillos, cuatro de los cuales est\u00e1n dedicados a las fresas de desbaste que dan forma r\u00e1pidamente a las piezas, mientras que los otros cuatro est\u00e1n reservados para las fresas de acabado, perfeccionando cada superficie. La caracter\u00edstica operativa de este torno se extiende a\u00fan m\u00e1s gracias a los cuatro ejes interpolados, que permiten trabajar las piezas desde 2 \u00e1ngulos, tanto lateralmente como desde arriba, expandiendo enormemente la versatilidad y la precisi\u00f3n de los posibles trabajos.<\/p>\n<p>Esta configuraci\u00f3n avanzada no solo garantiza partes mec\u00e1nicas perfectas en cada ciclo de procesamiento, sino que tambi\u00e9n reduce significativamente, o en algunos casos elimina por completo, la necesidad de intervenciones manuales de acabado como el lijado. Esto significa superficies m\u00e1s lisas, tolerancias m\u00e1s ajustadas y una calidad del producto final que se destaca en el mercado.<\/p>\n<p><a href=\"https:\/\/www.sibo.it\/contact\/\"><br \/>\n<button style=\"background-color: #4caf50; border: none; color: white; padding: 10px; text-align: center; text-decoration: none; display: inline-block; font-size: 16px; cursor: pointer; margin: 4px 2px; border-radius: 5px;\">Cont\u00e1ctenos para m\u00e1s informaci\u00f3n<\/button><br \/>\n<\/a><\/p>\n","protected":false},"featured_media":15458,"comment_status":"closed","ping_status":"closed","template":"","meta":{"_acf_changed":false},"product_brand":[],"product_cat":[219,137],"product_tag":[],"class_list":{"0":"post-15448","1":"product","2":"type-product","3":"status-publish","4":"has-post-thumbnail","6":"product_cat-maquinas-especiales","7":"product_cat-maquinas-madera","8":"pa_applicazioni-mangos-de-martillos","9":"pa_applicazioni-mangos-de-picos","11":"first","12":"instock","13":"shipping-taxable","14":"product-type-simple"},"acf":[],"_links":{"self":[{"href":"https:\/\/www.sibo.it\/es\/wp-json\/wp\/v2\/product\/15448","targetHints":{"allow":["GET"]}}],"collection":[{"href":"https:\/\/www.sibo.it\/es\/wp-json\/wp\/v2\/product"}],"about":[{"href":"https:\/\/www.sibo.it\/es\/wp-json\/wp\/v2\/types\/product"}],"replies":[{"embeddable":true,"href":"https:\/\/www.sibo.it\/es\/wp-json\/wp\/v2\/comments?post=15448"}],"version-history":[{"count":13,"href":"https:\/\/www.sibo.it\/es\/wp-json\/wp\/v2\/product\/15448\/revisions"}],"predecessor-version":[{"id":17033,"href":"https:\/\/www.sibo.it\/es\/wp-json\/wp\/v2\/product\/15448\/revisions\/17033"}],"wp:featuredmedia":[{"embeddable":true,"href":"https:\/\/www.sibo.it\/es\/wp-json\/wp\/v2\/media\/15458"}],"wp:attachment":[{"href":"https:\/\/www.sibo.it\/es\/wp-json\/wp\/v2\/media?parent=15448"}],"wp:term":[{"taxonomy":"product_brand","embeddable":true,"href":"https:\/\/www.sibo.it\/es\/wp-json\/wp\/v2\/product_brand?post=15448"},{"taxonomy":"product_cat","embeddable":true,"href":"https:\/\/www.sibo.it\/es\/wp-json\/wp\/v2\/product_cat?post=15448"},{"taxonomy":"product_tag","embeddable":true,"href":"https:\/\/www.sibo.it\/es\/wp-json\/wp\/v2\/product_tag?post=15448"}],"curies":[{"name":"wp","href":"https:\/\/api.w.org\/{rel}","templated":true}]}}