{"id":14042,"date":"2023-08-09T17:44:56","date_gmt":"2023-08-09T16:44:56","guid":{"rendered":"https:\/\/www.sibo.it\/prodotto\/tau-30\/"},"modified":"2024-01-24T10:55:14","modified_gmt":"2024-01-24T09:55:14","slug":"tau-30","status":"publish","type":"product","link":"https:\/\/www.sibo.it\/es\/producto\/tau-30\/","title":{"rendered":"TAU\/30"},"content":{"rendered":"\t\t<div data-elementor-type=\"product-post\" data-elementor-id=\"14042\" class=\"elementor elementor-14042 elementor-10514\" data-elementor-post-type=\"product\">\n\t\t\t\t<div class=\"elementor-element elementor-element-cf1f3ba e-con-full e-flex e-con e-parent\" data-id=\"cf1f3ba\" data-element_type=\"container\" data-e-type=\"container\">\r\n\t\t<div class=\"elementor-element elementor-element-6d430be e-con-full e-flex e-con e-parent\" data-id=\"6d430be\" data-element_type=\"container\" data-e-type=\"container\">\r\n\t\t\t\t<div class=\"elementor-element elementor-element-ddd2f7f elementor-widget elementor-widget-text-editor\" data-id=\"ddd2f7f\" data-element_type=\"widget\" data-e-type=\"widget\" data-widget_type=\"text-editor.default\">\n\t\t\t\t<div class=\"elementor-widget-container\">\n\t\t\t\t\t\t\t\t\t<table border=\"0\" cellspacing=\"0\" cellpadding=\"0\">\n<tbody>\n<tr>\n<td>di\u00e1metro min.<\/td>\n<td><strong>10 mm.<\/strong><\/td>\n<\/tr>\n<tr>\n<td>di\u00e1metro m\u00e1x.<\/td>\n<td><strong>30 mm.<\/strong><\/td>\n<\/tr>\n<tr>\n<td>longitud m\u00edn.<\/td>\n<td><strong>280 mm.<\/strong><\/td>\n<\/tr>\n<tr>\n<td>longitud m\u00e1x. <\/td>\n<td><strong>illimitado<\/strong><\/td>\n<\/tr>\n<tr>\n<td>producci\u00f3n variable<\/td>\n<td><strong>4-15 mt.\/min.<\/strong><\/td>\n<\/tr>\n<\/tbody>\n<\/table>\n<p style=\"text-align: left;\"><b>ACCESORIOS<\/b><\/p>\n<p style=\"text-align: left;\">\n\t\t\t\t\t\t\t\t<\/div>\n\t\t\t\t<\/div>\n\t\t\t\t<\/div>\n\t\t<div class=\"elementor-element elementor-element-8616444 e-con-full e-flex e-con e-parent\" data-id=\"8616444\" data-element_type=\"container\" data-e-type=\"container\">\r\n\t\t\t\t<div class=\"elementor-element elementor-element-e1de2a1 elementor-widget elementor-widget-text-editor\" data-id=\"e1de2a1\" data-element_type=\"widget\" data-e-type=\"widget\" data-widget_type=\"text-editor.default\">\n\t\t\t\t<div class=\"elementor-widget-container\">\n\t\t\t\t\t\t\t\t\t<p><b>EJEMPLO DE NUESTRAS PRODUCIDAS<\/b><\/p>\n<p><img decoding=\"async\" class=\"alignnone size-medium wp-image-8621\" src=\"https:\/\/www.sibo.it\/wp-content\/uploads\/2023\/03\/TAU60-camp-300x150.jpg\" alt=\"\" width=\"300\" height=\"150\"><\/p>\n\t\t\t\t\t\t\t\t<\/div>\n\t\t\t\t<\/div>\n\t\t\t\t<\/div>\n\t\t\t\t<\/div>\n\t\t\t\t<\/div>\n\t\t","protected":false},"excerpt":{"rendered":"<p><strong>FRESADORA DE PALO REDONDO MODELO \u00abTAU\/30\u00bb<\/strong><\/p>\n<p>M\u00e1quina autom\u00e1tica para trafilar bastones rectos a secci\u00f3n cil\u00edndrica con di\u00e1metro constante. Con questa macchina si possono lavorare manici da scopa, rastrello, parasole, tenda, componenti per sedia, tavoli e letti. Es utilizada inclusive, en el trabajo de bastones de rat\u00e1n, bamb\u00fa, grafito, pl\u00e1stico, tales como plexigl\u00e1s, el celuloide, etc.<\/p>\n<p><span style=\"font-size: 16px;\"><strong>La m\u00e1quina puede ser equipada con los siguientes accesorios:<\/strong><\/span><\/p>\n<ul>\n<li><span style=\"font-size: 16px;\">cargador neum\u00e1tico para piezas de longitud de hasta 2000 mm.<\/span><\/li>\n<li><span style=\"font-size: 16px;\">cabezal para cizallar varillas trafiladas de \u00f8 8-10-12 mm.<\/span><\/li>\n<li><span style=\"font-size: 16px;\">afilador motorizado<\/span><\/li>\n<\/ul>\n","protected":false},"featured_media":8702,"comment_status":"closed","ping_status":"closed","template":"","meta":{"_acf_changed":false},"product_brand":[],"product_cat":[221,137],"product_tag":[],"class_list":{"0":"post-14042","1":"product","2":"type-product","3":"status-publish","4":"has-post-thumbnail","6":"product_cat-fresadoras-de-palo-redondo","7":"product_cat-maquinas-madera","8":"pa_applicazioni-palos-redondos","10":"first","11":"instock","12":"shipping-taxable","13":"product-type-simple"},"acf":[],"_links":{"self":[{"href":"https:\/\/www.sibo.it\/es\/wp-json\/wp\/v2\/product\/14042","targetHints":{"allow":["GET"]}}],"collection":[{"href":"https:\/\/www.sibo.it\/es\/wp-json\/wp\/v2\/product"}],"about":[{"href":"https:\/\/www.sibo.it\/es\/wp-json\/wp\/v2\/types\/product"}],"replies":[{"embeddable":true,"href":"https:\/\/www.sibo.it\/es\/wp-json\/wp\/v2\/comments?post=14042"}],"version-history":[{"count":2,"href":"https:\/\/www.sibo.it\/es\/wp-json\/wp\/v2\/product\/14042\/revisions"}],"predecessor-version":[{"id":15705,"href":"https:\/\/www.sibo.it\/es\/wp-json\/wp\/v2\/product\/14042\/revisions\/15705"}],"wp:featuredmedia":[{"embeddable":true,"href":"https:\/\/www.sibo.it\/es\/wp-json\/wp\/v2\/media\/8702"}],"wp:attachment":[{"href":"https:\/\/www.sibo.it\/es\/wp-json\/wp\/v2\/media?parent=14042"}],"wp:term":[{"taxonomy":"product_brand","embeddable":true,"href":"https:\/\/www.sibo.it\/es\/wp-json\/wp\/v2\/product_brand?post=14042"},{"taxonomy":"product_cat","embeddable":true,"href":"https:\/\/www.sibo.it\/es\/wp-json\/wp\/v2\/product_cat?post=14042"},{"taxonomy":"product_tag","embeddable":true,"href":"https:\/\/www.sibo.it\/es\/wp-json\/wp\/v2\/product_tag?post=14042"}],"curies":[{"name":"wp","href":"https:\/\/api.w.org\/{rel}","templated":true}]}}