{"id":14004,"date":"2023-08-10T07:42:07","date_gmt":"2023-08-10T06:42:07","guid":{"rendered":"https:\/\/www.sibo.it\/prodotto\/2f-f\/"},"modified":"2024-01-24T17:34:04","modified_gmt":"2024-01-24T16:34:04","slug":"2f-f","status":"publish","type":"product","link":"https:\/\/www.sibo.it\/es\/producto\/2f-f\/","title":{"rendered":"2F\/F"},"content":{"rendered":"\t\t<div data-elementor-type=\"product-post\" data-elementor-id=\"14004\" class=\"elementor elementor-14004 elementor-10543\" data-elementor-post-type=\"product\">\n\t\t\t\t<div class=\"elementor-element elementor-element-cf1f3ba e-con-full e-flex e-con e-parent\" data-id=\"cf1f3ba\" data-element_type=\"container\" data-e-type=\"container\">\r\n\t\t<div class=\"elementor-element elementor-element-6d430be e-con-full e-flex e-con e-child\" data-id=\"6d430be\" data-element_type=\"container\" data-e-type=\"container\">\r\n\t\t\t\t<div class=\"elementor-element elementor-element-ddd2f7f elementor-widget elementor-widget-text-editor\" data-id=\"ddd2f7f\" data-element_type=\"widget\" data-e-type=\"widget\" data-widget_type=\"text-editor.default\">\n\t\t\t\t<div class=\"elementor-widget-container\">\n\t\t\t\t\t\t\t\t\t<table border=\"0\" cellspacing=\"0\" cellpadding=\"0\">\n<tbody>\n<tr>\n<td><span style=\"font-size: 16px;\">ancho m\u00e1x.<\/span><\/td>\n<td><span style=\"font-size: 16px;\"><strong>45 mm.<\/strong><\/span><\/td>\n<\/tr>\n<tr>\n<td><span style=\"font-size: 16px;\">longitud min.<\/span><\/td>\n<td><span style=\"font-size: 16px;\"><strong>&nbsp;150 mm.<\/strong><\/span><\/td>\n<\/tr>\n<tr>\n<td><span style=\"font-size: 16px;\">producci\u00f3n variable&nbsp;<\/span><\/td>\n<td><span style=\"font-size: 16px;\"><strong>120\u00f7140 pz.\/h.<\/strong><\/span><\/td>\n<\/tr>\n<\/tbody>\n<\/table>\n<p style=\"text-align: left;\">\n<\/p>\t\t\t\t\t\t\t\t<\/div>\n\t\t\t\t<\/div>\n\t\t\t\t<\/div>\n\t\t<div class=\"elementor-element elementor-element-8616444 e-con-full e-flex e-con e-child\" data-id=\"8616444\" data-element_type=\"container\" data-e-type=\"container\">\r\n\t\t\t\t<div class=\"elementor-element elementor-element-e1de2a1 elementor-widget elementor-widget-text-editor\" data-id=\"e1de2a1\" data-element_type=\"widget\" data-e-type=\"widget\" data-widget_type=\"text-editor.default\">\n\t\t\t\t<div class=\"elementor-widget-container\">\n\t\t\t\t\t\t\t\t\t<p><b> EJEMPLO DE NUESTRAS PRODUCIDAS<\/b><\/p>\n<p><img decoding=\"async\" class=\"alignnone size-medium wp-image-8779\" src=\"https:\/\/www.sibo.it\/wp-content\/uploads\/2023\/03\/Campioni-2F-F-e-CA1T-300x150.jpg\" alt=\"\" width=\"300\" height=\"150\"><\/p>\n\t\t\t\t\t\t\t\t<\/div>\n\t\t\t\t<\/div>\n\t\t\t\t<\/div>\n\t\t\t\t<\/div>\n\t\t\t\t<\/div>\n\t\t","protected":false},"excerpt":{"rendered":"<p><strong>TALADRADORA FRESADORA AUTOM\u00c1TICA MODELO \u00ab2F\/F\u00bb<\/strong><\/p>\n<p>M\u00e1quina autom\u00e1tica apta para taladrar y rebajar sobre mangos de madera. Las piezas se colocan manualmente en el cargador, que carga una pieza a la vez en la posici\u00f3n de trabajo donde se bloquea. En este punto se realiza el taladrado en varias pasadas y luego la fresa realiza la reducci\u00f3n semicircular. Al final del ciclo, las piezas se descargan autom\u00e1ticamente, mientras que autom\u00e1ticamente se cargar\u00e1 una nueva pieza y el ciclo comenzar\u00e1 de nuevo.<\/p>\n","protected":false},"featured_media":8778,"comment_status":"closed","ping_status":"closed","template":"","meta":{"_acf_changed":false},"product_brand":[],"product_cat":[137,213],"product_tag":[],"class_list":{"0":"post-14004","1":"product","2":"type-product","3":"status-publish","4":"has-post-thumbnail","6":"product_cat-maquinas-madera","7":"product_cat-taladradoras-roscadoras","8":"pa_applicazioni-mangos-de-cuchillos","9":"pa_applicazioni-pinceles-ovales","10":"pa_applicazioni-pinceles-planos","11":"pa_applicazioni-pinceles-redondos","13":"first","14":"instock","15":"shipping-taxable","16":"product-type-simple"},"acf":[],"_links":{"self":[{"href":"https:\/\/www.sibo.it\/es\/wp-json\/wp\/v2\/product\/14004","targetHints":{"allow":["GET"]}}],"collection":[{"href":"https:\/\/www.sibo.it\/es\/wp-json\/wp\/v2\/product"}],"about":[{"href":"https:\/\/www.sibo.it\/es\/wp-json\/wp\/v2\/types\/product"}],"replies":[{"embeddable":true,"href":"https:\/\/www.sibo.it\/es\/wp-json\/wp\/v2\/comments?post=14004"}],"version-history":[{"count":2,"href":"https:\/\/www.sibo.it\/es\/wp-json\/wp\/v2\/product\/14004\/revisions"}],"predecessor-version":[{"id":15886,"href":"https:\/\/www.sibo.it\/es\/wp-json\/wp\/v2\/product\/14004\/revisions\/15886"}],"wp:featuredmedia":[{"embeddable":true,"href":"https:\/\/www.sibo.it\/es\/wp-json\/wp\/v2\/media\/8778"}],"wp:attachment":[{"href":"https:\/\/www.sibo.it\/es\/wp-json\/wp\/v2\/media?parent=14004"}],"wp:term":[{"taxonomy":"product_brand","embeddable":true,"href":"https:\/\/www.sibo.it\/es\/wp-json\/wp\/v2\/product_brand?post=14004"},{"taxonomy":"product_cat","embeddable":true,"href":"https:\/\/www.sibo.it\/es\/wp-json\/wp\/v2\/product_cat?post=14004"},{"taxonomy":"product_tag","embeddable":true,"href":"https:\/\/www.sibo.it\/es\/wp-json\/wp\/v2\/product_tag?post=14004"}],"curies":[{"name":"wp","href":"https:\/\/api.w.org\/{rel}","templated":true}]}}