{"id":13994,"date":"2023-08-10T07:50:38","date_gmt":"2023-08-10T06:50:38","guid":{"rendered":"https:\/\/www.sibo.it\/prodotto\/fft-60\/"},"modified":"2025-03-18T09:07:28","modified_gmt":"2025-03-18T08:07:28","slug":"fft-60","status":"publish","type":"product","link":"https:\/\/www.sibo.it\/es\/producto\/fft-60\/","title":{"rendered":"FFT\/60"},"content":{"rendered":"\t\t<div data-elementor-type=\"product-post\" data-elementor-id=\"13994\" class=\"elementor elementor-13994 elementor-10549\" data-elementor-post-type=\"product\">\n\t\t\t\t<div class=\"elementor-element elementor-element-cf1f3ba e-con-full e-flex e-con e-parent\" data-id=\"cf1f3ba\" data-element_type=\"container\" data-e-type=\"container\">\r\n\t\t<div class=\"elementor-element elementor-element-6d430be e-con-full e-flex e-con e-child\" data-id=\"6d430be\" data-element_type=\"container\" data-e-type=\"container\">\r\n\t\t\t\t<div class=\"elementor-element elementor-element-ddd2f7f elementor-widget elementor-widget-text-editor\" data-id=\"ddd2f7f\" data-element_type=\"widget\" data-e-type=\"widget\" data-widget_type=\"text-editor.default\">\n\t\t\t\t<div class=\"elementor-widget-container\">\n\t\t\t\t\t\t\t\t\t<table border=\"0\" cellspacing=\"0\" cellpadding=\"0\"><tbody><tr><td>di\u00e1metro m\u00e1x.<\/td><td><strong>60 mm.<\/strong><\/td><\/tr><tr><td>di\u00e1metro min.<\/td><td><strong>20 mm.<\/strong><\/td><\/tr><tr><td>longitud m\u00e1x.<\/td><td><strong>30 mm.<\/strong><\/td><\/tr><tr><td>producci\u00f3n variable<\/td><td><strong>400\u00f7600 pz.\/h.<\/strong><\/td><\/tr><\/tbody><\/table><p style=\"text-align: left;\"><b>\u00a0 \u00a0ACCESORIOS<\/b><\/p><p style=\"text-align: left;\">\u00a0<\/p>\t\t\t\t\t\t\t\t<\/div>\n\t\t\t\t<\/div>\n\t\t\t\t<\/div>\n\t\t<div class=\"elementor-element elementor-element-8616444 e-con-full e-flex e-con e-child\" data-id=\"8616444\" data-element_type=\"container\" data-e-type=\"container\">\r\n\t\t\t\t<div class=\"elementor-element elementor-element-e1de2a1 elementor-widget elementor-widget-text-editor\" data-id=\"e1de2a1\" data-element_type=\"widget\" data-e-type=\"widget\" data-widget_type=\"text-editor.default\">\n\t\t\t\t<div class=\"elementor-widget-container\">\n\t\t\t\t\t\t\t\t\t<p><b>\u00a0 \u00a0 \u00a0 \u00a0 \u00a0 \u00a0 \u00a0 \u00a0 \u00a0 \u00a0EJEMPLO DE NUESTRAS PRODUCIDAS<\/b><\/p><p><img decoding=\"async\" class=\"alignnone size-medium wp-image-10551\" src=\"https:\/\/www.sibo.it\/wp-content\/uploads\/2023\/08\/CAMP-FFT-60-300x150.jpg\" alt=\"\" width=\"300\" height=\"150\" \/><\/p>\t\t\t\t\t\t\t\t<\/div>\n\t\t\t\t<\/div>\n\t\t\t\t<\/div>\n\t\t\t\t<\/div>\n\t\t\t\t<\/div>\n\t\t","protected":false},"excerpt":{"rendered":"<p><strong>TALADRADORA ROSCADORA AUTOM\u00c1TICA PARA TAPONES DE MADERA MODELO \u00abFFT\/60\u00bb<\/strong><\/p>\n<p>Esta m\u00e1quina es apta para realizar autom\u00e1ticamente el taladrado y roscado en la parte frontal y el taladro para la cuerda en la parte superior,de las tapas de madera. La m\u00e1quina est\u00e1 equipada con un cargador autom\u00e1tico y una mesa giratoria de alta precisi\u00f3n con 4 posiciones de trabajo. En la primera posici\u00f3n se carga la pieza mediante un cargador vertical. En la segunda posici\u00f3n, se realiza, al mismo tiempo, el taladrado en el frente y en la parte superior del tap\u00f3n. En la tercera posici\u00f3n se realiza el roscado. En la cuarta posici\u00f3n la pieza se descarga autom\u00e1ticamente.<\/p>\n","protected":false},"featured_media":8805,"comment_status":"closed","ping_status":"closed","template":"","meta":{"_acf_changed":false},"product_brand":[],"product_cat":[137,213],"product_tag":[],"class_list":{"0":"post-13994","1":"product","2":"type-product","3":"status-publish","4":"has-post-thumbnail","6":"product_cat-maquinas-madera","7":"product_cat-taladradoras-roscadoras","8":"pa_applicazioni-tapas-y-discos-de-madera","10":"first","11":"instock","12":"shipping-taxable","13":"product-type-simple"},"acf":[],"_links":{"self":[{"href":"https:\/\/www.sibo.it\/es\/wp-json\/wp\/v2\/product\/13994","targetHints":{"allow":["GET"]}}],"collection":[{"href":"https:\/\/www.sibo.it\/es\/wp-json\/wp\/v2\/product"}],"about":[{"href":"https:\/\/www.sibo.it\/es\/wp-json\/wp\/v2\/types\/product"}],"replies":[{"embeddable":true,"href":"https:\/\/www.sibo.it\/es\/wp-json\/wp\/v2\/comments?post=13994"}],"version-history":[{"count":5,"href":"https:\/\/www.sibo.it\/es\/wp-json\/wp\/v2\/product\/13994\/revisions"}],"predecessor-version":[{"id":19414,"href":"https:\/\/www.sibo.it\/es\/wp-json\/wp\/v2\/product\/13994\/revisions\/19414"}],"wp:featuredmedia":[{"embeddable":true,"href":"https:\/\/www.sibo.it\/es\/wp-json\/wp\/v2\/media\/8805"}],"wp:attachment":[{"href":"https:\/\/www.sibo.it\/es\/wp-json\/wp\/v2\/media?parent=13994"}],"wp:term":[{"taxonomy":"product_brand","embeddable":true,"href":"https:\/\/www.sibo.it\/es\/wp-json\/wp\/v2\/product_brand?post=13994"},{"taxonomy":"product_cat","embeddable":true,"href":"https:\/\/www.sibo.it\/es\/wp-json\/wp\/v2\/product_cat?post=13994"},{"taxonomy":"product_tag","embeddable":true,"href":"https:\/\/www.sibo.it\/es\/wp-json\/wp\/v2\/product_tag?post=13994"}],"curies":[{"name":"wp","href":"https:\/\/api.w.org\/{rel}","templated":true}]}}