{"id":13889,"date":"2023-08-10T10:04:13","date_gmt":"2023-08-10T09:04:13","guid":{"rendered":"https:\/\/www.sibo.it\/prodotto\/2f-c\/"},"modified":"2024-01-24T16:54:26","modified_gmt":"2024-01-24T15:54:26","slug":"2f-c","status":"publish","type":"product","link":"https:\/\/www.sibo.it\/es\/producto\/2f-c\/","title":{"rendered":"2F\/C"},"content":{"rendered":"\t\t<div data-elementor-type=\"product-post\" data-elementor-id=\"13889\" class=\"elementor elementor-13889 elementor-10600\" data-elementor-post-type=\"product\">\n\t\t\t\t<div class=\"elementor-element elementor-element-cf1f3ba e-con-full e-flex e-con e-parent\" data-id=\"cf1f3ba\" data-element_type=\"container\" data-e-type=\"container\">\r\n\t\t<div class=\"elementor-element elementor-element-6d430be e-con-full e-flex e-con e-child\" data-id=\"6d430be\" data-element_type=\"container\" data-e-type=\"container\">\r\n\t\t\t\t<div class=\"elementor-element elementor-element-ddd2f7f elementor-widget elementor-widget-text-editor\" data-id=\"ddd2f7f\" data-element_type=\"widget\" data-e-type=\"widget\" data-widget_type=\"text-editor.default\">\n\t\t\t\t<div class=\"elementor-widget-container\">\n\t\t\t\t\t\t\t\t\t<table border=\"0\" cellspacing=\"0\" cellpadding=\"0\">\n<tbody>\n<tr>\n<td>\n<table border=\"0\" cellspacing=\"0\" cellpadding=\"0\">\n<tbody>\n<tr>\n<td><span style=\"font-size: 16px;\">ancho m\u00e1x.<\/span><\/td>\n<td><span style=\"font-size: 16px;\"><strong>40 mm.<\/strong><\/span><\/td>\n<\/tr>\n<tr>\n<td><span style=\"font-size: 16px;\">longitud m\u00e1x.<\/span><\/td>\n<td><span style=\"font-size: 16px;\"><strong>200 mm.<\/strong><\/span><\/td>\n<\/tr>\n<tr>\n<td><span style=\"font-size: 16px;\">producci\u00f3n variable <\/span><\/td>\n<td><span style=\"font-size: 16px;\"><strong>500\u00f7700 pz.\/h.<\/strong><\/span><\/td>\n<\/tr>\n<\/tbody>\n<\/table>\n<\/td>\n<td> <\/td>\n<\/tr>\n<tr>\n<td> <\/td>\n<td><span style=\"font-size: 16px;\"><strong>.<\/strong><\/span><\/td>\n<\/tr>\n<\/tbody>\n<\/table>\n<p style=\"text-align: left;\">\n<p style=\"text-align: left;\">\n\t\t\t\t\t\t\t\t<\/div>\n\t\t\t\t<\/div>\n\t\t\t\t<\/div>\n\t\t<div class=\"elementor-element elementor-element-8616444 e-con-full e-flex e-con e-child\" data-id=\"8616444\" data-element_type=\"container\" data-e-type=\"container\">\r\n\t\t\t\t<div class=\"elementor-element elementor-element-e1de2a1 elementor-widget elementor-widget-text-editor\" data-id=\"e1de2a1\" data-element_type=\"widget\" data-e-type=\"widget\" data-widget_type=\"text-editor.default\">\n\t\t\t\t<div class=\"elementor-widget-container\">\n\t\t\t\t\t\t\t\t\t<p><b>EJEMPLO DE NUESTRAS PRODUCIDAS<\/b><\/p>\n<p><img decoding=\"async\" class=\"alignnone size-medium wp-image-8933\" src=\"https:\/\/www.sibo.it\/wp-content\/uploads\/2023\/03\/samples-2FC-300x150.jpg\" alt=\"\" width=\"300\" height=\"150\"><\/p>\n\t\t\t\t\t\t\t\t<\/div>\n\t\t\t\t<\/div>\n\t\t\t\t<\/div>\n\t\t\t\t<\/div>\n\t\t\t\t<\/div>\n\t\t","protected":false},"excerpt":{"rendered":"<p><strong>TALADRADORA AUTOM\u00c1TICA MODELO \u00ab2F\/C\u00bb<\/strong><\/p>\n<p>Traladradora autom\u00e1tica para taladrar al mismo tiempo agujeros avellanados en ambos lados de los mangos de las cuchillas. La m\u00e1quina est\u00e1 equipada con cargador autom\u00e1tico.<\/p>\n","protected":false},"featured_media":8778,"comment_status":"closed","ping_status":"closed","template":"","meta":{"_acf_changed":false},"product_brand":[],"product_cat":[137,213],"product_tag":[],"class_list":{"0":"post-13889","1":"product","2":"type-product","3":"status-publish","4":"has-post-thumbnail","6":"product_cat-maquinas-madera","7":"product_cat-taladradoras-roscadoras","8":"pa_applicazioni-mangos-de-cuchillos","9":"pa_applicazioni-pinceles-ovales","10":"pa_applicazioni-pinceles-planos","11":"pa_applicazioni-pinceles-redondos","13":"first","14":"instock","15":"shipping-taxable","16":"product-type-simple"},"acf":[],"_links":{"self":[{"href":"https:\/\/www.sibo.it\/es\/wp-json\/wp\/v2\/product\/13889","targetHints":{"allow":["GET"]}}],"collection":[{"href":"https:\/\/www.sibo.it\/es\/wp-json\/wp\/v2\/product"}],"about":[{"href":"https:\/\/www.sibo.it\/es\/wp-json\/wp\/v2\/types\/product"}],"replies":[{"embeddable":true,"href":"https:\/\/www.sibo.it\/es\/wp-json\/wp\/v2\/comments?post=13889"}],"version-history":[{"count":2,"href":"https:\/\/www.sibo.it\/es\/wp-json\/wp\/v2\/product\/13889\/revisions"}],"predecessor-version":[{"id":15862,"href":"https:\/\/www.sibo.it\/es\/wp-json\/wp\/v2\/product\/13889\/revisions\/15862"}],"wp:featuredmedia":[{"embeddable":true,"href":"https:\/\/www.sibo.it\/es\/wp-json\/wp\/v2\/media\/8778"}],"wp:attachment":[{"href":"https:\/\/www.sibo.it\/es\/wp-json\/wp\/v2\/media?parent=13889"}],"wp:term":[{"taxonomy":"product_brand","embeddable":true,"href":"https:\/\/www.sibo.it\/es\/wp-json\/wp\/v2\/product_brand?post=13889"},{"taxonomy":"product_cat","embeddable":true,"href":"https:\/\/www.sibo.it\/es\/wp-json\/wp\/v2\/product_cat?post=13889"},{"taxonomy":"product_tag","embeddable":true,"href":"https:\/\/www.sibo.it\/es\/wp-json\/wp\/v2\/product_tag?post=13889"}],"curies":[{"name":"wp","href":"https:\/\/api.w.org\/{rel}","templated":true}]}}