{"id":13675,"date":"2023-08-09T17:28:19","date_gmt":"2023-08-09T16:28:19","guid":{"rendered":"https:\/\/www.sibo.it\/prodotto\/tau-100\/"},"modified":"2024-01-24T11:20:20","modified_gmt":"2024-01-24T10:20:20","slug":"tau-100","status":"publish","type":"product","link":"https:\/\/www.sibo.it\/es\/producto\/tau-100\/","title":{"rendered":"TAU\/100"},"content":{"rendered":"\t\t<div data-elementor-type=\"product-post\" data-elementor-id=\"13675\" class=\"elementor elementor-13675 elementor-10502\" data-elementor-post-type=\"product\">\n\t\t\t\t<div class=\"elementor-element elementor-element-cf1f3ba e-con-full e-flex e-con e-parent\" data-id=\"cf1f3ba\" data-element_type=\"container\" data-e-type=\"container\">\r\n\t\t<div class=\"elementor-element elementor-element-6d430be e-con-full e-flex e-con e-child\" data-id=\"6d430be\" data-element_type=\"container\" data-e-type=\"container\">\r\n\t\t\t\t<div class=\"elementor-element elementor-element-ddd2f7f elementor-widget elementor-widget-text-editor\" data-id=\"ddd2f7f\" data-element_type=\"widget\" data-e-type=\"widget\" data-widget_type=\"text-editor.default\">\n\t\t\t\t<div class=\"elementor-widget-container\">\n\t\t\t\t\t\t\t\t\t<table border=\"0\" cellspacing=\"0\" cellpadding=\"0\">\n<tbody>\n<tr>\n<td><span style=\"font-size: 16px;\">di\u00e1metro min.<\/span><\/td>\n<td><span style=\"font-size: 16px;\"><strong>mm. 40<\/strong><\/span><\/td>\n<\/tr>\n<tr>\n<td><span style=\"font-size: 16px;\">di\u00e1metro m\u0430\u0445.<\/span><\/td>\n<td><span style=\"font-size: 16px;\"><strong>mm. 100<\/strong><\/span><\/td>\n<\/tr>\n<tr>\n<td><span style=\"font-size: 16px;\">longitud min.<\/span><\/td>\n<td><span style=\"font-size: 16px;\"><strong>mm. 700<\/strong><\/span><\/td>\n<\/tr>\n<tr>\n<td><span style=\"font-size: 16px;\">longitud max.<\/span><\/td>\n<td><span style=\"font-size: 16px;\"><strong>illimitado<\/strong><\/span><\/td>\n<\/tr>\n<tr>\n<td><span style=\"font-size: 16px;\">producci\u00f3n<\/span><\/td>\n<td><span style=\"font-size: 16px;\"><strong>3 -15 mt.\/min.<\/strong><\/span><\/td>\n<\/tr>\n<\/tbody>\n<\/table>\n<p style=\"text-align: left;\"><b>&nbsp; ACCESORIOS<\/b><\/p>\n<p style=\"text-align: left;\"><img fetchpriority=\"high\" decoding=\"async\" class=\"alignnone size-medium wp-image-11711\" src=\"https:\/\/www.sibo.it\/wp-content\/uploads\/2023\/08\/Caricatore_2LU200-300x300.jpg\" alt=\"\" width=\"300\" height=\"300\"><\/p>\t\t\t\t\t\t\t\t<\/div>\n\t\t\t\t<\/div>\n\t\t\t\t<\/div>\n\t\t<div class=\"elementor-element elementor-element-8616444 e-con-full e-flex e-con e-child\" data-id=\"8616444\" data-element_type=\"container\" data-e-type=\"container\">\r\n\t\t\t\t<div class=\"elementor-element elementor-element-e1de2a1 elementor-widget elementor-widget-text-editor\" data-id=\"e1de2a1\" data-element_type=\"widget\" data-e-type=\"widget\" data-widget_type=\"text-editor.default\">\n\t\t\t\t<div class=\"elementor-widget-container\">\n\t\t\t\t\t\t\t\t\t<p><b>EJEMPLO DE NUESTRAS PRODUCIDAS<\/b><\/p>\n<p><img decoding=\"async\" class=\"alignnone size-medium wp-image-2487\" src=\"https:\/\/www.sibo.it\/wp-content\/uploads\/2023\/01\/TAU100-1-300x150.jpg\" alt=\"\" width=\"300\" height=\"150\"><\/p>\n\t\t\t\t\t\t\t\t<\/div>\n\t\t\t\t<\/div>\n\t\t\t\t<\/div>\n\t\t\t\t<\/div>\n\t\t\t\t<\/div>\n\t\t","protected":false},"excerpt":{"rendered":"<p><strong>FRESADORA DE PALO REDONDO MODELO \u00abTAU\/100\u00bb<\/strong><\/p>\n<p>M\u00e1quina autom\u00e1tica para trafilar bastones rectos a secci\u00f3n cil\u00edndrica con di\u00e1metro constante. Con esta m\u00e1quina se puede trabajar grandes polos, tales como palos de la tienda, palos para cercados, etc. Es utilizada inclusive, en el trabajo de bastones de pl\u00e1stico, tales como plexigl\u00e1s, el celuloide, etc.<\/p>\n<p><span style=\"font-size: 16px;\"><strong>La m\u00e1quina puede ser equipada con los siguientes accesorios:<\/strong><\/span><\/p>\n<ul>\n<li><span style=\"font-size: 16px;\">cargador neum\u00e1tico para piezas de longitud de hasta 2000 mm.<\/span><\/li>\n<\/ul>\n","protected":false},"featured_media":2408,"comment_status":"closed","ping_status":"closed","template":"","meta":{"_acf_changed":false},"product_brand":[],"product_cat":[221,137],"product_tag":[],"class_list":{"0":"post-13675","1":"product","2":"type-product","3":"status-publish","4":"has-post-thumbnail","6":"product_cat-fresadoras-de-palo-redondo","7":"product_cat-maquinas-madera","8":"pa_applicazioni-palos-redondos","10":"first","11":"instock","12":"shipping-taxable","13":"product-type-simple"},"acf":[],"_links":{"self":[{"href":"https:\/\/www.sibo.it\/es\/wp-json\/wp\/v2\/product\/13675","targetHints":{"allow":["GET"]}}],"collection":[{"href":"https:\/\/www.sibo.it\/es\/wp-json\/wp\/v2\/product"}],"about":[{"href":"https:\/\/www.sibo.it\/es\/wp-json\/wp\/v2\/types\/product"}],"replies":[{"embeddable":true,"href":"https:\/\/www.sibo.it\/es\/wp-json\/wp\/v2\/comments?post=13675"}],"version-history":[{"count":4,"href":"https:\/\/www.sibo.it\/es\/wp-json\/wp\/v2\/product\/13675\/revisions"}],"predecessor-version":[{"id":15746,"href":"https:\/\/www.sibo.it\/es\/wp-json\/wp\/v2\/product\/13675\/revisions\/15746"}],"wp:featuredmedia":[{"embeddable":true,"href":"https:\/\/www.sibo.it\/es\/wp-json\/wp\/v2\/media\/2408"}],"wp:attachment":[{"href":"https:\/\/www.sibo.it\/es\/wp-json\/wp\/v2\/media?parent=13675"}],"wp:term":[{"taxonomy":"product_brand","embeddable":true,"href":"https:\/\/www.sibo.it\/es\/wp-json\/wp\/v2\/product_brand?post=13675"},{"taxonomy":"product_cat","embeddable":true,"href":"https:\/\/www.sibo.it\/es\/wp-json\/wp\/v2\/product_cat?post=13675"},{"taxonomy":"product_tag","embeddable":true,"href":"https:\/\/www.sibo.it\/es\/wp-json\/wp\/v2\/product_tag?post=13675"}],"curies":[{"name":"wp","href":"https:\/\/api.w.org\/{rel}","templated":true}]}}