{"id":13666,"date":"2023-08-09T15:45:30","date_gmt":"2023-08-09T14:45:30","guid":{"rendered":"https:\/\/www.sibo.it\/prodotto\/ca-2t\/"},"modified":"2024-01-23T17:04:58","modified_gmt":"2024-01-23T16:04:58","slug":"ca-2t","status":"publish","type":"product","link":"https:\/\/www.sibo.it\/es\/producto\/ca-2t\/","title":{"rendered":"CA\/2T"},"content":{"rendered":"\t\t<div data-elementor-type=\"product-post\" data-elementor-id=\"13666\" class=\"elementor elementor-13666 elementor-10491\" data-elementor-post-type=\"product\">\n\t\t\t\t<div class=\"elementor-element elementor-element-cf1f3ba e-con-full e-flex e-con e-parent\" data-id=\"cf1f3ba\" data-element_type=\"container\" data-e-type=\"container\">\r\n\t\t<div class=\"elementor-element elementor-element-6d430be e-con-full e-flex e-con e-child\" data-id=\"6d430be\" data-element_type=\"container\" data-e-type=\"container\">\r\n\t\t\t\t<div class=\"elementor-element elementor-element-ddd2f7f elementor-widget elementor-widget-text-editor\" data-id=\"ddd2f7f\" data-element_type=\"widget\" data-e-type=\"widget\" data-widget_type=\"text-editor.default\">\n\t\t\t\t<div class=\"elementor-widget-container\">\n\t\t\t\t\t\t\t\t\t<table border=\"0\" cellspacing=\"0\" cellpadding=\"0\">\n<tbody>\n<tr>\n<td>di\u00e1metro m\u00e1x.<\/td>\n<td><strong>280&nbsp;mm.&nbsp;<\/strong><\/td>\n<\/tr>\n<tr>\n<td>di\u00e1metro min.<\/td>\n<td><strong>&nbsp;15&nbsp;mm.&nbsp;<\/strong><\/td>\n<\/tr>\n<tr>\n<td>altura m\u00e1x.<\/td>\n<td><strong>&nbsp;35&nbsp;mm.&nbsp;<\/strong><\/td>\n<\/tr>\n<tr>\n<td>rotaci\u00f3n de la herramienta&nbsp;<\/td>\n<td>&nbsp;<strong>6000\u00f718000&nbsp;RPM<\/strong><\/td>\n<\/tr>\n<tr>\n<td>rotaci\u00f3n de la pieza regulable&nbsp;<\/td>\n<td><strong>&nbsp; 5\u00f720 RPM<\/strong><\/td>\n<\/tr>\n<tr>\n<td colspan=\"2\">posibilidad de trabajar con solo 3 lados sin tocar el 4 &nbsp; &nbsp; &nbsp; &nbsp; &nbsp; &nbsp; &nbsp; &nbsp; &nbsp; &nbsp; &nbsp;<strong>opcional<\/strong><\/td>\n<\/tr>\n<\/tbody>\n<\/table>\n<p style=\"text-align: left;\">\n<\/p><p style=\"text-align: left;\">\n<\/p>\t\t\t\t\t\t\t\t<\/div>\n\t\t\t\t<\/div>\n\t\t\t\t<\/div>\n\t\t<div class=\"elementor-element elementor-element-8616444 e-con-full e-flex e-con e-child\" data-id=\"8616444\" data-element_type=\"container\" data-e-type=\"container\">\r\n\t\t\t\t<div class=\"elementor-element elementor-element-e1de2a1 elementor-widget elementor-widget-text-editor\" data-id=\"e1de2a1\" data-element_type=\"widget\" data-e-type=\"widget\" data-widget_type=\"text-editor.default\">\n\t\t\t\t<div class=\"elementor-widget-container\">\n\t\t\t\t\t\t\t\t\t<p><b> EJEMPLO DE NUESTRAS PRODUCIDAS<\/b><\/p>\n<p><img decoding=\"async\" class=\"alignnone size-medium wp-image-10493\" src=\"https:\/\/www.sibo.it\/wp-content\/uploads\/2023\/08\/CAMPION-CA2T-300x150.jpg\" alt=\"\" width=\"300\" height=\"150\"><\/p>\n\t\t\t\t\t\t\t\t<\/div>\n\t\t\t\t<\/div>\n\t\t\t\t<\/div>\n\t\t\t\t<\/div>\n\t\t\t\t<\/div>\n\t\t","protected":false},"excerpt":{"rendered":"<p><strong>\u0414\u0412\u041e\u0419\u041d\u041e\u0419 \u041a\u041e\u041d\u0422\u0423\u0420\u041d\u041e-\u0424\u0420\u0415\u0417\u0415\u0420\u041d\u042b\u0419 \u0421\u0422\u0410\u041d\u041e\u041a \u041c\u041e\u0414\u0415\u041b\u042c \u00abCA\/2T\u00bb<\/strong><\/p>\n<p>Esta fresadora est\u00e1 dise\u00f1ado para trabajar 2 piezas a la vez. La m\u00e1quina es especialmente indicada para el fresado del perfil externo de peque\u00f1os objetos o piezas, tales como tapones, rosetones, platos, cepillos, llaveros, as\u00ed como otros peque\u00f1os art\u00edculos de madera. La forma de la pieza de trabajo puede ser redonda, cuadrada, ovalada, rectangular, etc.<\/p>\n","protected":false},"featured_media":8578,"comment_status":"closed","ping_status":"closed","template":"","meta":{"_acf_changed":false},"product_brand":[],"product_cat":[212,137],"product_tag":[],"class_list":{"0":"post-13666","1":"product","2":"type-product","3":"status-publish","4":"has-post-thumbnail","6":"product_cat-contornadoras-copiadoras","7":"product_cat-maquinas-madera","8":"pa_applicazioni-escobas-y-cepillos","10":"first","11":"instock","12":"shipping-taxable","13":"product-type-simple"},"acf":[],"_links":{"self":[{"href":"https:\/\/www.sibo.it\/es\/wp-json\/wp\/v2\/product\/13666","targetHints":{"allow":["GET"]}}],"collection":[{"href":"https:\/\/www.sibo.it\/es\/wp-json\/wp\/v2\/product"}],"about":[{"href":"https:\/\/www.sibo.it\/es\/wp-json\/wp\/v2\/types\/product"}],"replies":[{"embeddable":true,"href":"https:\/\/www.sibo.it\/es\/wp-json\/wp\/v2\/comments?post=13666"}],"version-history":[{"count":2,"href":"https:\/\/www.sibo.it\/es\/wp-json\/wp\/v2\/product\/13666\/revisions"}],"predecessor-version":[{"id":15656,"href":"https:\/\/www.sibo.it\/es\/wp-json\/wp\/v2\/product\/13666\/revisions\/15656"}],"wp:featuredmedia":[{"embeddable":true,"href":"https:\/\/www.sibo.it\/es\/wp-json\/wp\/v2\/media\/8578"}],"wp:attachment":[{"href":"https:\/\/www.sibo.it\/es\/wp-json\/wp\/v2\/media?parent=13666"}],"wp:term":[{"taxonomy":"product_brand","embeddable":true,"href":"https:\/\/www.sibo.it\/es\/wp-json\/wp\/v2\/product_brand?post=13666"},{"taxonomy":"product_cat","embeddable":true,"href":"https:\/\/www.sibo.it\/es\/wp-json\/wp\/v2\/product_cat?post=13666"},{"taxonomy":"product_tag","embeddable":true,"href":"https:\/\/www.sibo.it\/es\/wp-json\/wp\/v2\/product_tag?post=13666"}],"curies":[{"name":"wp","href":"https:\/\/api.w.org\/{rel}","templated":true}]}}