{"id":13629,"date":"2023-08-09T14:43:45","date_gmt":"2023-08-09T13:43:45","guid":{"rendered":"https:\/\/www.sibo.it\/prodotto\/ca-450\/"},"modified":"2023-10-24T16:53:49","modified_gmt":"2023-10-24T15:53:49","slug":"ca-450","status":"publish","type":"product","link":"https:\/\/www.sibo.it\/es\/producto\/ca-450\/","title":{"rendered":"CA\/450"},"content":{"rendered":"\t\t<div data-elementor-type=\"product-post\" data-elementor-id=\"13629\" class=\"elementor elementor-13629 elementor-10477\" data-elementor-post-type=\"product\">\n\t\t\t\t<div class=\"elementor-element elementor-element-cf1f3ba e-con-full e-flex e-con e-parent\" data-id=\"cf1f3ba\" data-element_type=\"container\" data-e-type=\"container\">\r\n\t\t<div class=\"elementor-element elementor-element-6d430be e-con-full e-flex e-con e-parent\" data-id=\"6d430be\" data-element_type=\"container\" data-e-type=\"container\">\r\n\t\t\t\t<div class=\"elementor-element elementor-element-ddd2f7f elementor-widget elementor-widget-text-editor\" data-id=\"ddd2f7f\" data-element_type=\"widget\" data-e-type=\"widget\" data-widget_type=\"text-editor.default\">\n\t\t\t\t<div class=\"elementor-widget-container\">\n\t\t\t\t\t\t\t\t\t<table border=\"0\" cellspacing=\"0\" cellpadding=\"0\">\n<tbody>\n<tr>\n<td>di\u00e1metro m\u00e1x por pieza <\/td>\n<td><strong>800 mm. <\/strong><\/td>\n<\/tr>\n<tr>\n<td>altura m\u00e1x de trabajo <\/td>\n<td><strong>100 mm.<\/strong><\/td>\n<\/tr>\n<tr>\n<td>di\u00e1metro de la herramienta <\/td>\n<td><strong>30 mm. <\/strong><\/td>\n<\/tr>\n<tr>\n<td>presi\u00f3n ejercida <\/td>\n<td><strong>5-6 ATM<\/strong><\/td>\n<\/tr>\n<tr>\n<td>consumo de aire por ciclo<\/td>\n<td><strong> 50 Lt.<\/strong><\/td>\n<\/tr>\n<tr>\n<td>rotaci\u00f3n de los mandriles <\/td>\n<td><strong>6000 RPM<\/strong><\/td>\n<\/tr>\n<\/tbody>\n<\/table>\n<p style=\"text-align: left;\"><b>ACCESORIOS<\/b><\/p>\n<p style=\"text-align: left;\">\n\t\t\t\t\t\t\t\t<\/div>\n\t\t\t\t<\/div>\n\t\t\t\t<\/div>\n\t\t<div class=\"elementor-element elementor-element-8616444 e-con-full e-flex e-con e-parent\" data-id=\"8616444\" data-element_type=\"container\" data-e-type=\"container\">\r\n\t\t\t\t<div class=\"elementor-element elementor-element-e1de2a1 elementor-widget elementor-widget-text-editor\" data-id=\"e1de2a1\" data-element_type=\"widget\" data-e-type=\"widget\" data-widget_type=\"text-editor.default\">\n\t\t\t\t<div class=\"elementor-widget-container\">\n\t\t\t\t\t\t\t\t\t<p><b>EJEMPLO DE NUESTRAS PRODUCIDAS<\/b><\/p>\n<p><img decoding=\"async\" class=\"alignnone size-medium wp-image-10481\" src=\"https:\/\/www.sibo.it\/wp-content\/uploads\/2023\/08\/CA-450-300x150.jpg\" alt=\"\" width=\"300\" height=\"150\"><\/p>\n\t\t\t\t\t\t\t\t<\/div>\n\t\t\t\t<\/div>\n\t\t\t\t<\/div>\n\t\t\t\t<\/div>\n\t\t\t\t<\/div>\n\t\t","protected":false},"excerpt":{"rendered":"<p><strong>FRESADORA COPIADORA VERTICAL MODELO \u00abCA\/450\u00bb<\/strong><\/p>\n<p>Fresadora est\u00e1 dise\u00f1ado para realizar trabajos especiales. La m\u00e1quina esta especialmente dise\u00f1ada para fresar o tornear el perfil exterior de rosetones, bandejas, platos, partes de sillas y mesas, cepillos, escobas y otros productos de madera. La forma de la pieza de trabajo puede ser redonda, cuadrada, ovalada, rectangular, etc.<\/p>\n<p><strong>La m\u00e1quina puede ser equipada con los siguientes accesorios:<\/strong><\/p>\n<ul>\n<li>cargador electro neum\u00e1tico para piezas de m\u00e1x. 500x150mm.<\/li>\n<li>motor brushless para accionar la rotaci\u00f3n de la mesa<\/li>\n<\/ul>\n","protected":false},"featured_media":20103,"comment_status":"closed","ping_status":"closed","template":"","meta":{"_acf_changed":false},"product_brand":[],"product_cat":[212,137],"product_tag":[],"class_list":{"0":"post-13629","1":"product","2":"type-product","3":"status-publish","4":"has-post-thumbnail","6":"product_cat-contornadoras-copiadoras","7":"product_cat-maquinas-madera","8":"pa_applicazioni-escobas-y-cepillos","10":"first","11":"instock","12":"shipping-taxable","13":"product-type-simple"},"acf":[],"_links":{"self":[{"href":"https:\/\/www.sibo.it\/es\/wp-json\/wp\/v2\/product\/13629","targetHints":{"allow":["GET"]}}],"collection":[{"href":"https:\/\/www.sibo.it\/es\/wp-json\/wp\/v2\/product"}],"about":[{"href":"https:\/\/www.sibo.it\/es\/wp-json\/wp\/v2\/types\/product"}],"replies":[{"embeddable":true,"href":"https:\/\/www.sibo.it\/es\/wp-json\/wp\/v2\/comments?post=13629"}],"version-history":[{"count":1,"href":"https:\/\/www.sibo.it\/es\/wp-json\/wp\/v2\/product\/13629\/revisions"}],"predecessor-version":[{"id":13630,"href":"https:\/\/www.sibo.it\/es\/wp-json\/wp\/v2\/product\/13629\/revisions\/13630"}],"wp:featuredmedia":[{"embeddable":true,"href":"https:\/\/www.sibo.it\/es\/wp-json\/wp\/v2\/media\/20103"}],"wp:attachment":[{"href":"https:\/\/www.sibo.it\/es\/wp-json\/wp\/v2\/media?parent=13629"}],"wp:term":[{"taxonomy":"product_brand","embeddable":true,"href":"https:\/\/www.sibo.it\/es\/wp-json\/wp\/v2\/product_brand?post=13629"},{"taxonomy":"product_cat","embeddable":true,"href":"https:\/\/www.sibo.it\/es\/wp-json\/wp\/v2\/product_cat?post=13629"},{"taxonomy":"product_tag","embeddable":true,"href":"https:\/\/www.sibo.it\/es\/wp-json\/wp\/v2\/product_tag?post=13629"}],"curies":[{"name":"wp","href":"https:\/\/api.w.org\/{rel}","templated":true}]}}