{"id":12406,"date":"2023-08-24T16:13:27","date_gmt":"2023-08-24T15:13:27","guid":{"rendered":"https:\/\/www.sibo.it\/prodotto\/ldt-1000\/"},"modified":"2023-08-30T09:36:26","modified_gmt":"2023-08-30T08:36:26","slug":"ldt-1000","status":"publish","type":"product","link":"https:\/\/www.sibo.it\/es\/producto\/ldt-1000\/","title":{"rendered":"LDT\/1000"},"content":{"rendered":"\t\t<div data-elementor-type=\"product-post\" data-elementor-id=\"12406\" class=\"elementor elementor-12406 elementor-11472\" data-elementor-post-type=\"product\">\n\t\t\t\t<div class=\"elementor-element elementor-element-cf1f3ba e-con-full e-flex e-con e-parent\" data-id=\"cf1f3ba\" data-element_type=\"container\" data-e-type=\"container\">\r\n\t\t<div class=\"elementor-element elementor-element-6d430be e-con-full e-flex e-con e-parent\" data-id=\"6d430be\" data-element_type=\"container\" data-e-type=\"container\">\r\n\t\t\t\t<div class=\"elementor-element elementor-element-ddd2f7f elementor-widget elementor-widget-text-editor\" data-id=\"ddd2f7f\" data-element_type=\"widget\" data-e-type=\"widget\" data-widget_type=\"text-editor.default\">\n\t\t\t\t<div class=\"elementor-widget-container\">\n\t\t\t\t\t\t\t\t\t<table border=\"0\" cellspacing=\"0\" cellpadding=\"0\">\n<tbody>\n<tr>\n<td>longitud m\u00edn.<\/td>\n<td><strong>100 mm.<\/strong><\/td>\n<\/tr>\n<tr>\n<td>longitud max.<\/td>\n<td><strong>1000 mm.<\/strong><\/td>\n<\/tr>\n<tr>\n<td>di\u00e1metro min.<\/td>\n<td><strong>13 mm.<\/strong><\/td>\n<\/tr>\n<tr>\n<td>di\u00e1metro max.<\/td>\n<td><strong>50 mm.<\/strong><\/td>\n<\/tr>\n<tr>\n<td>rotaci\u00f3n de los cepillos<\/td>\n<td><strong>2880 RPM<\/strong><\/td>\n<\/tr>\n<tr>\n<td>rotaci\u00f3n de las piezas<\/td>\n<td><strong>10\u00f750 RPM<\/strong><\/td>\n<\/tr>\n<tr>\n<td>di\u00e1metro max. cepillos<\/td>\n<td><strong>400 mm.<\/strong><\/td>\n<\/tr>\n<tr>\n<td>espessor max. cepillos<\/td>\n<td><strong>50 mm.<\/strong><\/td>\n<\/tr>\n<tr>\n<td>peso neto<\/td>\n<td><strong>830 kg.<\/strong><\/td>\n<\/tr>\n<\/tbody>\n<\/table>\n\t\t\t\t\t\t\t\t<\/div>\n\t\t\t\t<\/div>\n\t\t\t\t<\/div>\n\t\t<div class=\"elementor-element elementor-element-8616444 e-con-full e-flex e-con e-parent\" data-id=\"8616444\" data-element_type=\"container\" data-e-type=\"container\">\r\n\t\t\t\t<div class=\"elementor-element elementor-element-e1de2a1 elementor-widget elementor-widget-text-editor\" data-id=\"e1de2a1\" data-element_type=\"widget\" data-e-type=\"widget\" data-widget_type=\"text-editor.default\">\n\t\t\t\t<div class=\"elementor-widget-container\">\n\t\t\t\t\t\t\t\t\t<p style=\"text-align: center;\"><b>EJEMPLO DE NUESTRAS PRODUCIDAS<br \/><img decoding=\"async\" class=\"alignnone size-medium wp-image-11450\" src=\"https:\/\/www.sibo.it\/wp-content\/uploads\/2023\/08\/samples-LDT-2500-300x150.jpg\" alt=\"\" width=\"300\" height=\"150\"><br \/><\/b><\/p>\n<p><b> <\/b><\/p>\n\t\t\t\t\t\t\t\t<\/div>\n\t\t\t\t<\/div>\n\t\t\t\t<\/div>\n\t\t\t\t<\/div>\n\t\t\t\t<\/div>\n\t\t","protected":false},"excerpt":{"rendered":"<p><strong>PULIDORA MODELO \u00abLDT\/1000\u00bb<\/strong><br \/>\nM\u00e1quina especial para el pulido tubos rectos con secci\u00f3n redonda, ovalada, cuadrada y rectangular de acero, lat\u00f3n, plexigl\u00e1s, etc.<\/p>\n<p>Funcionamiento:<br \/>\nLa primera pieza a pulir se fija entre 2 puntas giratorias (montadas en un divisor de 3 posiciones). A cada rotaci\u00f3n del divisor, la pieza situada en la posici\u00f3n de carga se desplaza hacia la primera estaci\u00f3n de trabajo (desgaste), donde comienza a girar; la pieza situada en la primera estaci\u00f3n, pasa a la segunda estaci\u00f3n (acabado), mientras que la pieza que estaba situada en la segunda estaci\u00f3n vuelve a la posici\u00f3n de carga, donde vendr\u00e1 retirada y sustituida con otra pieza nueva de trabajo. En cada grupo de trabajo est\u00e1n montados dos ejes, uno que permite que el disco abrasivo se acerque a la pieza de trabajo, la otra permite el deslizamiento longitudinal en ambas direcciones del disco abrasivo. El ciclo de trabajo es controlado por un temporizador (timer), mientras que con un motor de velocidad variable es posible ajustar la velocidad de rotaci\u00f3n de las piezas.<\/p>\n","protected":false},"featured_media":11461,"comment_status":"closed","ping_status":"closed","template":"","meta":{"_acf_changed":false},"product_brand":[],"product_cat":[222,224],"product_tag":[],"class_list":{"0":"post-12406","1":"product","2":"type-product","3":"status-publish","4":"has-post-thumbnail","6":"product_cat-maquinas-metal","7":"product_cat-pulido-tubos","8":"pa_applicazioni-tubos-rectos","10":"first","11":"instock","12":"shipping-taxable","13":"product-type-simple"},"acf":[],"_links":{"self":[{"href":"https:\/\/www.sibo.it\/es\/wp-json\/wp\/v2\/product\/12406","targetHints":{"allow":["GET"]}}],"collection":[{"href":"https:\/\/www.sibo.it\/es\/wp-json\/wp\/v2\/product"}],"about":[{"href":"https:\/\/www.sibo.it\/es\/wp-json\/wp\/v2\/types\/product"}],"replies":[{"embeddable":true,"href":"https:\/\/www.sibo.it\/es\/wp-json\/wp\/v2\/comments?post=12406"}],"version-history":[{"count":1,"href":"https:\/\/www.sibo.it\/es\/wp-json\/wp\/v2\/product\/12406\/revisions"}],"predecessor-version":[{"id":12407,"href":"https:\/\/www.sibo.it\/es\/wp-json\/wp\/v2\/product\/12406\/revisions\/12407"}],"wp:featuredmedia":[{"embeddable":true,"href":"https:\/\/www.sibo.it\/es\/wp-json\/wp\/v2\/media\/11461"}],"wp:attachment":[{"href":"https:\/\/www.sibo.it\/es\/wp-json\/wp\/v2\/media?parent=12406"}],"wp:term":[{"taxonomy":"product_brand","embeddable":true,"href":"https:\/\/www.sibo.it\/es\/wp-json\/wp\/v2\/product_brand?post=12406"},{"taxonomy":"product_cat","embeddable":true,"href":"https:\/\/www.sibo.it\/es\/wp-json\/wp\/v2\/product_cat?post=12406"},{"taxonomy":"product_tag","embeddable":true,"href":"https:\/\/www.sibo.it\/es\/wp-json\/wp\/v2\/product_tag?post=12406"}],"curies":[{"name":"wp","href":"https:\/\/api.w.org\/{rel}","templated":true}]}}