{"id":12369,"date":"2023-08-24T16:24:23","date_gmt":"2023-08-24T15:24:23","guid":{"rendered":"https:\/\/www.sibo.it\/prodotto\/ttf-800\/"},"modified":"2024-04-03T09:02:12","modified_gmt":"2024-04-03T08:02:12","slug":"ttf-800","status":"publish","type":"product","link":"https:\/\/www.sibo.it\/es\/producto\/ttf-800\/","title":{"rendered":"TTF\/800"},"content":{"rendered":"\t\t<div data-elementor-type=\"product-post\" data-elementor-id=\"12369\" class=\"elementor elementor-12369 elementor-11478\" data-elementor-post-type=\"product\">\n\t\t\t\t<div class=\"elementor-element elementor-element-cf1f3ba e-con-full e-flex e-con e-parent\" data-id=\"cf1f3ba\" data-element_type=\"container\" data-e-type=\"container\">\r\n\t\t<div class=\"elementor-element elementor-element-6d430be e-con-full e-flex e-con e-parent\" data-id=\"6d430be\" data-element_type=\"container\" data-e-type=\"container\">\r\n\t\t\t\t<div class=\"elementor-element elementor-element-9fc01f2 elementor-widget elementor-widget-text-editor\" data-id=\"9fc01f2\" data-element_type=\"widget\" data-e-type=\"widget\" data-widget_type=\"text-editor.default\">\n\t\t\t\t<div class=\"elementor-widget-container\">\n\t\t\t\t\t\t\t\t\t<table border=\"0\" cellspacing=\"0\" cellpadding=\"0\">\n<tbody>\n<tr>\n<td>longitud m\u00e1x. de trabajo<\/td>\n<td><strong>3500 mm.<\/strong><\/td>\n<\/tr>\n<tr>\n<td>longitud min. de trabajo<\/td>\n<td><strong> 500 mm.<\/strong><\/td>\n<\/tr>\n<tr>\n<td>di\u00e1metro max. de trabajo<\/td>\n<td><strong>800 mm.<\/strong><\/td>\n<\/tr>\n<tr>\n<td>di\u00e1metro min. de trabajo<\/td>\n<td><strong>90 mm.<\/strong><\/td>\n<\/tr>\n<tr>\n<td>velocidad de rotaci\u00f3n del tubo<\/td>\n<td><b>6<strong>\u00f730 mt.\/min.<\/strong><\/b><\/td>\n<\/tr>\n<tr>\n<td>di\u00e1metro de la hoja circular<\/td>\n<td><b>300 mm.<\/b><\/td>\n<\/tr>\n<tr>\n<td>peso neto<\/td>\n<td><strong>6440 kg.<\/strong><\/td>\n<\/tr>\n<\/tbody>\n<\/table>\n<p style=\"text-align: left;\">\n\t\t\t\t\t\t\t\t<\/div>\n\t\t\t\t<\/div>\n\t\t\t\t<\/div>\n\t\t<div class=\"elementor-element elementor-element-8616444 e-con-full e-flex e-con e-parent\" data-id=\"8616444\" data-element_type=\"container\" data-e-type=\"container\">\r\n\t\t\t\t<div class=\"elementor-element elementor-element-e1de2a1 elementor-widget elementor-widget-text-editor\" data-id=\"e1de2a1\" data-element_type=\"widget\" data-e-type=\"widget\" data-widget_type=\"text-editor.default\">\n\t\t\t\t<div class=\"elementor-widget-container\">\n\t\t\t\t\t\t\t\t\t<p style=\"text-align: center;\"><b>EJEMPLO DE NUESTRAS PRODUCIDAS<br \/><img decoding=\"async\" class=\"alignnone size-medium wp-image-11486\" src=\"https:\/\/www.sibo.it\/wp-content\/uploads\/2023\/08\/Tubo-in-fibra-di-carbonio-300x150.jpg\" alt=\"\" width=\"300\" height=\"150\"><br \/><\/b><\/p>\n<p><b> <\/b><\/p>\n\t\t\t\t\t\t\t\t<\/div>\n\t\t\t\t<\/div>\n\t\t\t\t<\/div>\n\t\t\t\t<\/div>\n\t\t\t\t<\/div>\n\t\t","protected":false},"excerpt":{"rendered":"<p><strong>CORTADORA AUTOM\u00c1TICA PARA TUBOS DE FIBRA DE CARBONO MODELO \u201cTTF\/800\u201d<\/strong><\/p>\n<p>M\u00e1quina de control num\u00e9rico apta para el corte de tubos de fibra de carbono, cart\u00f3n y plexigl\u00e1s. Mediante el CNC es posible elegir 3 programas de trabajo: corte de las 2 extremidades, corte m\u00faltiple sim\u00e9trico y corte m\u00faltiple asim\u00e9trico; para cada programa se pueden configurar los siguientes par\u00e1metros: di\u00e1metro, espesor y longitud del tubo; di\u00e1metro, grosor y velocidad de la hoja; posici\u00f3n y velocidad de rotaci\u00f3n de rodillos. Una vez elegido el programa e ingresado todos los par\u00e1metros, presionando el bot\u00f3n de inicio, el tubo comienza a girar y la circular realiza el corte deseado.<\/p>\n","protected":false},"featured_media":11485,"comment_status":"closed","ping_status":"closed","template":"","meta":{"_acf_changed":false},"product_brand":[],"product_cat":[222,225],"product_tag":[],"class_list":{"0":"post-12369","1":"product","2":"type-product","3":"status-publish","4":"has-post-thumbnail","6":"product_cat-maquinas-metal","7":"product_cat-maquinas-personalizadas","8":"pa_applicazioni-soluciones-personalizadas","10":"first","11":"instock","12":"shipping-taxable","13":"product-type-simple"},"acf":[],"_links":{"self":[{"href":"https:\/\/www.sibo.it\/es\/wp-json\/wp\/v2\/product\/12369","targetHints":{"allow":["GET"]}}],"collection":[{"href":"https:\/\/www.sibo.it\/es\/wp-json\/wp\/v2\/product"}],"about":[{"href":"https:\/\/www.sibo.it\/es\/wp-json\/wp\/v2\/types\/product"}],"replies":[{"embeddable":true,"href":"https:\/\/www.sibo.it\/es\/wp-json\/wp\/v2\/comments?post=12369"}],"version-history":[{"count":2,"href":"https:\/\/www.sibo.it\/es\/wp-json\/wp\/v2\/product\/12369\/revisions"}],"predecessor-version":[{"id":12523,"href":"https:\/\/www.sibo.it\/es\/wp-json\/wp\/v2\/product\/12369\/revisions\/12523"}],"wp:featuredmedia":[{"embeddable":true,"href":"https:\/\/www.sibo.it\/es\/wp-json\/wp\/v2\/media\/11485"}],"wp:attachment":[{"href":"https:\/\/www.sibo.it\/es\/wp-json\/wp\/v2\/media?parent=12369"}],"wp:term":[{"taxonomy":"product_brand","embeddable":true,"href":"https:\/\/www.sibo.it\/es\/wp-json\/wp\/v2\/product_brand?post=12369"},{"taxonomy":"product_cat","embeddable":true,"href":"https:\/\/www.sibo.it\/es\/wp-json\/wp\/v2\/product_cat?post=12369"},{"taxonomy":"product_tag","embeddable":true,"href":"https:\/\/www.sibo.it\/es\/wp-json\/wp\/v2\/product_tag?post=12369"}],"curies":[{"name":"wp","href":"https:\/\/api.w.org\/{rel}","templated":true}]}}