{"id":12357,"date":"2023-08-24T16:34:14","date_gmt":"2023-08-24T15:34:14","guid":{"rendered":"https:\/\/www.sibo.it\/prodotto\/ssb-120\/"},"modified":"2024-03-26T09:32:11","modified_gmt":"2024-03-26T08:32:11","slug":"ssb-120","status":"publish","type":"product","link":"https:\/\/www.sibo.it\/es\/producto\/ssb-120\/","title":{"rendered":"SSB\/120"},"content":{"rendered":"\t\t<div data-elementor-type=\"product-post\" data-elementor-id=\"12357\" class=\"elementor elementor-12357 elementor-11496\" data-elementor-post-type=\"product\">\n\t\t\t\t<div class=\"elementor-element elementor-element-cf1f3ba e-con-full e-flex e-con e-parent\" data-id=\"cf1f3ba\" data-element_type=\"container\" data-e-type=\"container\">\r\n\t\t<div class=\"elementor-element elementor-element-6d430be e-con-full e-flex e-con e-parent\" data-id=\"6d430be\" data-element_type=\"container\" data-e-type=\"container\">\r\n\t\t\t\t<div class=\"elementor-element elementor-element-ddd2f7f elementor-widget elementor-widget-text-editor\" data-id=\"ddd2f7f\" data-element_type=\"widget\" data-e-type=\"widget\" data-widget_type=\"text-editor.default\">\n\t\t\t\t<div class=\"elementor-widget-container\">\n\t\t\t\t\t\t\t\t\t<table border=\"0\" cellspacing=\"0\" cellpadding=\"0\">\n<tbody>\n<tr>\n<td>longitud min. de trabajo<\/td>\n<td><strong>1500 mm.<\/strong><\/td>\n<\/tr>\n<tr>\n<td>longitud max. de trabajo<\/td>\n<td><strong>illimitata<\/strong><\/td>\n<\/tr>\n<tr>\n<td>ancho de trabajo<\/td>\n<td><strong>40-120 mm<\/strong>.<\/td>\n<\/tr>\n<tr>\n<td>espesor de trabajo<\/td>\n<td><strong>40-120 mm.<\/strong><\/td>\n<\/tr>\n<tr>\n<td>tama\u00f1o de la banda abrasiva<\/td>\n<td><strong>75&#215;3500 mm.<\/strong><\/td>\n<\/tr>\n<tr>\n<td>peso neto<\/td>\n<td><strong>3500 kg<\/strong><\/td>\n<\/tr>\n<\/tbody>\n<\/table>\n\t\t\t\t\t\t\t\t<\/div>\n\t\t\t\t<\/div>\n\t\t\t\t<\/div>\n\t\t<div class=\"elementor-element elementor-element-8616444 e-con-full e-flex e-con e-parent\" data-id=\"8616444\" data-element_type=\"container\" data-e-type=\"container\">\r\n\t\t\t\t<div class=\"elementor-element elementor-element-e1de2a1 elementor-widget elementor-widget-text-editor\" data-id=\"e1de2a1\" data-element_type=\"widget\" data-e-type=\"widget\" data-widget_type=\"text-editor.default\">\n\t\t\t\t<div class=\"elementor-widget-container\">\n\t\t\t\t\t\t\t\t\t<p style=\"text-align: center;\"><b>EJEMPLO DE NUESTRAS PRODUCIDAS<br \/><img decoding=\"async\" class=\"alignnone size-medium wp-image-11506\" src=\"https:\/\/www.sibo.it\/wp-content\/uploads\/2023\/08\/Campioni-SSB120-300x150.jpg\" alt=\"\" width=\"300\" height=\"150\"><br \/><\/b><\/p>\n<p><b> <\/b><\/p>\n\t\t\t\t\t\t\t\t<\/div>\n\t\t\t\t<\/div>\n\t\t\t\t<\/div>\n\t\t\t\t<\/div>\n\t\t\t\t<\/div>\n\t\t","protected":false},"excerpt":{"rendered":"<p><strong>ESMERILADORA AUTOM\u00c1TICA PARA LAS ARISTAS DE LAS BARRAS MODELO \u201cSSB\/120\u201d<\/strong><\/p>\n<p>M\u00e1quina autom\u00e1tica equipada con 16 bandas abrasivas, y es adecuada para esmerilar\/satinar las aristas de las barras cuadradas. Las barras avanzan autom\u00e1ticamente por medio de un transportador de rodillos motorizado a trav\u00e9s de 16 cintas abrasivas inclinadas, las qu\u00ed en basculando esmerlas los cuatro bordes al mismo tiempo. El posicionamiento de las bandas abrasivas se realiza mediante dispositivos digitales, completo con lecturas digitales y un potenci\u00f3metro para cambiar la velocidad.<\/p>\n","protected":false},"featured_media":11503,"comment_status":"closed","ping_status":"closed","template":"","meta":{"_acf_changed":false},"product_brand":[],"product_cat":[222,225],"product_tag":[],"class_list":{"0":"post-12357","1":"product","2":"type-product","3":"status-publish","4":"has-post-thumbnail","6":"product_cat-maquinas-metal","7":"product_cat-maquinas-personalizadas","8":"pa_applicazioni-soluciones-personalizadas","10":"first","11":"instock","12":"shipping-taxable","13":"product-type-simple"},"acf":[],"_links":{"self":[{"href":"https:\/\/www.sibo.it\/es\/wp-json\/wp\/v2\/product\/12357","targetHints":{"allow":["GET"]}}],"collection":[{"href":"https:\/\/www.sibo.it\/es\/wp-json\/wp\/v2\/product"}],"about":[{"href":"https:\/\/www.sibo.it\/es\/wp-json\/wp\/v2\/types\/product"}],"replies":[{"embeddable":true,"href":"https:\/\/www.sibo.it\/es\/wp-json\/wp\/v2\/comments?post=12357"}],"version-history":[{"count":1,"href":"https:\/\/www.sibo.it\/es\/wp-json\/wp\/v2\/product\/12357\/revisions"}],"predecessor-version":[{"id":12358,"href":"https:\/\/www.sibo.it\/es\/wp-json\/wp\/v2\/product\/12357\/revisions\/12358"}],"wp:featuredmedia":[{"embeddable":true,"href":"https:\/\/www.sibo.it\/es\/wp-json\/wp\/v2\/media\/11503"}],"wp:attachment":[{"href":"https:\/\/www.sibo.it\/es\/wp-json\/wp\/v2\/media?parent=12357"}],"wp:term":[{"taxonomy":"product_brand","embeddable":true,"href":"https:\/\/www.sibo.it\/es\/wp-json\/wp\/v2\/product_brand?post=12357"},{"taxonomy":"product_cat","embeddable":true,"href":"https:\/\/www.sibo.it\/es\/wp-json\/wp\/v2\/product_cat?post=12357"},{"taxonomy":"product_tag","embeddable":true,"href":"https:\/\/www.sibo.it\/es\/wp-json\/wp\/v2\/product_tag?post=12357"}],"curies":[{"name":"wp","href":"https:\/\/api.w.org\/{rel}","templated":true}]}}