{"id":12335,"date":"2023-08-24T16:48:00","date_gmt":"2023-08-24T15:48:00","guid":{"rendered":"https:\/\/www.sibo.it\/prodotto\/sab-cnc\/"},"modified":"2024-03-25T11:13:44","modified_gmt":"2024-03-25T10:13:44","slug":"sab-cnc","status":"publish","type":"product","link":"https:\/\/www.sibo.it\/es\/producto\/sab-cnc\/","title":{"rendered":"SAB\/CNC"},"content":{"rendered":"\t\t<div data-elementor-type=\"product-post\" data-elementor-id=\"12335\" class=\"elementor elementor-12335 elementor-11534\" data-elementor-post-type=\"product\">\n\t\t\t\t<div class=\"elementor-element elementor-element-cf1f3ba e-con-full e-flex e-con e-parent\" data-id=\"cf1f3ba\" data-element_type=\"container\" data-e-type=\"container\">\r\n\t\t<div class=\"elementor-element elementor-element-6d430be e-con-full e-flex e-con e-parent\" data-id=\"6d430be\" data-element_type=\"container\" data-e-type=\"container\">\r\n\t\t\t\t<div class=\"elementor-element elementor-element-ddd2f7f elementor-widget elementor-widget-text-editor\" data-id=\"ddd2f7f\" data-element_type=\"widget\" data-e-type=\"widget\" data-widget_type=\"text-editor.default\">\n\t\t\t\t<div class=\"elementor-widget-container\">\n\t\t\t\t\t\t\t\t\t<table border=\"0\" cellspacing=\"0\" cellpadding=\"0\">\n<tbody>\n<tr>\n<td>di\u00e1metro max.<\/td>\n<td><strong>750<\/strong> <strong>mm.<\/strong><\/td>\n<\/tr>\n<tr>\n<td>di\u00e1metro min.<\/td>\n<td><strong>300 mm.<\/strong><\/td>\n<\/tr>\n<tr>\n<td>velocidad de la banda abrasiva<\/td>\n<td><strong>25 mt.\/sec.<\/strong><\/td>\n<\/tr>\n<tr>\n<td>tama\u00f1o de la banda abrasiva<\/td>\n<td><strong>3500&#215;60 mm.<\/strong><\/td>\n<\/tr>\n<tr>\n<td>longitud m\u00e1x. de la bombona<\/td>\n<td><strong>11000 mm.<\/strong><\/td>\n<\/tr>\n<tr>\n<td>longitud min. de la bombona<\/td>\n<td><strong> 1000 mm.<\/strong><\/td>\n<\/tr>\n<tr>\n<td>peso neto<\/td>\n<td><strong>3500 kg.<\/strong><\/td>\n<\/tr>\n<\/tbody>\n<\/table>\n\t\t\t\t\t\t\t\t<\/div>\n\t\t\t\t<\/div>\n\t\t\t\t<\/div>\n\t\t<div class=\"elementor-element elementor-element-8616444 e-con-full e-flex e-con e-parent\" data-id=\"8616444\" data-element_type=\"container\" data-e-type=\"container\">\r\n\t\t\t\t<div class=\"elementor-element elementor-element-e1de2a1 elementor-widget elementor-widget-text-editor\" data-id=\"e1de2a1\" data-element_type=\"widget\" data-e-type=\"widget\" data-widget_type=\"text-editor.default\">\n\t\t\t\t<div class=\"elementor-widget-container\">\n\t\t\t\t\t\t\t\t\t<p style=\"text-align: center;\"><b>EJEMPLO DE NUESTRAS PRODUCIDAS<br \/><img decoding=\"async\" class=\"alignnone size-medium wp-image-11543\" src=\"https:\/\/www.sibo.it\/wp-content\/uploads\/2023\/08\/CAMP_BOMBOLE-300x150.jpg\" alt=\"\" width=\"300\" height=\"150\"> <br \/><\/b><\/p>\n<p><b> <\/b><\/p>\n\t\t\t\t\t\t\t\t<\/div>\n\t\t\t\t<\/div>\n\t\t\t\t<\/div>\n\t\t\t\t<\/div>\n\t\t\t\t<\/div>\n\t\t","protected":false},"excerpt":{"rendered":"<p><strong>ESMERILADORA AUTOM\u00c1TICA CNC PARA LAS OJIVAS DE LAS BOTELLAS MODELO \u00abSAB\/CNC\u00bb<\/strong><\/p>\n<p>Esmeriladora autom\u00e1tica CNC de 4 ejes, apta para el pulido de las ogivas de las botellas de gas. La m\u00e1quina est\u00e1 equipada con 1 banda de lija, y 4 ejes, cada uno controlada por un motor sin brushless, que le permite seguir el perfil de la ojiva.<\/p>\n","protected":false},"featured_media":11541,"comment_status":"closed","ping_status":"closed","template":"","meta":{"_acf_changed":false},"product_brand":[],"product_cat":[222,225],"product_tag":[],"class_list":{"0":"post-12335","1":"product","2":"type-product","3":"status-publish","4":"has-post-thumbnail","6":"product_cat-maquinas-metal","7":"product_cat-maquinas-personalizadas","8":"pa_applicazioni-soluciones-personalizadas","10":"first","11":"instock","12":"shipping-taxable","13":"product-type-simple"},"acf":[],"_links":{"self":[{"href":"https:\/\/www.sibo.it\/es\/wp-json\/wp\/v2\/product\/12335","targetHints":{"allow":["GET"]}}],"collection":[{"href":"https:\/\/www.sibo.it\/es\/wp-json\/wp\/v2\/product"}],"about":[{"href":"https:\/\/www.sibo.it\/es\/wp-json\/wp\/v2\/types\/product"}],"replies":[{"embeddable":true,"href":"https:\/\/www.sibo.it\/es\/wp-json\/wp\/v2\/comments?post=12335"}],"version-history":[{"count":1,"href":"https:\/\/www.sibo.it\/es\/wp-json\/wp\/v2\/product\/12335\/revisions"}],"predecessor-version":[{"id":12336,"href":"https:\/\/www.sibo.it\/es\/wp-json\/wp\/v2\/product\/12335\/revisions\/12336"}],"wp:featuredmedia":[{"embeddable":true,"href":"https:\/\/www.sibo.it\/es\/wp-json\/wp\/v2\/media\/11541"}],"wp:attachment":[{"href":"https:\/\/www.sibo.it\/es\/wp-json\/wp\/v2\/media?parent=12335"}],"wp:term":[{"taxonomy":"product_brand","embeddable":true,"href":"https:\/\/www.sibo.it\/es\/wp-json\/wp\/v2\/product_brand?post=12335"},{"taxonomy":"product_cat","embeddable":true,"href":"https:\/\/www.sibo.it\/es\/wp-json\/wp\/v2\/product_cat?post=12335"},{"taxonomy":"product_tag","embeddable":true,"href":"https:\/\/www.sibo.it\/es\/wp-json\/wp\/v2\/product_tag?post=12335"}],"curies":[{"name":"wp","href":"https:\/\/api.w.org\/{rel}","templated":true}]}}