{"id":12333,"date":"2023-08-24T17:07:13","date_gmt":"2023-08-24T16:07:13","guid":{"rendered":"https:\/\/www.sibo.it\/prodotto\/spt-cnc\/"},"modified":"2024-03-26T14:58:54","modified_gmt":"2024-03-26T13:58:54","slug":"spt-cnc","status":"publish","type":"product","link":"https:\/\/www.sibo.it\/es\/producto\/spt-cnc\/","title":{"rendered":"SPT\/CNC"},"content":{"rendered":"\t\t<div data-elementor-type=\"product-post\" data-elementor-id=\"12333\" class=\"elementor elementor-12333 elementor-11558\" data-elementor-post-type=\"product\">\n\t\t\t\t<div class=\"elementor-element elementor-element-cf1f3ba e-con-full e-flex e-con e-parent\" data-id=\"cf1f3ba\" data-element_type=\"container\" data-e-type=\"container\">\r\n\t\t<div class=\"elementor-element elementor-element-6d430be e-con-full e-flex e-con e-parent\" data-id=\"6d430be\" data-element_type=\"container\" data-e-type=\"container\">\r\n\t\t\t\t<div class=\"elementor-element elementor-element-ddd2f7f elementor-widget elementor-widget-text-editor\" data-id=\"ddd2f7f\" data-element_type=\"widget\" data-e-type=\"widget\" data-widget_type=\"text-editor.default\">\n\t\t\t\t<div class=\"elementor-widget-container\">\n\t\t\t\t\t\t\t\t\t<table border=\"0\" cellspacing=\"0\" cellpadding=\"0\">\n<tbody>\n<tr>\n<td>altura m\u00e1x de trabajo<\/td>\n<td><strong>120<\/strong> <strong>mm.<\/strong><\/td>\n<\/tr>\n<tr>\n<td>ancho m\u00e1x de trabajo<\/td>\n<td><strong> 150 mm.<\/strong><\/td>\n<\/tr>\n<tr>\n<td>velocidad de la banda abrasiva<\/td>\n<td><strong>25 mt\/sec<\/strong>.<\/td>\n<\/tr>\n<tr>\n<td>dimensi\u00f3n de la banda abrasiva<\/td>\n<td><strong>2500&#215;150 mm.<\/strong><\/td>\n<\/tr>\n<tr>\n<td>tama\u00f1o m\u00e1x de las piezas<\/td>\n<td><strong>500x120x120<\/strong> <strong>mm.<\/strong><\/td>\n<\/tr>\n<tr>\n<td>tiempo de producci\u00f3n de las piezas<\/td>\n<td><strong>Aprox. 3 minutos<\/strong><\/td>\n<\/tr>\n<tr>\n<td>peso neto<\/td>\n<td><strong>900 kg.<\/strong><\/td>\n<\/tr>\n<\/tbody>\n<\/table>\n\t\t\t\t\t\t\t\t<\/div>\n\t\t\t\t<\/div>\n\t\t\t\t<\/div>\n\t\t<div class=\"elementor-element elementor-element-8616444 e-con-full e-flex e-con e-parent\" data-id=\"8616444\" data-element_type=\"container\" data-e-type=\"container\">\r\n\t\t\t\t<div class=\"elementor-element elementor-element-e1de2a1 elementor-widget elementor-widget-text-editor\" data-id=\"e1de2a1\" data-element_type=\"widget\" data-e-type=\"widget\" data-widget_type=\"text-editor.default\">\n\t\t\t\t<div class=\"elementor-widget-container\">\n\t\t\t\t\t\t\t\t\t<p style=\"text-align: center;\"><b>EJEMPLO DE NUESTRAS PRODUCIDAS<br \/><img decoding=\"async\" class=\"alignnone size-medium wp-image-11567\" src=\"https:\/\/www.sibo.it\/wp-content\/uploads\/2023\/08\/CAMP_PALE_TURBINE-300x150.jpg\" alt=\"\" width=\"300\" height=\"150\"> <br \/><\/b><\/p>\n<p><b> <\/b><\/p>\n\t\t\t\t\t\t\t\t<\/div>\n\t\t\t\t<\/div>\n\t\t\t\t<\/div>\n\t\t\t\t<\/div>\n\t\t\t\t<\/div>\n\t\t","protected":false},"excerpt":{"rendered":"<p><strong>ESMERILADORA CNC PARA ASPAS DE TURBINA MODELO \u00abSPT\/CNC\u00bb<\/strong><\/p>\n<p>Esmeriladora autom\u00e1tica a control num\u00e9rico con 3 haces interpolados, aptos para esmerilar el perfil frontal del aspa. La m\u00e1quina est\u00e1 equipada con una banda abrasiva, con 3 deslizadores, cada uno controlado por un motor brushless sin escobillas, y un CN con pantalla t\u00e1ctil y sistema operativo \u00abLinux\u00bb.<\/p>\n","protected":false},"featured_media":17056,"comment_status":"closed","ping_status":"closed","template":"","meta":{"_acf_changed":false},"product_brand":[],"product_cat":[222,225],"product_tag":[],"class_list":{"0":"post-12333","1":"product","2":"type-product","3":"status-publish","4":"has-post-thumbnail","6":"product_cat-maquinas-metal","7":"product_cat-maquinas-personalizadas","8":"pa_applicazioni-soluciones-personalizadas","10":"first","11":"instock","12":"shipping-taxable","13":"product-type-simple"},"acf":[],"_links":{"self":[{"href":"https:\/\/www.sibo.it\/es\/wp-json\/wp\/v2\/product\/12333","targetHints":{"allow":["GET"]}}],"collection":[{"href":"https:\/\/www.sibo.it\/es\/wp-json\/wp\/v2\/product"}],"about":[{"href":"https:\/\/www.sibo.it\/es\/wp-json\/wp\/v2\/types\/product"}],"replies":[{"embeddable":true,"href":"https:\/\/www.sibo.it\/es\/wp-json\/wp\/v2\/comments?post=12333"}],"version-history":[{"count":1,"href":"https:\/\/www.sibo.it\/es\/wp-json\/wp\/v2\/product\/12333\/revisions"}],"predecessor-version":[{"id":12334,"href":"https:\/\/www.sibo.it\/es\/wp-json\/wp\/v2\/product\/12333\/revisions\/12334"}],"wp:featuredmedia":[{"embeddable":true,"href":"https:\/\/www.sibo.it\/es\/wp-json\/wp\/v2\/media\/17056"}],"wp:attachment":[{"href":"https:\/\/www.sibo.it\/es\/wp-json\/wp\/v2\/media?parent=12333"}],"wp:term":[{"taxonomy":"product_brand","embeddable":true,"href":"https:\/\/www.sibo.it\/es\/wp-json\/wp\/v2\/product_brand?post=12333"},{"taxonomy":"product_cat","embeddable":true,"href":"https:\/\/www.sibo.it\/es\/wp-json\/wp\/v2\/product_cat?post=12333"},{"taxonomy":"product_tag","embeddable":true,"href":"https:\/\/www.sibo.it\/es\/wp-json\/wp\/v2\/product_tag?post=12333"}],"curies":[{"name":"wp","href":"https:\/\/api.w.org\/{rel}","templated":true}]}}