{"id":12262,"date":"2023-05-18T08:43:37","date_gmt":"2023-05-18T07:43:37","guid":{"rendered":"https:\/\/www.sibo.it\/prodotto\/lscf\/"},"modified":"2024-03-26T16:22:52","modified_gmt":"2024-03-26T15:22:52","slug":"lscf","status":"publish","type":"product","link":"https:\/\/www.sibo.it\/es\/producto\/lscf\/","title":{"rendered":"LSCF"},"content":{"rendered":"\t\t<div data-elementor-type=\"product-post\" data-elementor-id=\"12262\" class=\"elementor elementor-12262 elementor-9759\" data-elementor-post-type=\"product\">\n\t\t\t\t<div class=\"elementor-element elementor-element-cf1f3ba e-con-full e-flex e-con e-parent\" data-id=\"cf1f3ba\" data-element_type=\"container\" data-e-type=\"container\">\r\n\t\t<div class=\"elementor-element elementor-element-6d430be e-con-full e-flex e-con e-parent\" data-id=\"6d430be\" data-element_type=\"container\" data-e-type=\"container\">\r\n\t\t\t\t<div class=\"elementor-element elementor-element-ddd2f7f elementor-widget elementor-widget-text-editor\" data-id=\"ddd2f7f\" data-element_type=\"widget\" data-e-type=\"widget\" data-widget_type=\"text-editor.default\">\n\t\t\t\t<div class=\"elementor-widget-container\">\n\t\t\t\t\t\t\t\t\t<table border=\"0\" cellspacing=\"0\" cellpadding=\"0\">\n<tbody>\n<tr>\n<td>ancho m\u00e1x de la pieza<\/td>\n<td><strong>100<\/strong> <strong>mm.<\/strong><\/td>\n<\/tr>\n<tr>\n<td>ancho m\u00e1x de trabajo<\/td>\n<td><strong>50 mm.<\/strong><\/td>\n<\/tr>\n<tr>\n<td>altura m\u00e1x de la pieza<\/td>\n<td><strong>120 mm.<\/strong><\/td>\n<\/tr>\n<tr>\n<td>ancho m\u00e1x de la trabajo<\/td>\n<td><strong>15 mm.<\/strong><\/td>\n<\/tr>\n<tr>\n<td>longitud m\u00e1x. de la pieza<\/td>\n<td><strong>300<\/strong> <strong>mm.<\/strong><\/td>\n<\/tr>\n<tr>\n<td>longitud m\u00e1x. de la trabajo<\/td>\n<td><strong>250<\/strong> <strong>mm.<\/strong><\/td>\n<\/tr>\n<tr>\n<td>di\u00e1metro max. cepillo<\/td>\n<td><strong>140<\/strong> <strong>mm.<\/strong><\/td>\n<\/tr>\n<tr>\n<td>di\u00e1metro min. cepillo<\/td>\n<td><strong>100<\/strong> <strong>mm.<\/strong><\/td>\n<\/tr>\n<tr>\n<td>velocidad de rotaci\u00f3n del cepillo<\/td>\n<td><strong>2800 RPM<\/strong><\/td>\n<\/tr>\n<tr>\n<td>peso neto<\/td>\n<td><strong>400 kg.<\/strong><\/td>\n<\/tr>\n<\/tbody>\n<\/table>\n\t\t\t\t\t\t\t\t<\/div>\n\t\t\t\t<\/div>\n\t\t\t\t<\/div>\n\t\t<div class=\"elementor-element elementor-element-8616444 e-con-full e-flex e-con e-parent\" data-id=\"8616444\" data-element_type=\"container\" data-e-type=\"container\">\r\n\t\t\t\t<div class=\"elementor-element elementor-element-e1de2a1 elementor-widget elementor-widget-text-editor\" data-id=\"e1de2a1\" data-element_type=\"widget\" data-e-type=\"widget\" data-widget_type=\"text-editor.default\">\n\t\t\t\t<div class=\"elementor-widget-container\">\n\t\t\t\t\t\t\t\t\t<p><b>EJEMPLO DE NUESTRAS PRODUCIDAS<\/b><\/p>\n<p><img fetchpriority=\"high\" decoding=\"async\" class=\"alignnone size-medium wp-image-10346\" src=\"https:\/\/www.sibo.it\/wp-content\/uploads\/2023\/08\/CAMP-LSCF-300x182.jpg\" alt=\"\" width=\"300\" height=\"182\"><\/p>\n\t\t\t\t\t\t\t\t<\/div>\n\t\t\t\t<\/div>\n\t\t\t\t<\/div>\n\t\t\t\t<\/div>\n\t\t\t\t<\/div>\n\t\t","protected":false},"excerpt":{"rendered":"<h2>PULIDORA AUTOMATICA CON COPIADOR MODELO \u00abLSCF\u00bb<\/h2>\n<p>M\u00e1quina apta para el pulido de los moldes superior e inferior para cubiertos. El molde se coloca manualmente sobre la mesa de trabajo donde queda bloqueado. En este punto, el operador cierra la puerta de protecci\u00f3n, y presionando un bot\u00f3n, la tabla portadora del molde avanzar\u00e1 y llevara los moldes hacia el punto necesario para comenzar el pulido. Mientras la m\u00e1quina est\u00e1 trabajando, es posible aumentar o disminuir la presi\u00f3n de trabajo de forma manual (se visualiza en el amper\u00edmetro digital). En la m\u00e1quina se puede configurar el n\u00famero deseado de pasadas requeridas o expresamente necesarias para el mejor acabado de la pieza. En la m\u00e1quina est\u00e1 montado un PLC para la programaci\u00f3n del trabajo.<\/p>\n","protected":false},"featured_media":12251,"comment_status":"closed","ping_status":"closed","template":"","meta":{"_acf_changed":false},"product_brand":[],"product_cat":[222,225],"product_tag":[],"class_list":{"0":"post-12262","1":"product","2":"type-product","3":"status-publish","4":"has-post-thumbnail","6":"product_cat-maquinas-metal","7":"product_cat-maquinas-personalizadas","8":"pa_applicazioni-soluciones-personalizadas","10":"first","11":"instock","12":"shipping-taxable","13":"product-type-simple"},"acf":[],"_links":{"self":[{"href":"https:\/\/www.sibo.it\/es\/wp-json\/wp\/v2\/product\/12262","targetHints":{"allow":["GET"]}}],"collection":[{"href":"https:\/\/www.sibo.it\/es\/wp-json\/wp\/v2\/product"}],"about":[{"href":"https:\/\/www.sibo.it\/es\/wp-json\/wp\/v2\/types\/product"}],"replies":[{"embeddable":true,"href":"https:\/\/www.sibo.it\/es\/wp-json\/wp\/v2\/comments?post=12262"}],"version-history":[{"count":3,"href":"https:\/\/www.sibo.it\/es\/wp-json\/wp\/v2\/product\/12262\/revisions"}],"predecessor-version":[{"id":12265,"href":"https:\/\/www.sibo.it\/es\/wp-json\/wp\/v2\/product\/12262\/revisions\/12265"}],"wp:featuredmedia":[{"embeddable":true,"href":"https:\/\/www.sibo.it\/es\/wp-json\/wp\/v2\/media\/12251"}],"wp:attachment":[{"href":"https:\/\/www.sibo.it\/es\/wp-json\/wp\/v2\/media?parent=12262"}],"wp:term":[{"taxonomy":"product_brand","embeddable":true,"href":"https:\/\/www.sibo.it\/es\/wp-json\/wp\/v2\/product_brand?post=12262"},{"taxonomy":"product_cat","embeddable":true,"href":"https:\/\/www.sibo.it\/es\/wp-json\/wp\/v2\/product_cat?post=12262"},{"taxonomy":"product_tag","embeddable":true,"href":"https:\/\/www.sibo.it\/es\/wp-json\/wp\/v2\/product_tag?post=12262"}],"curies":[{"name":"wp","href":"https:\/\/api.w.org\/{rel}","templated":true}]}}