{"id":11963,"date":"2023-08-25T12:43:09","date_gmt":"2023-08-25T11:43:09","guid":{"rendered":"https:\/\/www.sibo.it\/prodotto\/sml-1000\/"},"modified":"2024-03-26T10:07:20","modified_gmt":"2024-03-26T09:07:20","slug":"sml-1000","status":"publish","type":"product","link":"https:\/\/www.sibo.it\/es\/producto\/sml-1000\/","title":{"rendered":"SML\/1000"},"content":{"rendered":"\t\t<div data-elementor-type=\"product-post\" data-elementor-id=\"11963\" class=\"elementor elementor-11963 elementor-11939\" data-elementor-post-type=\"product\">\n\t\t\t\t<div class=\"elementor-element elementor-element-cf1f3ba e-con-full e-flex e-con e-parent\" data-id=\"cf1f3ba\" data-element_type=\"container\" data-e-type=\"container\">\r\n\t\t<div class=\"elementor-element elementor-element-6d430be e-con-full e-flex e-con e-parent\" data-id=\"6d430be\" data-element_type=\"container\" data-e-type=\"container\">\r\n\t\t\t\t<div class=\"elementor-element elementor-element-ddd2f7f elementor-widget elementor-widget-text-editor\" data-id=\"ddd2f7f\" data-element_type=\"widget\" data-e-type=\"widget\" data-widget_type=\"text-editor.default\">\n\t\t\t\t<div class=\"elementor-widget-container\">\n\t\t\t\t\t\t\t\t\t<table border=\"0\" cellspacing=\"0\" cellpadding=\"0\">\n<tbody>\n<tr>\n<td>longitud m\u00e1x. de trabajo<\/td>\n<td><strong>1000 mm.<\/strong><\/td>\n<\/tr>\n<tr>\n<td>longitud min. de trabajo<\/td>\n<td><strong>130 mm.<\/strong><\/td>\n<\/tr>\n<tr>\n<td>di\u00e1metro m\u00e1x. de trabajo<\/td>\n<td><strong>219 mm<\/strong>.<\/td>\n<\/tr>\n<tr>\n<td>di\u00e1metro min. de trabajo<\/td>\n<td><strong>58 mm.<\/strong><\/td>\n<\/tr>\n<tr>\n<td>velocidad de rotaci\u00f3n de cepillos<\/td>\n<td><strong>9000\u00f712000 RPM<\/strong><\/td>\n<\/tr>\n<tr>\n<td>diametro de cepillos<\/td>\n<td><strong>50-100 mm.<\/strong><\/td>\n<\/tr>\n<tr>\n<td>peso neto<\/td>\n<td><strong> 2220 kg<\/strong><\/td>\n<\/tr>\n<\/tbody>\n<\/table>\n\t\t\t\t\t\t\t\t<\/div>\n\t\t\t\t<\/div>\n\t\t\t\t<\/div>\n\t\t<div class=\"elementor-element elementor-element-8616444 e-con-full e-flex e-con e-parent\" data-id=\"8616444\" data-element_type=\"container\" data-e-type=\"container\">\r\n\t\t\t\t<div class=\"elementor-element elementor-element-e1de2a1 elementor-widget elementor-widget-text-editor\" data-id=\"e1de2a1\" data-element_type=\"widget\" data-e-type=\"widget\" data-widget_type=\"text-editor.default\">\n\t\t\t\t<div class=\"elementor-widget-container\">\n\t\t\t\t\t\t\t\t\t<p style=\"text-align: center;\"><b>EJEMPLO DE NUESTRAS PRODUCIDAS<br \/><img decoding=\"async\" class=\"alignnone size-medium wp-image-11947\" src=\"https:\/\/www.sibo.it\/wp-content\/uploads\/2023\/08\/Campioni-SML1000-300x150.jpg\" alt=\"\" width=\"300\" height=\"150\"><br \/><\/b><\/p>\n<p><b> <\/b><\/p>\n\t\t\t\t\t\t\t\t<\/div>\n\t\t\t\t<\/div>\n\t\t\t\t<\/div>\n\t\t\t\t<\/div>\n\t\t\t\t<\/div>\n\t\t","protected":false},"excerpt":{"rendered":"<p><strong>ESMERILADORA PULIDORA CNC PARA LAS SUPERFICIES INTERNAS DE TUBOS MODELO \u00abSML\/1000&#8243;<\/strong><\/p>\n<p>La m\u00e1quina autom\u00e1tica a control num\u00e9rico apta para esmerilar y polir las superficies internas de tuber\u00edas, cilindros, tanques y filtros. La m\u00e1quina est\u00e1 equipada con un control Mitsubishi de 5 ejes y est\u00e1 compuesta por un transportador de rodillos autocentrante, y est\u00e1 equipada con 3 mandrines de 1 metro, sobre los cuales est\u00e1n montados los cepillos. Mediante un panel de pantalla t\u00e1ctil, se pueden programar las siguientes operaciones: escarpado, rectificado y pulido.<\/p>\n","protected":false},"featured_media":11946,"comment_status":"closed","ping_status":"closed","template":"","meta":{"_acf_changed":false},"product_brand":[],"product_cat":[222,225],"product_tag":[],"class_list":{"0":"post-11963","1":"product","2":"type-product","3":"status-publish","4":"has-post-thumbnail","6":"product_cat-maquinas-metal","7":"product_cat-maquinas-personalizadas","8":"pa_applicazioni-soluciones-personalizadas","10":"first","11":"instock","12":"shipping-taxable","13":"product-type-simple"},"acf":[],"_links":{"self":[{"href":"https:\/\/www.sibo.it\/es\/wp-json\/wp\/v2\/product\/11963","targetHints":{"allow":["GET"]}}],"collection":[{"href":"https:\/\/www.sibo.it\/es\/wp-json\/wp\/v2\/product"}],"about":[{"href":"https:\/\/www.sibo.it\/es\/wp-json\/wp\/v2\/types\/product"}],"replies":[{"embeddable":true,"href":"https:\/\/www.sibo.it\/es\/wp-json\/wp\/v2\/comments?post=11963"}],"version-history":[{"count":4,"href":"https:\/\/www.sibo.it\/es\/wp-json\/wp\/v2\/product\/11963\/revisions"}],"predecessor-version":[{"id":12240,"href":"https:\/\/www.sibo.it\/es\/wp-json\/wp\/v2\/product\/11963\/revisions\/12240"}],"wp:featuredmedia":[{"embeddable":true,"href":"https:\/\/www.sibo.it\/es\/wp-json\/wp\/v2\/media\/11946"}],"wp:attachment":[{"href":"https:\/\/www.sibo.it\/es\/wp-json\/wp\/v2\/media?parent=11963"}],"wp:term":[{"taxonomy":"product_brand","embeddable":true,"href":"https:\/\/www.sibo.it\/es\/wp-json\/wp\/v2\/product_brand?post=11963"},{"taxonomy":"product_cat","embeddable":true,"href":"https:\/\/www.sibo.it\/es\/wp-json\/wp\/v2\/product_cat?post=11963"},{"taxonomy":"product_tag","embeddable":true,"href":"https:\/\/www.sibo.it\/es\/wp-json\/wp\/v2\/product_tag?post=11963"}],"curies":[{"name":"wp","href":"https:\/\/api.w.org\/{rel}","templated":true}]}}