{"id":11387,"date":"2023-08-09T13:04:55","date_gmt":"2023-08-09T12:04:55","guid":{"rendered":"https:\/\/www.sibo.it\/prodotto\/fbi-2c2t-2x1tcnc\/"},"modified":"2024-02-02T11:27:04","modified_gmt":"2024-02-02T10:27:04","slug":"fbi-2c2t-2x1tcnc","status":"publish","type":"product","link":"https:\/\/www.sibo.it\/es\/producto\/fbi-2c2t-2x1tcnc\/","title":{"rendered":"FBI\/2C2T\/2X1Tcnc"},"content":{"rendered":"\t\t<div data-elementor-type=\"product-post\" data-elementor-id=\"11387\" class=\"elementor elementor-11387 elementor-10416\" data-elementor-post-type=\"product\">\n\t\t\t\t<div class=\"elementor-element elementor-element-cf1f3ba e-con-full e-flex e-con e-parent\" data-id=\"cf1f3ba\" data-element_type=\"container\" data-e-type=\"container\">\r\n\t\t<div class=\"elementor-element elementor-element-6d430be e-con-full e-flex e-con e-child\" data-id=\"6d430be\" data-element_type=\"container\" data-e-type=\"container\">\r\n\t\t\t\t<div class=\"elementor-element elementor-element-ddd2f7f elementor-widget elementor-widget-text-editor\" data-id=\"ddd2f7f\" data-element_type=\"widget\" data-e-type=\"widget\" data-widget_type=\"text-editor.default\">\n\t\t\t\t<div class=\"elementor-widget-container\">\n\t\t\t\t\t\t\t\t\t<table border=\"0\" cellspacing=\"0\" cellpadding=\"0\">\n<tbody>\n<tr>\n<td>longitud m\u00e1x.<\/td>\n<td><strong>200&nbsp;mm.<\/strong><\/td>\n<\/tr>\n<tr>\n<td>ancho m\u00e1x.<\/td>\n<td><strong>100&nbsp;mm.<\/strong><\/td>\n<\/tr>\n<tr>\n<td>espesor m\u00e1x.<\/td>\n<td><strong>25 mm.<\/strong><\/td>\n<\/tr>\n<tr>\n<td>rotaci\u00f3n de la herramienta<\/td>\n<td><strong>18000\u00f724000 RPM<\/strong><\/td>\n<td>&nbsp;<\/td>\n<\/tr>\n<tr>\n<td>producci\u00f3n variable<\/td>\n<td><strong>3\u00f77 pz.\/min.<\/strong><\/td>\n<\/tr>\n<\/tbody>\n<\/table>\n<p style=\"text-align: left;\"><br><\/p>\n<p style=\"text-align: left;\">\n<\/p>\t\t\t\t\t\t\t\t<\/div>\n\t\t\t\t<\/div>\n\t\t\t\t<\/div>\n\t\t<div class=\"elementor-element elementor-element-8616444 e-con-full e-flex e-con e-child\" data-id=\"8616444\" data-element_type=\"container\" data-e-type=\"container\">\r\n\t\t\t\t<div class=\"elementor-element elementor-element-e1de2a1 elementor-widget elementor-widget-text-editor\" data-id=\"e1de2a1\" data-element_type=\"widget\" data-e-type=\"widget\" data-widget_type=\"text-editor.default\">\n\t\t\t\t<div class=\"elementor-widget-container\">\n\t\t\t\t\t\t\t\t\t<p><b>EJEMPLO DE NUESTRAS PRODUCIDAS<\/b><\/p>\n<p><img decoding=\"async\" class=\"alignnone size-medium wp-image-8373\" src=\"https:\/\/www.sibo.it\/wp-content\/uploads\/2023\/03\/Manici-FBI-Burghaus-300x150.jpg\" alt=\"\" width=\"300\" height=\"150\"><\/p>\n\t\t\t\t\t\t\t\t<\/div>\n\t\t\t\t<\/div>\n\t\t\t\t<\/div>\n\t\t\t\t<\/div>\n\t\t\t\t<\/div>\n\t\t","protected":false},"excerpt":{"rendered":"<p><strong>FRESADORA AUTOMATICA CON 5 EJES MODELO \u00abFBI\/2C2T\/2X1TCNC\u00bb<\/strong><\/p>\n<p>M\u00e1quina CNC es adecuada para fresar el perfil de los mangos de la cuchilla, para hacer una espiga y perforarla.<br \/>\nDescripci\u00f3n:<br \/>\nLa pieza en bruto se coloca manualmente en el cargador que carga 1 pieza a la vez en la mesa de trabajo. La pieza se sujeta autom\u00e1ticamente en un lado, el cargador vuelve a la posici\u00f3n inicial y la fresa que es montada en 2 gu\u00edas deslizantes accionadas por medio de un control num\u00e9rico, fresa la mitad del perfil. Al final de esta operaci\u00f3n, la pieza se sujeta al lado trabajado y la fresa trabaja en la otra mitad del perfil. En este punto, el dispositivo de fresado lateral, ejecuta la espiga con el perfil deseado, luego la unidad, que est\u00e1 montada en una mesa giratoria de alta precisi\u00f3n, gira 180 \u00b0 trayendo el taladro en frente de la espiga, para perforarlo con la profundidad deseada. Una vez que el proceso de trabajo se ha completado, la pieza se suelta y se descarga mientras una nueva pieza se cargar\u00e1 autom\u00e1ticamente.<\/p>\n","protected":false},"featured_media":8372,"comment_status":"closed","ping_status":"closed","template":"","meta":{"_acf_changed":false},"product_brand":[],"product_cat":[214,137],"product_tag":[],"class_list":{"0":"post-11387","1":"product","2":"type-product","3":"status-publish","4":"has-post-thumbnail","6":"product_cat-fresadoras-cnc","7":"product_cat-maquinas-madera","8":"pa_applicazioni-mangos-de-cuchillos","10":"first","11":"instock","12":"shipping-taxable","13":"product-type-simple"},"acf":[],"_links":{"self":[{"href":"https:\/\/www.sibo.it\/es\/wp-json\/wp\/v2\/product\/11387","targetHints":{"allow":["GET"]}}],"collection":[{"href":"https:\/\/www.sibo.it\/es\/wp-json\/wp\/v2\/product"}],"about":[{"href":"https:\/\/www.sibo.it\/es\/wp-json\/wp\/v2\/types\/product"}],"replies":[{"embeddable":true,"href":"https:\/\/www.sibo.it\/es\/wp-json\/wp\/v2\/comments?post=11387"}],"version-history":[{"count":2,"href":"https:\/\/www.sibo.it\/es\/wp-json\/wp\/v2\/product\/11387\/revisions"}],"predecessor-version":[{"id":15606,"href":"https:\/\/www.sibo.it\/es\/wp-json\/wp\/v2\/product\/11387\/revisions\/15606"}],"wp:featuredmedia":[{"embeddable":true,"href":"https:\/\/www.sibo.it\/es\/wp-json\/wp\/v2\/media\/8372"}],"wp:attachment":[{"href":"https:\/\/www.sibo.it\/es\/wp-json\/wp\/v2\/media?parent=11387"}],"wp:term":[{"taxonomy":"product_brand","embeddable":true,"href":"https:\/\/www.sibo.it\/es\/wp-json\/wp\/v2\/product_brand?post=11387"},{"taxonomy":"product_cat","embeddable":true,"href":"https:\/\/www.sibo.it\/es\/wp-json\/wp\/v2\/product_cat?post=11387"},{"taxonomy":"product_tag","embeddable":true,"href":"https:\/\/www.sibo.it\/es\/wp-json\/wp\/v2\/product_tag?post=11387"}],"curies":[{"name":"wp","href":"https:\/\/api.w.org\/{rel}","templated":true}]}}