{"id":11353,"date":"2023-08-09T14:02:26","date_gmt":"2023-08-09T13:02:26","guid":{"rendered":"https:\/\/www.sibo.it\/prodotto\/fbi-1c1t-2x1cnc\/"},"modified":"2024-01-23T14:20:08","modified_gmt":"2024-01-23T13:20:08","slug":"fbi-1c1t-2x1cnc","status":"publish","type":"product","link":"https:\/\/www.sibo.it\/es\/producto\/fbi-1c1t-2x1cnc\/","title":{"rendered":"FBI\/1C1T\/2X1cnc"},"content":{"rendered":"\t\t<div data-elementor-type=\"product-post\" data-elementor-id=\"11353\" class=\"elementor elementor-11353 elementor-10439\" data-elementor-post-type=\"product\">\n\t\t\t\t<div class=\"elementor-element elementor-element-cf1f3ba e-con-full e-flex e-con e-parent\" data-id=\"cf1f3ba\" data-element_type=\"container\" data-e-type=\"container\">\r\n\t\t<div class=\"elementor-element elementor-element-6d430be e-con-full e-flex e-con e-parent\" data-id=\"6d430be\" data-element_type=\"container\" data-e-type=\"container\">\r\n\t\t\t\t<div class=\"elementor-element elementor-element-ddd2f7f elementor-widget elementor-widget-text-editor\" data-id=\"ddd2f7f\" data-element_type=\"widget\" data-e-type=\"widget\" data-widget_type=\"text-editor.default\">\n\t\t\t\t<div class=\"elementor-widget-container\">\n\t\t\t\t\t\t\t\t\t<table border=\"0\" cellspacing=\"0\" cellpadding=\"0\">\n<tbody>\n<tr>\n<td>longitud m\u00e1x.<\/td>\n<td><strong>200 mm. <\/strong><\/td>\n<\/tr>\n<tr>\n<td>ancho max.<\/td>\n<td><strong>100 mm. <\/strong><\/td>\n<\/tr>\n<tr>\n<td>espesor m\u00e1x.<\/td>\n<td><strong>25 mm. <\/strong><\/td>\n<\/tr>\n<tr>\n<td>rotaci\u00f3n de la herramienta<\/td>\n<td><strong>18000\u00f724000 RPM<\/strong><\/td>\n<\/tr>\n<tr>\n<td>producci\u00f3n <\/td>\n<td><strong>2\u00f74 pz.\/min.<\/strong><\/td>\n<\/tr>\n<tr>\n<td colspan=\"2\">carga y descarga autom\u00e1tica de las piezas<\/td>\n<\/tr>\n<\/tbody>\n<\/table>\n<p style=\"text-align: left;\"><b>ACCESORIOS<\/b><\/p>\n<p style=\"text-align: left;\">\n\t\t\t\t\t\t\t\t<\/div>\n\t\t\t\t<\/div>\n\t\t\t\t<\/div>\n\t\t<div class=\"elementor-element elementor-element-8616444 e-con-full e-flex e-con e-parent\" data-id=\"8616444\" data-element_type=\"container\" data-e-type=\"container\">\r\n\t\t\t\t<div class=\"elementor-element elementor-element-e1de2a1 elementor-widget elementor-widget-text-editor\" data-id=\"e1de2a1\" data-element_type=\"widget\" data-e-type=\"widget\" data-widget_type=\"text-editor.default\">\n\t\t\t\t<div class=\"elementor-widget-container\">\n\t\t\t\t\t\t\t\t\t<p><b>EJEMPLO DE NUESTRAS PRODUCIDAS<\/b><\/p>\n<p><img decoding=\"async\" class=\"alignnone size-medium wp-image-10441\" src=\"https:\/\/www.sibo.it\/wp-content\/uploads\/2023\/08\/FMRC-300x150.jpg\" alt=\"\" width=\"300\" height=\"150\"><\/p>\n\t\t\t\t\t\t\t\t<\/div>\n\t\t\t\t<\/div>\n\t\t\t\t<\/div>\n\t\t\t\t<\/div>\n\t\t\t\t<\/div>\n\t\t","protected":false},"excerpt":{"rendered":"<p><strong>FRESADORA AUTOMATICA A UNA CABEZALE MODELO \u00abFBI\/1C1T\/2X1CNC\u00bb<\/strong><\/p>\n<p>M\u00e1quina CNC adecuada para fresar el perfil del mango del cuchillo y para perforarla.<br \/>\nDescripci\u00f3n:<br \/>\nLas piezas de trabajo se colocan manualmente en dos compartimientos, cada uno de los cuales lleva una pieza sobre una mesa de trabajo. En este punto, las piezas est\u00e1n bloqueados, los cargadores vuelven a la posici\u00f3n inicial y dos herramientas, montadas sobre dos deslizadores controlados por un control num\u00e9rico ,trabajan sobre la mitad de la pieza. Al final de esta etapa de procesamiento, las piezas quedan bloqueados en la posici\u00f3n opuesta y las herramientas realizan el trabajo sobre la otra mitad del perfil. Al final del ciclo, las piezas se descargan autom\u00e1ticamente, mientras se colocan las nuevas en primera posici\u00f3n.<\/p>\n","protected":false},"featured_media":8449,"comment_status":"closed","ping_status":"closed","template":"","meta":{"_acf_changed":false},"product_brand":[],"product_cat":[214,137],"product_tag":[],"class_list":{"0":"post-11353","1":"product","2":"type-product","3":"status-publish","4":"has-post-thumbnail","6":"product_cat-fresadoras-cnc","7":"product_cat-maquinas-madera","8":"pa_applicazioni-mangos-de-cuchillos","10":"first","11":"instock","12":"shipping-taxable","13":"product-type-simple"},"acf":[],"_links":{"self":[{"href":"https:\/\/www.sibo.it\/es\/wp-json\/wp\/v2\/product\/11353","targetHints":{"allow":["GET"]}}],"collection":[{"href":"https:\/\/www.sibo.it\/es\/wp-json\/wp\/v2\/product"}],"about":[{"href":"https:\/\/www.sibo.it\/es\/wp-json\/wp\/v2\/types\/product"}],"replies":[{"embeddable":true,"href":"https:\/\/www.sibo.it\/es\/wp-json\/wp\/v2\/comments?post=11353"}],"version-history":[{"count":1,"href":"https:\/\/www.sibo.it\/es\/wp-json\/wp\/v2\/product\/11353\/revisions"}],"predecessor-version":[{"id":11354,"href":"https:\/\/www.sibo.it\/es\/wp-json\/wp\/v2\/product\/11353\/revisions\/11354"}],"wp:featuredmedia":[{"embeddable":true,"href":"https:\/\/www.sibo.it\/es\/wp-json\/wp\/v2\/media\/8449"}],"wp:attachment":[{"href":"https:\/\/www.sibo.it\/es\/wp-json\/wp\/v2\/media?parent=11353"}],"wp:term":[{"taxonomy":"product_brand","embeddable":true,"href":"https:\/\/www.sibo.it\/es\/wp-json\/wp\/v2\/product_brand?post=11353"},{"taxonomy":"product_cat","embeddable":true,"href":"https:\/\/www.sibo.it\/es\/wp-json\/wp\/v2\/product_cat?post=11353"},{"taxonomy":"product_tag","embeddable":true,"href":"https:\/\/www.sibo.it\/es\/wp-json\/wp\/v2\/product_tag?post=11353"}],"curies":[{"name":"wp","href":"https:\/\/api.w.org\/{rel}","templated":true}]}}