{"id":11323,"date":"2023-08-09T14:10:05","date_gmt":"2023-08-09T13:10:05","guid":{"rendered":"https:\/\/www.sibo.it\/prodotto\/fmc-cnc\/"},"modified":"2024-01-23T12:02:13","modified_gmt":"2024-01-23T11:02:13","slug":"fmc-cnc","status":"publish","type":"product","link":"https:\/\/www.sibo.it\/es\/producto\/fmc-cnc\/","title":{"rendered":"FMC\/CNC"},"content":{"rendered":"\t\t<div data-elementor-type=\"product-post\" data-elementor-id=\"11323\" class=\"elementor elementor-11323 elementor-10450\" data-elementor-post-type=\"product\">\n\t\t\t\t<div class=\"elementor-element elementor-element-cf1f3ba e-con-full e-flex e-con e-parent\" data-id=\"cf1f3ba\" data-element_type=\"container\" data-e-type=\"container\">\r\n\t\t<div class=\"elementor-element elementor-element-6d430be e-con-full e-flex e-con e-parent\" data-id=\"6d430be\" data-element_type=\"container\" data-e-type=\"container\">\r\n\t\t\t\t<div class=\"elementor-element elementor-element-ddd2f7f elementor-widget elementor-widget-text-editor\" data-id=\"ddd2f7f\" data-element_type=\"widget\" data-e-type=\"widget\" data-widget_type=\"text-editor.default\">\n\t\t\t\t<div class=\"elementor-widget-container\">\n\t\t\t\t\t\t\t\t\t<table border=\"0\" cellspacing=\"0\" cellpadding=\"0\">\n<tbody>\n<tr>\n<td>longitud m\u00e1x.<\/td>\n<td><strong>200 mm.<\/strong><\/td>\n<\/tr>\n<tr>\n<td>ancho m\u00e1x.<\/td>\n<td><strong>50 mm.<\/strong><\/td>\n<\/tr>\n<tr>\n<td>espesor m\u00e1x.<\/td>\n<td><strong>20 mm.<\/strong><\/td>\n<\/tr>\n<tr>\n<td>di\u00e1metro m\u00e1x de la herramienta<\/td>\n<td><strong>80 mm.<\/strong><\/td>\n<\/tr>\n<tr>\n<td>rotaci\u00f3n de la herramienta<\/td>\n<td><strong> 15000\u00f718000 RPM<\/strong><\/td>\n<\/tr>\n<tr>\n<td>piezas trabajadas al mismo tiempo<\/td>\n<td><strong>2<\/strong><\/td>\n<\/tr>\n<tr>\n<td>producci\u00f3n <br \/>L=100 mm.<\/td>\n<td><strong>10 pz.\/min<\/strong><\/td>\n<\/tr>\n<\/tbody>\n<\/table>\n<p style=\"text-align: left;\"><b>ACCESORIOS<\/b><\/p>\n<p style=\"text-align: left;\">\n\t\t\t\t\t\t\t\t<\/div>\n\t\t\t\t<\/div>\n\t\t\t\t<\/div>\n\t\t<div class=\"elementor-element elementor-element-8616444 e-con-full e-flex e-con e-parent\" data-id=\"8616444\" data-element_type=\"container\" data-e-type=\"container\">\r\n\t\t\t\t<div class=\"elementor-element elementor-element-e1de2a1 elementor-widget elementor-widget-text-editor\" data-id=\"e1de2a1\" data-element_type=\"widget\" data-e-type=\"widget\" data-widget_type=\"text-editor.default\">\n\t\t\t\t<div class=\"elementor-widget-container\">\n\t\t\t\t\t\t\t\t\t<p><b>EJEMPLO DE NUESTRAS PRODUCIDAS<\/b><\/p>\n<p><img decoding=\"async\" class=\"alignnone size-medium wp-image-8235\" src=\"https:\/\/www.sibo.it\/wp-content\/uploads\/2023\/03\/Campioni-FMC-1-CNC-300x150.jpg\" alt=\"\" width=\"300\" height=\"150\"><\/p>\n\t\t\t\t\t\t\t\t<\/div>\n\t\t\t\t<\/div>\n\t\t\t\t<\/div>\n\t\t\t\t<\/div>\n\t\t\t\t<\/div>\n\t\t","protected":false},"excerpt":{"rendered":"<p><strong>FRESADORA PARA MANGOS DE CUCHILLOS MODELO \u00abFMC\/CNC\u00bb<\/strong><\/p>\n<p>Esta m\u00e1quina m\u00e1s adecuada para la producci\u00f3n en masa de piezas fresadas en tres lados, como mangos de cuchillos, mangos de brochas planas y formas diferentes. La m\u00e1quina dispone de dos puestos de trabajo, cada uno de ellos est\u00e1 compuesto por dos cargadores y dos dispositivos de sujeci\u00f3n independientes, y una unidad de fresado, que est\u00e1 compuesto por dos ejes, cada uno trabaja una sola pieza. Cuando se han cargado y sujetado las dos primeras piezas en la primera estaci\u00f3n, la fresadora comienza a mecanizarlas y, al mismo tiempo, se cargan otras dos piezas en la segunda estaci\u00f3n. Una vez finalizado el mecanizado de las dos primeras piezas, las herramientas se desplazan a la segunda estaci\u00f3n para mecanizar las previamente cargadas, mientras que en la primera estaci\u00f3n se cargan dos nuevas piezas en bruto, descargando las ya terminadas. Eso significa que usted no tiene tiempo de inactividad.<br \/>\n<strong>IMPORTANTE<\/strong>: Las fresas est\u00e1n moviendo y no las piezas.<\/p>\n","protected":false},"featured_media":8292,"comment_status":"closed","ping_status":"closed","template":"","meta":{"_acf_changed":false},"product_brand":[],"product_cat":[214,137],"product_tag":[],"class_list":{"0":"post-11323","1":"product","2":"type-product","3":"status-publish","4":"has-post-thumbnail","6":"product_cat-fresadoras-cnc","7":"product_cat-maquinas-madera","8":"pa_applicazioni-mangos-de-cuchillos","10":"first","11":"instock","12":"shipping-taxable","13":"product-type-simple"},"acf":[],"_links":{"self":[{"href":"https:\/\/www.sibo.it\/es\/wp-json\/wp\/v2\/product\/11323","targetHints":{"allow":["GET"]}}],"collection":[{"href":"https:\/\/www.sibo.it\/es\/wp-json\/wp\/v2\/product"}],"about":[{"href":"https:\/\/www.sibo.it\/es\/wp-json\/wp\/v2\/types\/product"}],"replies":[{"embeddable":true,"href":"https:\/\/www.sibo.it\/es\/wp-json\/wp\/v2\/comments?post=11323"}],"version-history":[{"count":1,"href":"https:\/\/www.sibo.it\/es\/wp-json\/wp\/v2\/product\/11323\/revisions"}],"predecessor-version":[{"id":11324,"href":"https:\/\/www.sibo.it\/es\/wp-json\/wp\/v2\/product\/11323\/revisions\/11324"}],"wp:featuredmedia":[{"embeddable":true,"href":"https:\/\/www.sibo.it\/es\/wp-json\/wp\/v2\/media\/8292"}],"wp:attachment":[{"href":"https:\/\/www.sibo.it\/es\/wp-json\/wp\/v2\/media?parent=11323"}],"wp:term":[{"taxonomy":"product_brand","embeddable":true,"href":"https:\/\/www.sibo.it\/es\/wp-json\/wp\/v2\/product_brand?post=11323"},{"taxonomy":"product_cat","embeddable":true,"href":"https:\/\/www.sibo.it\/es\/wp-json\/wp\/v2\/product_cat?post=11323"},{"taxonomy":"product_tag","embeddable":true,"href":"https:\/\/www.sibo.it\/es\/wp-json\/wp\/v2\/product_tag?post=11323"}],"curies":[{"name":"wp","href":"https:\/\/api.w.org\/{rel}","templated":true}]}}