{"id":11312,"date":"2023-08-09T14:22:00","date_gmt":"2023-08-09T13:22:00","guid":{"rendered":"https:\/\/www.sibo.it\/prodotto\/3fra-cnc\/"},"modified":"2024-01-23T11:49:56","modified_gmt":"2024-01-23T10:49:56","slug":"3fra-cnc","status":"publish","type":"product","link":"https:\/\/www.sibo.it\/es\/producto\/3fra-cnc\/","title":{"rendered":"3FRA\/CNC"},"content":{"rendered":"\t\t<div data-elementor-type=\"product-post\" data-elementor-id=\"11312\" class=\"elementor elementor-11312 elementor-10461\" data-elementor-post-type=\"product\">\n\t\t\t\t<div class=\"elementor-element elementor-element-cf1f3ba e-con-full e-flex e-con e-parent\" data-id=\"cf1f3ba\" data-element_type=\"container\" data-e-type=\"container\">\r\n\t\t<div class=\"elementor-element elementor-element-6d430be e-con-full e-flex e-con e-parent\" data-id=\"6d430be\" data-element_type=\"container\" data-e-type=\"container\">\r\n\t\t\t\t<div class=\"elementor-element elementor-element-ddd2f7f elementor-widget elementor-widget-text-editor\" data-id=\"ddd2f7f\" data-element_type=\"widget\" data-e-type=\"widget\" data-widget_type=\"text-editor.default\">\n\t\t\t\t<div class=\"elementor-widget-container\">\n\t\t\t\t\t\t\t\t\t<table border=\"0\" cellspacing=\"0\" cellpadding=\"0\">\n<tbody>\n<tr>\n<td>longitud m\u00e1x.<\/td>\n<td><strong>200 mm.<\/strong><\/td>\n<\/tr>\n<tr>\n<td>longitud min.<\/td>\n<td><strong>80 mm.<\/strong><\/td>\n<\/tr>\n<tr>\n<td>di\u00e1metro m\u00edn.<\/td>\n<td><strong>15 mm.<\/strong><\/td>\n<\/tr>\n<tr>\n<td>di\u00e1metro max.<\/td>\n<td><strong>80 mm.<\/strong><\/td>\n<\/tr>\n<tr>\n<td>producci\u00f3n variable <\/td>\n<td><strong>250\u00f7400 pz.\/h.<\/strong><\/td>\n<\/tr>\n<\/tbody>\n<\/table>\n<p style=\"text-align: left;\"><b>ACCESORIOS<\/b><\/p>\n<p style=\"text-align: left;\">\n\t\t\t\t\t\t\t\t<\/div>\n\t\t\t\t<\/div>\n\t\t\t\t<\/div>\n\t\t<div class=\"elementor-element elementor-element-8616444 e-con-full e-flex e-con e-parent\" data-id=\"8616444\" data-element_type=\"container\" data-e-type=\"container\">\r\n\t\t\t\t<div class=\"elementor-element elementor-element-e1de2a1 elementor-widget elementor-widget-text-editor\" data-id=\"e1de2a1\" data-element_type=\"widget\" data-e-type=\"widget\" data-widget_type=\"text-editor.default\">\n\t\t\t\t<div class=\"elementor-widget-container\">\n\t\t\t\t\t\t\t\t\t<p><b>EJEMPLO DE NUESTRAS PRODUCIDAS<\/b><\/p>\n<p><img decoding=\"async\" class=\"alignnone size-medium wp-image-8465\" src=\"https:\/\/www.sibo.it\/wp-content\/uploads\/2023\/03\/samples-3FRA-cnc-300x150.jpg\" alt=\"\" width=\"300\" height=\"150\"><\/p>\n\t\t\t\t\t\t\t\t<\/div>\n\t\t\t\t<\/div>\n\t\t\t\t<\/div>\n\t\t\t\t<\/div>\n\t\t\t\t<\/div>\n\t\t","protected":false},"excerpt":{"rendered":"<p><strong>FRESADORA AUTOMATICA CNC MODELO \u00ab3FRA\/CNC\u00bb<\/strong><\/p>\n<p>Fresadora autom\u00e1tica CNC para trabajar mangos de cuchillos, pinceles, cepillos para el cabello con secci\u00f3n redonda, oval, cuadrada, octagonal, hexagonal, etc.<\/p>\n<p>La m\u00e1quina est\u00e1 compuesta de un cargador, una o dos unidades de perforaci\u00f3n opcionales, una mesa giratoria de 6 posiciones y 3 unidades de fresado independientes que permiten el procesamiento simult\u00e1neo de 3 perfiles diferentes.<\/p>\n<p>La m\u00e1quina est\u00e1 equipada con un sistema CAM que permite la conversi\u00f3n de dibujos DXF en lenguaje ISO con la posibilidad de realizar la compensaci\u00f3n de la fresa, cambiar la velocidad de rotaci\u00f3n y de avance de cada fresa. Las piezas bruta se colocan manualmente en el cargador, que carga 1 pieza a la vez en la posici\u00f3n de perforaci\u00f3n. Al final de esta fase, la pieza perforada se carga en una mesa giratoria de alta precisi\u00f3n donde se mecanizan los perfiles deseados mientras se carga una pieza nueva en la posici\u00f3n de perforaci\u00f3n. Al final de cada ciclo, las piezas se descargan autom\u00e1ticamente.<\/p>\n","protected":false},"featured_media":8476,"comment_status":"closed","ping_status":"closed","template":"","meta":{"_acf_changed":false},"product_brand":[],"product_cat":[214,137],"product_tag":[],"class_list":{"0":"post-11312","1":"product","2":"type-product","3":"status-publish","4":"has-post-thumbnail","6":"product_cat-fresadoras-cnc","7":"product_cat-maquinas-madera","8":"pa_applicazioni-cepillos-redondos","9":"pa_applicazioni-mangos-de-cuchillos","10":"pa_applicazioni-pinceles-ovales","11":"pa_applicazioni-pinceles-redondos","13":"first","14":"instock","15":"shipping-taxable","16":"product-type-simple"},"acf":[],"_links":{"self":[{"href":"https:\/\/www.sibo.it\/es\/wp-json\/wp\/v2\/product\/11312","targetHints":{"allow":["GET"]}}],"collection":[{"href":"https:\/\/www.sibo.it\/es\/wp-json\/wp\/v2\/product"}],"about":[{"href":"https:\/\/www.sibo.it\/es\/wp-json\/wp\/v2\/types\/product"}],"replies":[{"embeddable":true,"href":"https:\/\/www.sibo.it\/es\/wp-json\/wp\/v2\/comments?post=11312"}],"version-history":[{"count":1,"href":"https:\/\/www.sibo.it\/es\/wp-json\/wp\/v2\/product\/11312\/revisions"}],"predecessor-version":[{"id":11313,"href":"https:\/\/www.sibo.it\/es\/wp-json\/wp\/v2\/product\/11312\/revisions\/11313"}],"wp:featuredmedia":[{"embeddable":true,"href":"https:\/\/www.sibo.it\/es\/wp-json\/wp\/v2\/media\/8476"}],"wp:attachment":[{"href":"https:\/\/www.sibo.it\/es\/wp-json\/wp\/v2\/media?parent=11312"}],"wp:term":[{"taxonomy":"product_brand","embeddable":true,"href":"https:\/\/www.sibo.it\/es\/wp-json\/wp\/v2\/product_brand?post=11312"},{"taxonomy":"product_cat","embeddable":true,"href":"https:\/\/www.sibo.it\/es\/wp-json\/wp\/v2\/product_cat?post=11312"},{"taxonomy":"product_tag","embeddable":true,"href":"https:\/\/www.sibo.it\/es\/wp-json\/wp\/v2\/product_tag?post=11312"}],"curies":[{"name":"wp","href":"https:\/\/api.w.org\/{rel}","templated":true}]}}