{"id":11300,"date":"2023-08-09T14:29:54","date_gmt":"2023-08-09T13:29:54","guid":{"rendered":"https:\/\/www.sibo.it\/prodotto\/revo-2-0\/"},"modified":"2024-01-23T11:49:07","modified_gmt":"2024-01-23T10:49:07","slug":"revo-2-0","status":"publish","type":"product","link":"https:\/\/www.sibo.it\/es\/producto\/revo-2-0\/","title":{"rendered":"REVO 2.0"},"content":{"rendered":"\t\t<div data-elementor-type=\"product-post\" data-elementor-id=\"11300\" class=\"elementor elementor-11300 elementor-10467\" data-elementor-post-type=\"product\">\n\t\t\t\t<div class=\"elementor-element elementor-element-cf1f3ba e-con-full e-flex e-con e-parent\" data-id=\"cf1f3ba\" data-element_type=\"container\" data-e-type=\"container\">\r\n\t\t<div class=\"elementor-element elementor-element-6d430be e-con-full e-flex e-con e-parent\" data-id=\"6d430be\" data-element_type=\"container\" data-e-type=\"container\">\r\n\t\t\t\t<div class=\"elementor-element elementor-element-ddd2f7f elementor-widget elementor-widget-text-editor\" data-id=\"ddd2f7f\" data-element_type=\"widget\" data-e-type=\"widget\" data-widget_type=\"text-editor.default\">\n\t\t\t\t<div class=\"elementor-widget-container\">\n\t\t\t\t\t\t\t\t\t<table border=\"0\" cellspacing=\"0\" cellpadding=\"0\">\n<tbody>\n<tr>\n<td>longitud max.<\/td>\n<td><strong>150 mm.<\/strong><\/td>\n<\/tr>\n<tr>\n<td>ancho max.<\/td>\n<td><strong>55 mm.<\/strong><\/td>\n<\/tr>\n<tr>\n<td>espesor max.<\/td>\n<td><strong>55 mm.<\/strong><\/td>\n<\/tr>\n<tr>\n<td>rotaci\u00f3n de la herramienta<\/td>\n<td><strong>11.000 RPM<\/strong><\/td>\n<\/tr>\n<tr>\n<td>di\u00e1metro eje<\/td>\n<td><strong>30 mm.<\/strong><\/td>\n<\/tr>\n<tr>\n<td>producci\u00f3n variable<\/td>\n<td><strong>240-360 pz.\/h.<\/strong><\/td>\n<\/tr>\n<\/tbody>\n<\/table>\n<p style=\"text-align: left;\"><b>ACCESORIOS<\/b><\/p>\n<p style=\"text-align: left;\">\n\t\t\t\t\t\t\t\t<\/div>\n\t\t\t\t<\/div>\n\t\t\t\t<\/div>\n\t\t<div class=\"elementor-element elementor-element-8616444 e-con-full e-flex e-con e-parent\" data-id=\"8616444\" data-element_type=\"container\" data-e-type=\"container\">\r\n\t\t\t\t<div class=\"elementor-element elementor-element-e1de2a1 elementor-widget elementor-widget-text-editor\" data-id=\"e1de2a1\" data-element_type=\"widget\" data-e-type=\"widget\" data-widget_type=\"text-editor.default\">\n\t\t\t\t<div class=\"elementor-widget-container\">\n\t\t\t\t\t\t\t\t\t<p><b>EJEMPLO DE NUESTRAS PRODUCIDAS<\/b><\/p>\n<p><img decoding=\"async\" class=\"alignnone size-medium wp-image-8498\" src=\"https:\/\/www.sibo.it\/wp-content\/uploads\/2023\/03\/REVO-CAMP-300x150.jpg\" alt=\"\" width=\"300\" height=\"150\"><\/p>\n\t\t\t\t\t\t\t\t<\/div>\n\t\t\t\t<\/div>\n\t\t\t\t<\/div>\n\t\t\t\t<\/div>\n\t\t\t\t<\/div>\n\t\t","protected":false},"excerpt":{"rendered":"<p><strong>FRESADORA CNC CON 13 EJES MODELO \u00abREVO 2.0\u00bb<\/strong><\/p>\n<p>L\u00ednea autom\u00e1tica CNC est\u00e1 dise\u00f1ada para mangos de cuchillo maneja hasta 5 perfiles diferentes con secci\u00f3n redonda, ovalada y irregular. La l\u00ednea se divide en 3 partes, un \u00e1rea para encabezar, un \u00e1rea de fresado cnc de 13 ejes interpolados (5 ejes lineales y 8 ejes rotatives), y una zona para terminar el perfil. Toda la l\u00ednea est\u00e1 controlada por un PC industrial con sistema \u00abLinux\u00bb, monitor de 15\u201dcon pantalla t\u00e1ctil, conexi\u00f3n a Internet para asistencia remota, dispositivo USB para cargar y descargar archivos. El programa permite cargar los perfiles de mango en formato DXF, y luego la trayectoria de corte se crea autom\u00e1ticamente por el programa de acuerdo con los par\u00e1metros establecidos como el di\u00e1metro de la fresa, el n\u00famero de rotaci\u00f3n pieza, rpm de la pieza.<\/p>\n","protected":false},"featured_media":8497,"comment_status":"closed","ping_status":"closed","template":"","meta":{"_acf_changed":false},"product_brand":[],"product_cat":[214,137],"product_tag":[],"class_list":{"0":"post-11300","1":"product","2":"type-product","3":"status-publish","4":"has-post-thumbnail","6":"product_cat-fresadoras-cnc","7":"product_cat-maquinas-madera","8":"pa_applicazioni-mangos-de-cuchillos","10":"first","11":"instock","12":"shipping-taxable","13":"product-type-simple"},"acf":[],"_links":{"self":[{"href":"https:\/\/www.sibo.it\/es\/wp-json\/wp\/v2\/product\/11300","targetHints":{"allow":["GET"]}}],"collection":[{"href":"https:\/\/www.sibo.it\/es\/wp-json\/wp\/v2\/product"}],"about":[{"href":"https:\/\/www.sibo.it\/es\/wp-json\/wp\/v2\/types\/product"}],"replies":[{"embeddable":true,"href":"https:\/\/www.sibo.it\/es\/wp-json\/wp\/v2\/comments?post=11300"}],"version-history":[{"count":1,"href":"https:\/\/www.sibo.it\/es\/wp-json\/wp\/v2\/product\/11300\/revisions"}],"predecessor-version":[{"id":11301,"href":"https:\/\/www.sibo.it\/es\/wp-json\/wp\/v2\/product\/11300\/revisions\/11301"}],"wp:featuredmedia":[{"embeddable":true,"href":"https:\/\/www.sibo.it\/es\/wp-json\/wp\/v2\/media\/8497"}],"wp:attachment":[{"href":"https:\/\/www.sibo.it\/es\/wp-json\/wp\/v2\/media?parent=11300"}],"wp:term":[{"taxonomy":"product_brand","embeddable":true,"href":"https:\/\/www.sibo.it\/es\/wp-json\/wp\/v2\/product_brand?post=11300"},{"taxonomy":"product_cat","embeddable":true,"href":"https:\/\/www.sibo.it\/es\/wp-json\/wp\/v2\/product_cat?post=11300"},{"taxonomy":"product_tag","embeddable":true,"href":"https:\/\/www.sibo.it\/es\/wp-json\/wp\/v2\/product_tag?post=11300"}],"curies":[{"name":"wp","href":"https:\/\/api.w.org\/{rel}","templated":true}]}}