{"id":11220,"date":"2023-08-09T10:14:27","date_gmt":"2023-08-09T09:14:27","guid":{"rendered":"https:\/\/www.sibo.it\/prodotto\/4pra-200\/"},"modified":"2023-08-18T16:03:01","modified_gmt":"2023-08-18T15:03:01","slug":"4pra-200","status":"publish","type":"product","link":"https:\/\/www.sibo.it\/es\/producto\/4pra-200\/","title":{"rendered":"4PRA\/200"},"content":{"rendered":"\t\t<div data-elementor-type=\"product-post\" data-elementor-id=\"11220\" class=\"elementor elementor-11220 elementor-10371\" data-elementor-post-type=\"product\">\n\t\t\t\t<div class=\"elementor-element elementor-element-cf1f3ba e-con-full e-flex e-con e-parent\" data-id=\"cf1f3ba\" data-element_type=\"container\" data-e-type=\"container\">\r\n\t\t<div class=\"elementor-element elementor-element-6d430be e-con-full e-flex e-con e-parent\" data-id=\"6d430be\" data-element_type=\"container\" data-e-type=\"container\">\r\n\t\t\t\t<div class=\"elementor-element elementor-element-ddd2f7f elementor-widget elementor-widget-text-editor\" data-id=\"ddd2f7f\" data-element_type=\"widget\" data-e-type=\"widget\" data-widget_type=\"text-editor.default\">\n\t\t\t\t<div class=\"elementor-widget-container\">\n\t\t\t\t\t\t\t\t\t<table border=\"0\" cellspacing=\"0\" cellpadding=\"0\">\n<tbody>\n<tr>\n<td>longitud m\u00edn. de trabajo<\/td>\n<td><strong>150 mm. <\/strong><\/td>\n<\/tr>\n<tr>\n<td>longitud m\u00e1x. de trabajo<\/td>\n<td><strong>200 mm. <\/strong><\/td>\n<\/tr>\n<tr>\n<td>longitud m\u00e1x. de la pieza<\/td>\n<td><strong>400 mm.<\/strong><\/td>\n<\/tr>\n<tr>\n<td>di\u00e1metro m\u00edn.<\/td>\n<td><strong>10 mm. <\/strong><\/td>\n<\/tr>\n<tr>\n<td>di\u00e1metro max.<\/td>\n<td><strong>30 mm. <\/strong><\/td>\n<\/tr>\n<tr>\n<td>producci\u00f3n<\/td>\n<td><strong>10 pz.\/h.<\/strong><\/td>\n<\/tr>\n<\/tbody>\n<\/table>\n<p style=\"text-align: left;\"><b> <\/b><\/p>\n<p style=\"text-align: left;\"><b>ACCESORIOS<\/b><\/p>\n<p style=\"text-align: left;\">\n\t\t\t\t\t\t\t\t<\/div>\n\t\t\t\t<\/div>\n\t\t\t\t<\/div>\n\t\t<div class=\"elementor-element elementor-element-8616444 e-con-full e-flex e-con e-parent\" data-id=\"8616444\" data-element_type=\"container\" data-e-type=\"container\">\r\n\t\t\t\t<div class=\"elementor-element elementor-element-e1de2a1 elementor-widget elementor-widget-text-editor\" data-id=\"e1de2a1\" data-element_type=\"widget\" data-e-type=\"widget\" data-widget_type=\"text-editor.default\">\n\t\t\t\t<div class=\"elementor-widget-container\">\n\t\t\t\t\t\t\t\t\t<p><b>EJEMPLO DE NUESTRAS PRODUCIDAS<\/b><\/p>\n<p><img decoding=\"async\" class=\"alignnone size-medium wp-image-7556\" src=\"https:\/\/www.sibo.it\/wp-content\/uploads\/2023\/03\/4PRA200-camp-300x150.jpg\" alt=\"\" width=\"300\" height=\"150\"><\/p>\n\t\t\t\t\t\t\t\t<\/div>\n\t\t\t\t<\/div>\n\t\t\t\t<\/div>\n\t\t\t\t<\/div>\n\t\t\t\t<\/div>\n\t\t","protected":false},"excerpt":{"rendered":"<p><strong>FRESADORA COPIADORA AUTOMATICA MODELO \u00ab4PRA\/200\u00bb<\/strong><\/p>\n<p>Fresadora copiadora autom\u00e1tica adecuada para fresar los mangos de las cucharas. La m\u00e1quina est\u00e1 equipada con un cargador autom\u00e1tico que alimenta 4 piezas en bruto al mismo tiempo entre centros y contrapuntos y cuatro cortadores perfilados accionados por una leva, que trabaja los mangos. Al final del proceso las piezas son autom\u00e1ticamente expulsadas y el ciclo comienza de nuevo.<\/p>\n","protected":false},"featured_media":2336,"comment_status":"closed","ping_status":"closed","template":"","meta":{"_acf_changed":false},"product_brand":[],"product_cat":[216,137],"product_tag":[],"class_list":{"0":"post-11220","1":"product","2":"type-product","3":"status-publish","4":"has-post-thumbnail","6":"product_cat-fresadoras-rotativas","7":"product_cat-maquinas-madera","8":"pa_applicazioni-cucharas-y-tenedores","10":"first","11":"instock","12":"shipping-taxable","13":"product-type-simple"},"acf":[],"_links":{"self":[{"href":"https:\/\/www.sibo.it\/es\/wp-json\/wp\/v2\/product\/11220","targetHints":{"allow":["GET"]}}],"collection":[{"href":"https:\/\/www.sibo.it\/es\/wp-json\/wp\/v2\/product"}],"about":[{"href":"https:\/\/www.sibo.it\/es\/wp-json\/wp\/v2\/types\/product"}],"replies":[{"embeddable":true,"href":"https:\/\/www.sibo.it\/es\/wp-json\/wp\/v2\/comments?post=11220"}],"version-history":[{"count":1,"href":"https:\/\/www.sibo.it\/es\/wp-json\/wp\/v2\/product\/11220\/revisions"}],"predecessor-version":[{"id":11221,"href":"https:\/\/www.sibo.it\/es\/wp-json\/wp\/v2\/product\/11220\/revisions\/11221"}],"wp:featuredmedia":[{"embeddable":true,"href":"https:\/\/www.sibo.it\/es\/wp-json\/wp\/v2\/media\/2336"}],"wp:attachment":[{"href":"https:\/\/www.sibo.it\/es\/wp-json\/wp\/v2\/media?parent=11220"}],"wp:term":[{"taxonomy":"product_brand","embeddable":true,"href":"https:\/\/www.sibo.it\/es\/wp-json\/wp\/v2\/product_brand?post=11220"},{"taxonomy":"product_cat","embeddable":true,"href":"https:\/\/www.sibo.it\/es\/wp-json\/wp\/v2\/product_cat?post=11220"},{"taxonomy":"product_tag","embeddable":true,"href":"https:\/\/www.sibo.it\/es\/wp-json\/wp\/v2\/product_tag?post=11220"}],"curies":[{"name":"wp","href":"https:\/\/api.w.org\/{rel}","templated":true}]}}