{"id":11200,"date":"2023-08-09T12:29:10","date_gmt":"2023-08-09T11:29:10","guid":{"rendered":"https:\/\/www.sibo.it\/prodotto\/pra-m60\/"},"modified":"2024-01-18T16:11:47","modified_gmt":"2024-01-18T15:11:47","slug":"pra-m60","status":"publish","type":"product","link":"https:\/\/www.sibo.it\/es\/producto\/pra-m60\/","title":{"rendered":"PRA\/M60"},"content":{"rendered":"\t\t<div data-elementor-type=\"product-post\" data-elementor-id=\"11200\" class=\"elementor elementor-11200 elementor-10395\" data-elementor-post-type=\"product\">\n\t\t\t\t<div class=\"elementor-element elementor-element-cf1f3ba e-con-full e-flex e-con e-parent\" data-id=\"cf1f3ba\" data-element_type=\"container\" data-e-type=\"container\">\r\n\t\t<div class=\"elementor-element elementor-element-6d430be e-con-full e-flex e-con e-parent\" data-id=\"6d430be\" data-element_type=\"container\" data-e-type=\"container\">\r\n\t\t\t\t<div class=\"elementor-element elementor-element-ddd2f7f elementor-widget elementor-widget-text-editor\" data-id=\"ddd2f7f\" data-element_type=\"widget\" data-e-type=\"widget\" data-widget_type=\"text-editor.default\">\n\t\t\t\t<div class=\"elementor-widget-container\">\n\t\t\t\t\t\t\t\t\t<table border=\"0\" cellspacing=\"0\" cellpadding=\"0\">\n<tbody>\n<tr>\n<td>longitud max.<\/td>\n<td><strong>600 mm.<\/strong><\/td>\n<\/tr>\n<tr>\n<td>longitud min.<\/td>\n<td><strong>100 mm.<\/strong><\/td>\n<\/tr>\n<tr>\n<td>di\u00e1metro m\u00edn.<\/td>\n<td><strong>20 mm.<\/strong><\/td>\n<\/tr>\n<tr>\n<td>di\u00e1metro max.<\/td>\n<td><strong>80 mm.<\/strong><\/td>\n<\/tr>\n<tr>\n<td>producci\u00f3n<\/td>\n<td><strong>120\u00f7300 pz.\/h.<\/strong><\/td>\n<\/tr>\n<\/tbody>\n<\/table>\n<p style=\"text-align: left;\"><b>ACCESORIOS<\/b><\/p>\n<p style=\"text-align: left;\">\n\t\t\t\t\t\t\t\t<\/div>\n\t\t\t\t<\/div>\n\t\t\t\t<\/div>\n\t\t<div class=\"elementor-element elementor-element-8616444 e-con-full e-flex e-con e-parent\" data-id=\"8616444\" data-element_type=\"container\" data-e-type=\"container\">\r\n\t\t\t\t<div class=\"elementor-element elementor-element-e1de2a1 elementor-widget elementor-widget-text-editor\" data-id=\"e1de2a1\" data-element_type=\"widget\" data-e-type=\"widget\" data-widget_type=\"text-editor.default\">\n\t\t\t\t<div class=\"elementor-widget-container\">\n\t\t\t\t\t\t\t\t\t<p><b>EJEMPLO DE NUESTRAS PRODUCIDAS<\/b><\/p>\n<p><img decoding=\"async\" class=\"alignnone size-medium wp-image-7726\" src=\"https:\/\/www.sibo.it\/wp-content\/uploads\/2023\/03\/PR60-CAMP-300x150.jpg\" alt=\"\" width=\"300\" height=\"150\"><\/p>\n\t\t\t\t\t\t\t\t<\/div>\n\t\t\t\t<\/div>\n\t\t\t\t<\/div>\n\t\t\t\t<\/div>\n\t\t\t\t<\/div>\n\t\t","protected":false},"excerpt":{"rendered":"<p><strong>FRESADORA COPIADORA AUTOMATICA CON CARGADOR MODELO \u00abPRA\/M60\u00bb<\/strong><\/p>\n<p>M\u00e1quina con cargador y cabezales m\u00f3viles para la producci\u00f3n masiva de piezas de secci\u00f3n redonda, oval, octagonal, cuadradas, rectas, c\u00f3nicas y moldeadas, como mangos de martillos y pico, macetas, as\u00ed como patas de los muebles, sillas, mesas, etc.<\/p>\n<p><strong>La m\u00e1quina puede ser equipada con:<\/strong><\/p>\n<ul>\n<li><span style=\"font-size: 16px;\">Aparatos para ejecutar de forma simult\u00e1nea el conector redondo en las patas octogonales o entestar una extremidad regulable axialmente.<\/span><\/li>\n<\/ul>\n","protected":false},"featured_media":7719,"comment_status":"closed","ping_status":"closed","template":"","meta":{"_acf_changed":false},"product_brand":[],"product_cat":[216,137],"product_tag":[],"class_list":{"0":"post-11200","1":"product","2":"type-product","3":"status-publish","4":"has-post-thumbnail","6":"product_cat-fresadoras-rotativas","7":"product_cat-maquinas-madera","8":"pa_applicazioni-mangos-de-martillos","10":"first","11":"instock","12":"shipping-taxable","13":"product-type-simple"},"acf":[],"_links":{"self":[{"href":"https:\/\/www.sibo.it\/es\/wp-json\/wp\/v2\/product\/11200","targetHints":{"allow":["GET"]}}],"collection":[{"href":"https:\/\/www.sibo.it\/es\/wp-json\/wp\/v2\/product"}],"about":[{"href":"https:\/\/www.sibo.it\/es\/wp-json\/wp\/v2\/types\/product"}],"replies":[{"embeddable":true,"href":"https:\/\/www.sibo.it\/es\/wp-json\/wp\/v2\/comments?post=11200"}],"version-history":[{"count":2,"href":"https:\/\/www.sibo.it\/es\/wp-json\/wp\/v2\/product\/11200\/revisions"}],"predecessor-version":[{"id":15328,"href":"https:\/\/www.sibo.it\/es\/wp-json\/wp\/v2\/product\/11200\/revisions\/15328"}],"wp:featuredmedia":[{"embeddable":true,"href":"https:\/\/www.sibo.it\/es\/wp-json\/wp\/v2\/media\/7719"}],"wp:attachment":[{"href":"https:\/\/www.sibo.it\/es\/wp-json\/wp\/v2\/media?parent=11200"}],"wp:term":[{"taxonomy":"product_brand","embeddable":true,"href":"https:\/\/www.sibo.it\/es\/wp-json\/wp\/v2\/product_brand?post=11200"},{"taxonomy":"product_cat","embeddable":true,"href":"https:\/\/www.sibo.it\/es\/wp-json\/wp\/v2\/product_cat?post=11200"},{"taxonomy":"product_tag","embeddable":true,"href":"https:\/\/www.sibo.it\/es\/wp-json\/wp\/v2\/product_tag?post=11200"}],"curies":[{"name":"wp","href":"https:\/\/api.w.org\/{rel}","templated":true}]}}