{"id":11158,"date":"2023-08-03T09:32:29","date_gmt":"2023-08-03T08:32:29","guid":{"rendered":"https:\/\/www.sibo.it\/prodotto\/dcs-l\/"},"modified":"2023-08-18T13:05:29","modified_gmt":"2023-08-18T12:05:29","slug":"dcs-l","status":"publish","type":"product","link":"https:\/\/www.sibo.it\/es\/producto\/dcs-l\/","title":{"rendered":"DCS\/L"},"content":{"rendered":"\t\t<div data-elementor-type=\"product-post\" data-elementor-id=\"11158\" class=\"elementor elementor-11158 elementor-10267\" data-elementor-post-type=\"product\">\n\t\t\t\t<div class=\"elementor-element elementor-element-cf1f3ba e-con-full e-flex e-con e-parent\" data-id=\"cf1f3ba\" data-element_type=\"container\" data-e-type=\"container\">\r\n\t\t<div class=\"elementor-element elementor-element-6d430be e-con-full e-flex e-con e-parent\" data-id=\"6d430be\" data-element_type=\"container\" data-e-type=\"container\">\r\n\t\t\t\t<div class=\"elementor-element elementor-element-ddd2f7f elementor-widget elementor-widget-text-editor\" data-id=\"ddd2f7f\" data-element_type=\"widget\" data-e-type=\"widget\" data-widget_type=\"text-editor.default\">\n\t\t\t\t<div class=\"elementor-widget-container\">\n\t\t\t\t\t\t\t\t\t<table border=\"0\" cellspacing=\"0\" cellpadding=\"0\">\n<tbody>\n<tr>\n<td>longitud m\u00e1x.<\/td>\n<td><strong>400 mm.<\/strong><\/td>\n<\/tr>\n<tr>\n<td>ancho m\u00e1x.<\/td>\n<td><strong>100 mm.<\/strong><\/td>\n<\/tr>\n<tr>\n<td>espesor max.<\/td>\n<td><strong>25 mm.<\/strong><\/td>\n<\/tr>\n<tr>\n<td>rotaci\u00f3n de las herramientas<\/td>\n<td><strong>12.000 RPM<\/strong><\/td>\n<\/tr>\n<tr>\n<td>di\u00e1metro del mandril<\/td>\n<td><strong>20 mm.<\/strong><\/td>\n<\/tr>\n<tr>\n<td>producci\u00f3n variable<\/td>\n<td><strong>150\u00f7500 pz.\/h.<\/strong><\/td>\n<\/tr>\n<\/tbody>\n<\/table>\n<p style=\"text-align: left;\"><b> <\/b><\/p>\n<p style=\"text-align: left;\"><b>ACCESORIOS<\/b><\/p>\n<p style=\"text-align: left;\">\n\t\t\t\t\t\t\t\t<\/div>\n\t\t\t\t<\/div>\n\t\t\t\t<\/div>\n\t\t<div class=\"elementor-element elementor-element-8616444 e-con-full e-flex e-con e-parent\" data-id=\"8616444\" data-element_type=\"container\" data-e-type=\"container\">\r\n\t\t\t\t<div class=\"elementor-element elementor-element-e1de2a1 elementor-widget elementor-widget-text-editor\" data-id=\"e1de2a1\" data-element_type=\"widget\" data-e-type=\"widget\" data-widget_type=\"text-editor.default\">\n\t\t\t\t<div class=\"elementor-widget-container\">\n\t\t\t\t\t\t\t\t\t<p><b>EJEMPLO DE NUESTRAS PRODUCIDAS<\/b><\/p>\n<p><img decoding=\"async\" class=\"alignnone size-medium wp-image-10276\" src=\"https:\/\/www.sibo.it\/wp-content\/uploads\/2023\/08\/Example-of-samples-produced-300x150.jpg\" alt=\"\" width=\"300\" height=\"150\"><\/p>\n\t\t\t\t\t\t\t\t<\/div>\n\t\t\t\t<\/div>\n\t\t\t\t<\/div>\n\t\t\t\t<\/div>\n\t\t\t\t<\/div>\n\t\t","protected":false},"excerpt":{"rendered":"<p><strong>FRESADORA COPIADORA MODELO \u00abDCS\/L\u00bb<\/strong><\/p>\n<p>Maquina autom\u00e1tica con avance a direcci\u00f3n hidr\u00e1ulica es conveniente para realizar el perfil de los mangos de pinceles planos, mangos de cuchillos, cucharas y cepillos. Trabaja simult\u00e1neamente con dos fresas, controladas por una plantilla. Despu\u00e9s de que las piezas han sido fresado, se descargan autom\u00e1ticamente. La velocidad es regulable de 0 a 16 m.\/min., tambi\u00e9n se ha dise\u00f1ado un sistema autom\u00e1tico que reduce la velocidad en los puntos particularmente mas dif\u00edciles, para luego volver a la velocidad programada. La m\u00e1quina se puede construir con 1 o 2 cargadores y se puede obtener la versi\u00f3n con mandriles el\u00e9ctricos.<\/p>\n","protected":false},"featured_media":10291,"comment_status":"closed","ping_status":"closed","template":"","meta":{"_acf_changed":false},"product_brand":[],"product_cat":[215,137],"product_tag":[],"class_list":{"0":"post-11158","1":"product","2":"type-product","3":"status-publish","4":"has-post-thumbnail","6":"product_cat-fresadoras-lineares-con-copiador","7":"product_cat-maquinas-madera","8":"pa_applicazioni-escobas-y-cepillos","9":"pa_applicazioni-pinceles-planos","11":"first","12":"instock","13":"shipping-taxable","14":"product-type-simple"},"acf":[],"_links":{"self":[{"href":"https:\/\/www.sibo.it\/es\/wp-json\/wp\/v2\/product\/11158","targetHints":{"allow":["GET"]}}],"collection":[{"href":"https:\/\/www.sibo.it\/es\/wp-json\/wp\/v2\/product"}],"about":[{"href":"https:\/\/www.sibo.it\/es\/wp-json\/wp\/v2\/types\/product"}],"replies":[{"embeddable":true,"href":"https:\/\/www.sibo.it\/es\/wp-json\/wp\/v2\/comments?post=11158"}],"version-history":[{"count":1,"href":"https:\/\/www.sibo.it\/es\/wp-json\/wp\/v2\/product\/11158\/revisions"}],"predecessor-version":[{"id":11159,"href":"https:\/\/www.sibo.it\/es\/wp-json\/wp\/v2\/product\/11158\/revisions\/11159"}],"wp:featuredmedia":[{"embeddable":true,"href":"https:\/\/www.sibo.it\/es\/wp-json\/wp\/v2\/media\/10291"}],"wp:attachment":[{"href":"https:\/\/www.sibo.it\/es\/wp-json\/wp\/v2\/media?parent=11158"}],"wp:term":[{"taxonomy":"product_brand","embeddable":true,"href":"https:\/\/www.sibo.it\/es\/wp-json\/wp\/v2\/product_brand?post=11158"},{"taxonomy":"product_cat","embeddable":true,"href":"https:\/\/www.sibo.it\/es\/wp-json\/wp\/v2\/product_cat?post=11158"},{"taxonomy":"product_tag","embeddable":true,"href":"https:\/\/www.sibo.it\/es\/wp-json\/wp\/v2\/product_tag?post=11158"}],"curies":[{"name":"wp","href":"https:\/\/api.w.org\/{rel}","templated":true}]}}