{"id":11149,"date":"2023-03-22T09:42:39","date_gmt":"2023-03-22T08:42:39","guid":{"rendered":"https:\/\/www.sibo.it\/prodotto\/2lu-c380\/"},"modified":"2024-01-18T12:04:25","modified_gmt":"2024-01-18T11:04:25","slug":"2lu-c380","status":"publish","type":"product","link":"https:\/\/www.sibo.it\/es\/producto\/2lu-c380\/","title":{"rendered":"2LU\/C380"},"content":{"rendered":"\t\t<div data-elementor-type=\"product-post\" data-elementor-id=\"11149\" class=\"elementor elementor-11149 elementor-9561\" data-elementor-post-type=\"product\">\n\t\t\t\t<div class=\"elementor-element elementor-element-cf1f3ba e-con-full e-flex e-con e-parent\" data-id=\"cf1f3ba\" data-element_type=\"container\" data-e-type=\"container\">\r\n\t\t<div class=\"elementor-element elementor-element-6d430be e-con-full e-flex e-con e-child\" data-id=\"6d430be\" data-element_type=\"container\" data-e-type=\"container\">\r\n\t\t\t\t<div class=\"elementor-element elementor-element-ddd2f7f elementor-widget elementor-widget-text-editor\" data-id=\"ddd2f7f\" data-element_type=\"widget\" data-e-type=\"widget\" data-widget_type=\"text-editor.default\">\n\t\t\t\t<div class=\"elementor-widget-container\">\n\t\t\t\t\t\t\t\t\t<table style=\"text-align: var(--text-align); color: var(--porto-body-color); letter-spacing: var(--porto-body-ls,0);\" border=\"0\" cellspacing=\"0\" cellpadding=\"0\">\n<tbody>\n<tr>\n<td>di\u00e1metro min.<\/td>\n<td><strong>5 mm.<\/strong><\/td>\n<\/tr>\n<tr>\n<td>di\u00e1metro max.<\/td>\n<td><strong>150 mm.<\/strong><\/td>\n<\/tr>\n<tr>\n<td>radio de curvatura m\u00ednimo con \u00d8 max 50 mm.<\/td>\n<td><strong> 400 mm.<\/strong><\/td>\n<\/tr>\n<tr>\n<td>longitud min.<\/td>\n<td><strong>400 mm.<\/strong><\/td>\n<\/tr>\n<tr>\n<td>longitud m\u00e1x. <\/td>\n<td><strong>illimitado<\/strong><\/td>\n<\/tr>\n<tr>\n<td>desarrollo de bandas abrasivas (\u00d8 da 10 a 50 mm)<\/td>\n<td><strong>1550&#215;80 mm.<\/strong><\/td>\n<\/tr>\n<tr>\n<td>desarrollo de bandas abrasivas (\u00d8 da 40 a 100 mm)<\/td>\n<td><strong>1550&#215;80 mm.<\/strong><\/td>\n<\/tr>\n<tr>\n<td>desarrollo de bandas abrasivas (\u00d8 da 100 a 150 mm)<\/td>\n<td><strong>1420&#215;80 mm.<\/strong><\/td>\n<\/tr>\n<tr>\n<td>peso neto<\/td>\n<td><strong>400 kg<\/strong><\/td>\n<\/tr>\n<\/tbody>\n<\/table>\n<p style=\"text-align: left;\"><b> <\/b><\/p>\n<p style=\"text-align: left;\"><b>ACCESORIOS<\/b><\/p>\n<p style=\"text-align: left;\"><img fetchpriority=\"high\" decoding=\"async\" style=\"letter-spacing: 0.005em; text-align: var(--text-align); color: var(--porto-body-color);\" src=\"https:\/\/www.sibo.it\/wp-content\/uploads\/2023\/03\/Horizontal-loaderi-300x300.jpg\" alt=\"\" width=\"300\" height=\"300\"><\/p>\n\t\t\t\t\t\t\t\t<\/div>\n\t\t\t\t<\/div>\n\t\t\t\t<\/div>\n\t\t<div class=\"elementor-element elementor-element-8616444 e-con-full e-flex e-con e-child\" data-id=\"8616444\" data-element_type=\"container\" data-e-type=\"container\">\r\n\t\t\t\t<div class=\"elementor-element elementor-element-e1de2a1 elementor-widget elementor-widget-text-editor\" data-id=\"e1de2a1\" data-element_type=\"widget\" data-e-type=\"widget\" data-widget_type=\"text-editor.default\">\n\t\t\t\t<div class=\"elementor-widget-container\">\n\t\t\t\t\t\t\t\t\t<p><b>EJEMPLO DE NUESTRAS PRODUCIDAS<\/b><\/p>\n<p><img decoding=\"async\" class=\"alignnone size-medium wp-image-10292\" src=\"https:\/\/www.sibo.it\/wp-content\/uploads\/2023\/08\/2LUC380-300x150.jpg\" alt=\"\" width=\"300\" height=\"150\"><\/p>\n\t\t\t\t\t\t\t\t<\/div>\n\t\t\t\t<\/div>\n\t\t\t\t<\/div>\n\t\t\t\t<\/div>\n\t\t\t\t<\/div>\n\t\t","protected":false},"excerpt":{"rendered":"<h2>LIJADORA ORBITAL MODELO \u00ab2LU\/C380\u00bb<\/h2>\n<p>Esta maquina permite a lijar mangos de palas, de pico, de carpintero, de paraguas, palos de escoba, piernas de la silla, palos de las tiendas, rattan, bambou, ramino, etc., ya sean rectos o curvos, conicos y sagomati de corte cil\u00edndrico y oval. La caracter\u00edstica principal de la m\u00e1quina est\u00e1 que las piezas vienen apoyadas sobre rodillos que los hacen avanzar entre las cintas abrasivas SIN GIRAR.<\/p>\n<p><strong>La m\u00e1quina puede ser equipada con los siguientes accesorios:<\/strong><\/p>\n<ul>\n<li><span style=\"font-size: 16px;\">fotoc\u00e9lula temporizada para la abertura de las bandas<\/span><\/li>\n<li><span style=\"font-size: 16px;\">cilindro neum\u00e1tico conectado a fotoc\u00e9lula para abrir los rodillos de entrada<\/span><\/li>\n<li><span style=\"font-size: 16px;\">grupo de rodillos de extracci\u00f3n motorizados<\/span><\/li>\n<li><span style=\"font-size: 16px;\">grupo de rodillos motorizados de extracci\u00f3n<\/span><\/li>\n<\/ul>\n","protected":false},"featured_media":7308,"comment_status":"closed","ping_status":"closed","template":"","meta":{"_acf_changed":false},"product_brand":[],"product_cat":[217,137],"product_tag":[],"class_list":{"0":"post-11149","1":"product","2":"type-product","3":"status-publish","4":"has-post-thumbnail","6":"product_cat-lijadoras-orbitales","7":"product_cat-maquinas-madera","8":"pa_applicazioni-mangos-de-picos","9":"pa_applicazioni-palos-redondos","11":"first","12":"instock","13":"shipping-taxable","14":"product-type-simple"},"acf":[],"_links":{"self":[{"href":"https:\/\/www.sibo.it\/es\/wp-json\/wp\/v2\/product\/11149","targetHints":{"allow":["GET"]}}],"collection":[{"href":"https:\/\/www.sibo.it\/es\/wp-json\/wp\/v2\/product"}],"about":[{"href":"https:\/\/www.sibo.it\/es\/wp-json\/wp\/v2\/types\/product"}],"replies":[{"embeddable":true,"href":"https:\/\/www.sibo.it\/es\/wp-json\/wp\/v2\/comments?post=11149"}],"version-history":[{"count":3,"href":"https:\/\/www.sibo.it\/es\/wp-json\/wp\/v2\/product\/11149\/revisions"}],"predecessor-version":[{"id":15245,"href":"https:\/\/www.sibo.it\/es\/wp-json\/wp\/v2\/product\/11149\/revisions\/15245"}],"wp:featuredmedia":[{"embeddable":true,"href":"https:\/\/www.sibo.it\/es\/wp-json\/wp\/v2\/media\/7308"}],"wp:attachment":[{"href":"https:\/\/www.sibo.it\/es\/wp-json\/wp\/v2\/media?parent=11149"}],"wp:term":[{"taxonomy":"product_brand","embeddable":true,"href":"https:\/\/www.sibo.it\/es\/wp-json\/wp\/v2\/product_brand?post=11149"},{"taxonomy":"product_cat","embeddable":true,"href":"https:\/\/www.sibo.it\/es\/wp-json\/wp\/v2\/product_cat?post=11149"},{"taxonomy":"product_tag","embeddable":true,"href":"https:\/\/www.sibo.it\/es\/wp-json\/wp\/v2\/product_tag?post=11149"}],"curies":[{"name":"wp","href":"https:\/\/api.w.org\/{rel}","templated":true}]}}