{"id":11137,"date":"2023-05-18T08:09:17","date_gmt":"2023-05-18T07:09:17","guid":{"rendered":"https:\/\/www.sibo.it\/prodotto\/2lu-100\/"},"modified":"2024-01-18T11:43:18","modified_gmt":"2024-01-18T10:43:18","slug":"2lu-100","status":"publish","type":"product","link":"https:\/\/www.sibo.it\/es\/producto\/2lu-100\/","title":{"rendered":"2LU\/100"},"content":{"rendered":"\t\t<div data-elementor-type=\"product-post\" data-elementor-id=\"11137\" class=\"elementor elementor-11137 elementor-9750\" data-elementor-post-type=\"product\">\n\t\t\t\t<div class=\"elementor-element elementor-element-cf1f3ba e-con-full e-flex e-con e-parent\" data-id=\"cf1f3ba\" data-element_type=\"container\" data-e-type=\"container\">\r\n\t\t<div class=\"elementor-element elementor-element-6d430be e-con-full e-flex e-con e-child\" data-id=\"6d430be\" data-element_type=\"container\" data-e-type=\"container\">\r\n\t\t\t\t<div class=\"elementor-element elementor-element-ddd2f7f elementor-widget elementor-widget-text-editor\" data-id=\"ddd2f7f\" data-element_type=\"widget\" data-e-type=\"widget\" data-widget_type=\"text-editor.default\">\n\t\t\t\t<div class=\"elementor-widget-container\">\n\t\t\t\t\t\t\t\t\t<table border=\"0\" cellspacing=\"0\" cellpadding=\"0\">\n<tbody>\n<tr>\n<td>di\u00e1metro min.<\/td>\n<td><strong>5 mm.<\/strong><\/td>\n<\/tr>\n<tr>\n<td>di\u00e1metro max.<\/td>\n<td><strong>100 mm.<\/strong><\/td>\n<\/tr>\n<tr>\n<td>longitud min.<\/td>\n<td><strong>600 mm.<\/strong><\/td>\n<\/tr>\n<tr>\n<td>alimentaci\u00f3n con variador electr\u00f3nico de velocidad<\/td>\n<td><strong>4-22 mt.\/min.<\/strong><\/td>\n<\/tr>\n<tr>\n<td>desarrollo de bandas abrasivas<\/td>\n<td><strong>2000&#215;100 mm.<\/strong><\/td>\n<\/tr>\n<tr>\n<td>peso neto<\/td>\n<td><strong>750 kg.<\/strong><\/td>\n<\/tr>\n<\/tbody>\n<\/table>\n<p style=\"text-align: left;\">\n\t\t\t\t\t\t\t\t<\/div>\n\t\t\t\t<\/div>\n\t\t\t\t<\/div>\n\t\t<div class=\"elementor-element elementor-element-8616444 e-con-full e-flex e-con e-child\" data-id=\"8616444\" data-element_type=\"container\" data-e-type=\"container\">\r\n\t\t\t\t<div class=\"elementor-element elementor-element-e1de2a1 elementor-widget elementor-widget-text-editor\" data-id=\"e1de2a1\" data-element_type=\"widget\" data-e-type=\"widget\" data-widget_type=\"text-editor.default\">\n\t\t\t\t<div class=\"elementor-widget-container\">\n\t\t\t\t\t\t\t\t\t<p><b>EJEMPLO DE NUESTRAS PRODUCIDAS<\/b><\/p>\n<p><img fetchpriority=\"high\" decoding=\"async\" class=\"alignnone size-full wp-image-9903\" src=\"https:\/\/www.sibo.it\/wp-content\/uploads\/2023\/05\/Campioni-2LU-100.jpg\" alt=\"\" width=\"300\" height=\"300\"><\/p>\n\t\t\t\t\t\t\t\t<\/div>\n\t\t\t\t<\/div>\n\t\t\t\t<div class=\"elementor-element elementor-element-09ef385 elementor-widget elementor-widget-text-editor\" data-id=\"09ef385\" data-element_type=\"widget\" data-e-type=\"widget\" data-widget_type=\"text-editor.default\">\n\t\t\t\t<div class=\"elementor-widget-container\">\n\t\t\t\t\t\t\t\t\t<p><strong>ACCESORIOS<\/strong><\/p>\n<p><img decoding=\"async\" class=\"alignnone size-medium wp-image-7206\" src=\"https:\/\/www.sibo.it\/wp-content\/uploads\/2023\/03\/Horizontal-loaderi-300x300.jpg\" alt=\"\" width=\"300\" height=\"300\"><\/p>\n\t\t\t\t\t\t\t\t<\/div>\n\t\t\t\t<\/div>\n\t\t\t\t<\/div>\n\t\t\t\t<\/div>\n\t\t\t\t<\/div>\n\t\t","protected":false},"excerpt":{"rendered":"<h2>LIJADORA ORBITAL AUTOM\u00c1TICA MODELO \u00ab2LU\/100\u00bb<\/h2>\n<p>Esta maquina permite a lijar mangos de palas, de pico, de carpintero, de paraguas, palos de escoba, piernas de la silla, palos de las tiendas, rattan, bambou, ramino, etc., ya sean rectos o curvos, conicos y sagomati de corte cil\u00edndrico y oval. La caracter\u00edstica principal de la m\u00e1quina est\u00e1 que las piezas vienen apoyadas sobre rodillos que los hacen avanzar entre las cintas abrasivas SIN GIRAR.<\/p>\n<p><strong>La m\u00e1quina puede ser equipada con los siguientes accesorios:<\/strong><\/p>\n<ul>\n<li><span style=\"font-size: 16px;\">fotoc\u00e9lula temporizada para la abertura de las bandas<\/span><\/li>\n<li><span style=\"font-size: 16px;\">cilindro neum\u00e1tico conectado a fotoc\u00e9lula para abrir los rodillos de entrada<\/span><\/li>\n<li><span style=\"font-size: 16px;\">grupo de lubricaci\u00f3n autom\u00e1tica centralizada<\/span><\/li>\n<li><span style=\"font-size: 16px;\">grupo de rodillos de extracci\u00f3n motorizados<\/span><\/li>\n<\/ul>\n","protected":false},"featured_media":7369,"comment_status":"closed","ping_status":"closed","template":"","meta":{"_acf_changed":false},"product_brand":[],"product_cat":[217,137],"product_tag":[],"class_list":{"0":"post-11137","1":"product","2":"type-product","3":"status-publish","4":"has-post-thumbnail","6":"product_cat-lijadoras-orbitales","7":"product_cat-maquinas-madera","8":"pa_applicazioni-mangos-de-martillos","9":"pa_applicazioni-mangos-de-pala","10":"pa_applicazioni-mangos-de-picos","11":"pa_applicazioni-palos-redondos","13":"first","14":"instock","15":"shipping-taxable","16":"product-type-simple"},"acf":[],"_links":{"self":[{"href":"https:\/\/www.sibo.it\/es\/wp-json\/wp\/v2\/product\/11137","targetHints":{"allow":["GET"]}}],"collection":[{"href":"https:\/\/www.sibo.it\/es\/wp-json\/wp\/v2\/product"}],"about":[{"href":"https:\/\/www.sibo.it\/es\/wp-json\/wp\/v2\/types\/product"}],"replies":[{"embeddable":true,"href":"https:\/\/www.sibo.it\/es\/wp-json\/wp\/v2\/comments?post=11137"}],"version-history":[{"count":5,"href":"https:\/\/www.sibo.it\/es\/wp-json\/wp\/v2\/product\/11137\/revisions"}],"predecessor-version":[{"id":15185,"href":"https:\/\/www.sibo.it\/es\/wp-json\/wp\/v2\/product\/11137\/revisions\/15185"}],"wp:featuredmedia":[{"embeddable":true,"href":"https:\/\/www.sibo.it\/es\/wp-json\/wp\/v2\/media\/7369"}],"wp:attachment":[{"href":"https:\/\/www.sibo.it\/es\/wp-json\/wp\/v2\/media?parent=11137"}],"wp:term":[{"taxonomy":"product_brand","embeddable":true,"href":"https:\/\/www.sibo.it\/es\/wp-json\/wp\/v2\/product_brand?post=11137"},{"taxonomy":"product_cat","embeddable":true,"href":"https:\/\/www.sibo.it\/es\/wp-json\/wp\/v2\/product_cat?post=11137"},{"taxonomy":"product_tag","embeddable":true,"href":"https:\/\/www.sibo.it\/es\/wp-json\/wp\/v2\/product_tag?post=11137"}],"curies":[{"name":"wp","href":"https:\/\/api.w.org\/{rel}","templated":true}]}}