{"id":11075,"date":"2023-08-10T13:47:27","date_gmt":"2023-08-10T12:47:27","guid":{"rendered":"https:\/\/www.sibo.it\/prodotto\/lbe-2000\/"},"modified":"2024-01-25T10:42:36","modified_gmt":"2024-01-25T09:42:36","slug":"lbe-2000","status":"publish","type":"product","link":"https:\/\/www.sibo.it\/es\/producto\/lbe-2000\/","title":{"rendered":"LBE\/2000"},"content":{"rendered":"\t\t<div data-elementor-type=\"product-post\" data-elementor-id=\"11075\" class=\"elementor elementor-11075 elementor-10721\" data-elementor-post-type=\"product\">\n\t\t\t\t<div class=\"elementor-element elementor-element-cf1f3ba e-con-full e-flex e-con e-parent\" data-id=\"cf1f3ba\" data-element_type=\"container\" data-e-type=\"container\">\r\n\t\t<div class=\"elementor-element elementor-element-6d430be e-con-full e-flex e-con e-child\" data-id=\"6d430be\" data-element_type=\"container\" data-e-type=\"container\">\r\n\t\t\t\t<div class=\"elementor-element elementor-element-ddd2f7f elementor-widget elementor-widget-text-editor\" data-id=\"ddd2f7f\" data-element_type=\"widget\" data-e-type=\"widget\" data-widget_type=\"text-editor.default\">\n\t\t\t\t<div class=\"elementor-widget-container\">\n\t\t\t\t\t\t\t\t\t<table border=\"0\" cellspacing=\"0\" cellpadding=\"0\">\n<tbody>\n<tr>\n<td>\n<table border=\"0\" cellspacing=\"0\" cellpadding=\"0\">\n<tbody>\n<tr>\n<td><span style=\"font-size: 16px;\">di\u00e1metro min.<\/span><\/td>\n<td><span style=\"font-size: 16px;\"><strong>10 mm.<\/strong><\/span><\/td>\n<\/tr>\n<tr>\n<td><span style=\"font-size: 16px;\">di\u00e1metro max.<\/span><\/td>\n<td><span style=\"font-size: 16px;\"><strong>60 mm.<\/strong><\/span><\/td>\n<\/tr>\n<tr>\n<td><span style=\"font-size: 16px;\">longitud min.<\/span><\/td>\n<td><span style=\"font-size: 16px;\"><strong>600 mm.<\/strong><\/span><\/td>\n<\/tr>\n<tr>\n<td><span style=\"font-size: 16px;\">longitud max.<\/span><\/td>\n<td><span style=\"font-size: 16px;\"><strong>2000 mm.<\/strong><\/span><\/td>\n<\/tr>\n<tr>\n<td><span style=\"font-size: 16px;\">producci\u00f3n con cabezal variable<\/span><\/td>\n<td><span style=\"font-size: 16px;\"><strong>5-10 mt.\/min.<\/strong><\/span><\/td>\n<\/tr>\n<\/tbody>\n<\/table>\n<\/td>\n<td> <\/td>\n<\/tr>\n<\/tbody>\n<\/table>\n<p style=\"text-align: left;\">\n\t\t\t\t\t\t\t\t<\/div>\n\t\t\t\t<\/div>\n\t\t\t\t<\/div>\n\t\t<div class=\"elementor-element elementor-element-8616444 e-con-full e-flex e-con e-child\" data-id=\"8616444\" data-element_type=\"container\" data-e-type=\"container\">\r\n\t\t\t\t<div class=\"elementor-element elementor-element-e1de2a1 elementor-widget elementor-widget-text-editor\" data-id=\"e1de2a1\" data-element_type=\"widget\" data-e-type=\"widget\" data-widget_type=\"text-editor.default\">\n\t\t\t\t<div class=\"elementor-widget-container\">\n\t\t\t\t\t\t\t\t\t<p><b>EJEMPLO DE NUESTRAS PRODUCIDAS<\/b><\/p>\n<p><img decoding=\"async\" class=\"alignnone size-medium wp-image-10723\" src=\"https:\/\/www.sibo.it\/wp-content\/uploads\/2023\/08\/CAMP_LBE2000-300x150.jpg\" alt=\"\" width=\"300\" height=\"150\"><\/p>\n\t\t\t\t\t\t\t\t<\/div>\n\t\t\t\t<\/div>\n\t\t\t\t<\/div>\n\t\t\t\t<\/div>\n\t\t\t\t<\/div>\n\t\t","protected":false},"excerpt":{"rendered":"<p><strong>LINEA AUTOM\u00c1TICA PARA MANGOS DE ESCOBA MODELO \u00abLBE\/2000\u00bb<\/strong><\/p>\n<p>L\u00ednea autom\u00e1tica para producir mangos de escoba completos con extremo redondo, rosca, agujero y etiqueta. Esta l\u00ednea est\u00e1 compuesta por los siguientes equipos: unidad de doble corte completa con cargador, una m\u00e1quina fresadora de palos modelo \u00abTAU\/60 una m\u00e1quina lijadora\u00bb 2LU\/100 \u00ab, un transportador de rodillos para extracci\u00f3n de los mangos, m\u00e1quina fresadora de doble extremo modelo\u00bb 2TS\/P \u00ab, una unidad de taladrado y una etiquetadora. Al comienzo del ciclo, las barras cuadradas se colocan manualmente en el cargador, lo que las alimenta una detr\u00e1s de la otra hacia las dos lamas circulares donde se cortan a la misma longitud. Al final de esta operaci\u00f3n cada pieza se cargar\u00e1 autom\u00e1ticamente en la fresadora de palos, luego en la lijadora y al final en la fresadora de extremo donde se realizar\u00e1 el taladro y se fresar\u00e1 el medio redondo, por un lado y se roscar\u00e1 por el otro. Al final del ciclo se aplicar\u00e1n las etiquetas.<\/p>\n","protected":false},"featured_media":9309,"comment_status":"closed","ping_status":"closed","template":"","meta":{"_acf_changed":false},"product_brand":[],"product_cat":[218,137],"product_tag":[],"class_list":{"0":"post-11075","1":"product","2":"type-product","3":"status-publish","4":"has-post-thumbnail","6":"product_cat-lineas-automaticas","7":"product_cat-maquinas-madera","8":"pa_applicazioni-palos-redondos","10":"first","11":"instock","12":"shipping-taxable","13":"product-type-simple"},"acf":[],"_links":{"self":[{"href":"https:\/\/www.sibo.it\/es\/wp-json\/wp\/v2\/product\/11075","targetHints":{"allow":["GET"]}}],"collection":[{"href":"https:\/\/www.sibo.it\/es\/wp-json\/wp\/v2\/product"}],"about":[{"href":"https:\/\/www.sibo.it\/es\/wp-json\/wp\/v2\/types\/product"}],"replies":[{"embeddable":true,"href":"https:\/\/www.sibo.it\/es\/wp-json\/wp\/v2\/comments?post=11075"}],"version-history":[{"count":2,"href":"https:\/\/www.sibo.it\/es\/wp-json\/wp\/v2\/product\/11075\/revisions"}],"predecessor-version":[{"id":15977,"href":"https:\/\/www.sibo.it\/es\/wp-json\/wp\/v2\/product\/11075\/revisions\/15977"}],"wp:featuredmedia":[{"embeddable":true,"href":"https:\/\/www.sibo.it\/es\/wp-json\/wp\/v2\/media\/9309"}],"wp:attachment":[{"href":"https:\/\/www.sibo.it\/es\/wp-json\/wp\/v2\/media?parent=11075"}],"wp:term":[{"taxonomy":"product_brand","embeddable":true,"href":"https:\/\/www.sibo.it\/es\/wp-json\/wp\/v2\/product_brand?post=11075"},{"taxonomy":"product_cat","embeddable":true,"href":"https:\/\/www.sibo.it\/es\/wp-json\/wp\/v2\/product_cat?post=11075"},{"taxonomy":"product_tag","embeddable":true,"href":"https:\/\/www.sibo.it\/es\/wp-json\/wp\/v2\/product_tag?post=11075"}],"curies":[{"name":"wp","href":"https:\/\/api.w.org\/{rel}","templated":true}]}}