{"id":11065,"date":"2023-08-10T13:52:56","date_gmt":"2023-08-10T12:52:56","guid":{"rendered":"https:\/\/www.sibo.it\/prodotto\/tts-180\/"},"modified":"2024-02-28T11:59:29","modified_gmt":"2024-02-28T10:59:29","slug":"tts-180","status":"publish","type":"product","link":"https:\/\/www.sibo.it\/es\/producto\/tts-180\/","title":{"rendered":"TTS\/180"},"content":{"rendered":"\t\t<div data-elementor-type=\"product-post\" data-elementor-id=\"11065\" class=\"elementor elementor-11065 elementor-10732\" data-elementor-post-type=\"product\">\n\t\t\t\t<div class=\"elementor-element elementor-element-cf1f3ba e-con-full e-flex e-con e-parent\" data-id=\"cf1f3ba\" data-element_type=\"container\" data-e-type=\"container\">\r\n\t\t<div class=\"elementor-element elementor-element-6d430be e-con-full e-flex e-con e-child\" data-id=\"6d430be\" data-element_type=\"container\" data-e-type=\"container\">\r\n\t\t\t\t<div class=\"elementor-element elementor-element-ddd2f7f elementor-widget elementor-widget-text-editor\" data-id=\"ddd2f7f\" data-element_type=\"widget\" data-e-type=\"widget\" data-widget_type=\"text-editor.default\">\n\t\t\t\t<div class=\"elementor-widget-container\">\n\t\t\t\t\t\t\t\t\t<table border=\"0\" cellspacing=\"0\" cellpadding=\"0\">\n<tbody>\n<tr>\n<td>\n<table border=\"0\" cellspacing=\"0\" cellpadding=\"0\">\n<tbody>\n<tr>\n<td><span style=\"font-size: 16px;\">di\u00e1metro min.<\/span><\/td>\n<td><span style=\"font-size: 16px;\"><strong>&nbsp;18&nbsp;mm.<\/strong><\/span><\/td>\n<\/tr>\n<tr>\n<td><span style=\"font-size: 16px;\">di\u00e1metro m\u0430\u0445.<\/span><\/td>\n<td><span style=\"font-size: 16px;\"><strong>&nbsp;63&nbsp;mm.<\/strong><\/span><\/td>\n<\/tr>\n<tr>\n<td><span style=\"font-size: 16px;\">longitud min.<\/span><\/td>\n<td><span style=\"font-size: 16px;\"><strong>&nbsp;470&nbsp;mm.<\/strong><\/span><\/td>\n<\/tr>\n<tr>\n<td><span style=\"font-size: 16px;\">longitud max.<\/span><\/td>\n<td><span style=\"font-size: 16px;\"><strong>1800 mm.<\/strong><\/span><\/td>\n<\/tr>\n<tr>\n<td><span style=\"font-size: 16px;\">producci\u00f3n<\/span><\/td>\n<td><span style=\"font-size: 16px;\"><strong>5-10 mt.\/min.<\/strong><\/span><\/td>\n<\/tr>\n<\/tbody>\n<\/table>\n<\/td>\n<td>&nbsp;<\/td>\n<\/tr>\n<\/tbody>\n<\/table>\n<p style=\"text-align: left;\">\n<\/p>\t\t\t\t\t\t\t\t<\/div>\n\t\t\t\t<\/div>\n\t\t\t\t<\/div>\n\t\t<div class=\"elementor-element elementor-element-8616444 e-con-full e-flex e-con e-child\" data-id=\"8616444\" data-element_type=\"container\" data-e-type=\"container\">\r\n\t\t\t\t<div class=\"elementor-element elementor-element-e1de2a1 elementor-widget elementor-widget-text-editor\" data-id=\"e1de2a1\" data-element_type=\"widget\" data-e-type=\"widget\" data-widget_type=\"text-editor.default\">\n\t\t\t\t<div class=\"elementor-widget-container\">\n\t\t\t\t\t\t\t\t\t<p><b>EJEMPLO DE NUESTRAS PRODUCIDAS<\/b><\/p>\n<p><img decoding=\"async\" class=\"alignnone size-medium wp-image-9343\" src=\"https:\/\/www.sibo.it\/wp-content\/uploads\/2023\/03\/TTS180-CAMP-300x150.jpg\" alt=\"\" width=\"300\" height=\"150\"><\/p>\n\t\t\t\t\t\t\t\t<\/div>\n\t\t\t\t<\/div>\n\t\t\t\t<\/div>\n\t\t\t\t<\/div>\n\t\t\t\t<\/div>\n\t\t","protected":false},"excerpt":{"rendered":"<p><strong>LINEA AUTOM\u00c1TICA PARA MANGOS DE PALA MODELO \u00abTTS\/180\u00bb<\/strong><\/p>\n<p>L\u00ednea autom\u00e1tica para la producci\u00f3n de mangos de pala recta y ligeramente curva con di\u00e1metro variable. La l\u00ednea se compone de 3 m\u00e1quinas: una cortadora doble, una trafiladora CNC y una m\u00e1quina de encabezado. Las barras cuadradas se ponen manualmente en el cargador y se alimentan una detr\u00e1s de la otra entre 2 sierras, que cortar\u00e1n todas las barras a la misma longitud. Al final de esta operaci\u00f3n cada barra se carga autom\u00e1ticamente en la trafiladora donde el mango ser\u00e1 trafilado de acuerdo con el programa establecido. Mientras que el mango est\u00e1 saliendo dalla bastoneadora, se encaveza la extremidad.<\/p>\n","protected":false},"featured_media":9342,"comment_status":"closed","ping_status":"closed","template":"","meta":{"_acf_changed":false},"product_brand":[],"product_cat":[218,137],"product_tag":[],"class_list":{"0":"post-11065","1":"product","2":"type-product","3":"status-publish","4":"has-post-thumbnail","6":"product_cat-lineas-automaticas","7":"product_cat-maquinas-madera","8":"pa_applicazioni-mangos-de-pala","10":"first","11":"instock","12":"shipping-taxable","13":"product-type-simple"},"acf":[],"_links":{"self":[{"href":"https:\/\/www.sibo.it\/es\/wp-json\/wp\/v2\/product\/11065","targetHints":{"allow":["GET"]}}],"collection":[{"href":"https:\/\/www.sibo.it\/es\/wp-json\/wp\/v2\/product"}],"about":[{"href":"https:\/\/www.sibo.it\/es\/wp-json\/wp\/v2\/types\/product"}],"replies":[{"embeddable":true,"href":"https:\/\/www.sibo.it\/es\/wp-json\/wp\/v2\/comments?post=11065"}],"version-history":[{"count":6,"href":"https:\/\/www.sibo.it\/es\/wp-json\/wp\/v2\/product\/11065\/revisions"}],"predecessor-version":[{"id":15966,"href":"https:\/\/www.sibo.it\/es\/wp-json\/wp\/v2\/product\/11065\/revisions\/15966"}],"wp:featuredmedia":[{"embeddable":true,"href":"https:\/\/www.sibo.it\/es\/wp-json\/wp\/v2\/media\/9342"}],"wp:attachment":[{"href":"https:\/\/www.sibo.it\/es\/wp-json\/wp\/v2\/media?parent=11065"}],"wp:term":[{"taxonomy":"product_brand","embeddable":true,"href":"https:\/\/www.sibo.it\/es\/wp-json\/wp\/v2\/product_brand?post=11065"},{"taxonomy":"product_cat","embeddable":true,"href":"https:\/\/www.sibo.it\/es\/wp-json\/wp\/v2\/product_cat?post=11065"},{"taxonomy":"product_tag","embeddable":true,"href":"https:\/\/www.sibo.it\/es\/wp-json\/wp\/v2\/product_tag?post=11065"}],"curies":[{"name":"wp","href":"https:\/\/api.w.org\/{rel}","templated":true}]}}