{"id":11035,"date":"2023-08-10T14:08:21","date_gmt":"2023-08-10T13:08:21","guid":{"rendered":"https:\/\/www.sibo.it\/prodotto\/lc-500\/"},"modified":"2024-02-28T11:16:39","modified_gmt":"2024-02-28T10:16:39","slug":"lc-500","status":"publish","type":"product","link":"https:\/\/www.sibo.it\/es\/producto\/lc-500\/","title":{"rendered":"LC\/500"},"content":{"rendered":"\t\t<div data-elementor-type=\"product-post\" data-elementor-id=\"11035\" class=\"elementor elementor-11035 elementor-10744\" data-elementor-post-type=\"product\">\n\t\t\t\t<div class=\"elementor-element elementor-element-cf1f3ba e-con-full e-flex e-con e-parent\" data-id=\"cf1f3ba\" data-element_type=\"container\" data-e-type=\"container\">\r\n\t\t<div class=\"elementor-element elementor-element-6d430be e-con-full e-flex e-con e-child\" data-id=\"6d430be\" data-element_type=\"container\" data-e-type=\"container\">\r\n\t\t\t\t<div class=\"elementor-element elementor-element-ddd2f7f elementor-widget elementor-widget-text-editor\" data-id=\"ddd2f7f\" data-element_type=\"widget\" data-e-type=\"widget\" data-widget_type=\"text-editor.default\">\n\t\t\t\t<div class=\"elementor-widget-container\">\n\t\t\t\t\t\t\t\t\t<table border=\"0\" cellspacing=\"0\" cellpadding=\"0\">\n<tbody>\n<tr>\n<td>\n<table border=\"0\" cellspacing=\"0\" cellpadding=\"0\">\n<tbody>\n<tr>\n<td><span style=\"font-size: 16px;\">longitud m\u00e1x. de la cuchara<\/span><\/td>\n<td><span style=\"font-size: 16px;\"><strong>500 mm. <\/strong><\/span><\/td>\n<\/tr>\n<tr>\n<td><span style=\"font-size: 16px;\">longitud min. de la cuchara<\/span><\/td>\n<td><span style=\"font-size: 16px;\"><strong>200 mm. <\/strong><\/span><\/td>\n<\/tr>\n<tr>\n<td><span style=\"font-size: 16px;\">producci\u00f2n<\/span><\/td>\n<td><span style=\"font-size: 16px;\"><strong>12 pz.\/min.<\/strong><\/span><\/td>\n<\/tr>\n<\/tbody>\n<\/table>\n<\/td>\n<td> <\/td>\n<\/tr>\n<\/tbody>\n<\/table>\n<p style=\"text-align: left;\">\n\t\t\t\t\t\t\t\t<\/div>\n\t\t\t\t<\/div>\n\t\t\t\t<\/div>\n\t\t<div class=\"elementor-element elementor-element-8616444 e-con-full e-flex e-con e-child\" data-id=\"8616444\" data-element_type=\"container\" data-e-type=\"container\">\r\n\t\t\t\t<div class=\"elementor-element elementor-element-e1de2a1 elementor-widget elementor-widget-text-editor\" data-id=\"e1de2a1\" data-element_type=\"widget\" data-e-type=\"widget\" data-widget_type=\"text-editor.default\">\n\t\t\t\t<div class=\"elementor-widget-container\">\n\t\t\t\t\t\t\t\t\t<p><b>EJEMPLO DE NUESTRAS PRODUCIDAS<\/b><\/p>\n<p><img decoding=\"async\" class=\"alignnone size-medium wp-image-9397\" src=\"https:\/\/www.sibo.it\/wp-content\/uploads\/2023\/03\/CUCCHIAI-300x150.jpg\" alt=\"\" width=\"300\" height=\"150\"><\/p>\n\t\t\t\t\t\t\t\t<\/div>\n\t\t\t\t<\/div>\n\t\t\t\t<\/div>\n\t\t\t\t<\/div>\n\t\t\t\t<\/div>\n\t\t","protected":false},"excerpt":{"rendered":"<p><strong>LINEA AUTOM\u00c1TICA PARA CUCHARAS MODELO \u00abLC\/500\u00bb<\/strong><\/p>\n<p>Nueva l\u00ednea autom\u00e1tica para la producci\u00f3n de cucharas de madera. La l\u00ednea se compone de tres m\u00e1quinas: una fresadora para fresar el perfil exterior, una trafiladora para trabajar el mango redondo y una fresadora\/lijadora para trabajar el c\u00f3ncavo y el lado convexo de las cucharas.<\/p>\n<p>Al comienzo del ciclo, la madera bruta se cargan manualmente en el cargador que carga 6 unidades a la vez en las fresadoras donde se sujetan. En este punto 4 fresas(2 de desbaste y 2 de acabado) trabajan el perfil externo de la cuchara. Al final de esta operaci\u00f3n las cucharas se descargan autom\u00e1ticamente por una pinza y son cargados en la m\u00e1quina trafiladora doble. Gracias a una segunda pinza, 2 cucharas a la vez, se cargan en una mesa giratoria de alta precisi\u00f3n y se ponen delante de las 2 cabezas trafiladoras, donde se trabajar\u00e1n los mangos redondos. Al final de este proceso, cada cuchara se mueve en la \u00faltima m\u00e1quina donde se hace el fresado y el lijado en el lado c\u00f3ncavo y convexo.<\/p>\n<p>Todo el proceso se gestiona a trav\u00e9s de un PLC, donde es posible definir el n\u00famero de piezas que se debe producir, y la velocidad de trabajo.<\/p>\n","protected":false},"featured_media":9396,"comment_status":"closed","ping_status":"closed","template":"","meta":{"_acf_changed":false},"product_brand":[],"product_cat":[218,137],"product_tag":[],"class_list":{"0":"post-11035","1":"product","2":"type-product","3":"status-publish","4":"has-post-thumbnail","6":"product_cat-lineas-automaticas","7":"product_cat-maquinas-madera","8":"pa_applicazioni-cucharas-y-tenedores","10":"first","11":"instock","12":"shipping-taxable","13":"product-type-simple"},"acf":[],"_links":{"self":[{"href":"https:\/\/www.sibo.it\/es\/wp-json\/wp\/v2\/product\/11035","targetHints":{"allow":["GET"]}}],"collection":[{"href":"https:\/\/www.sibo.it\/es\/wp-json\/wp\/v2\/product"}],"about":[{"href":"https:\/\/www.sibo.it\/es\/wp-json\/wp\/v2\/types\/product"}],"replies":[{"embeddable":true,"href":"https:\/\/www.sibo.it\/es\/wp-json\/wp\/v2\/comments?post=11035"}],"version-history":[{"count":4,"href":"https:\/\/www.sibo.it\/es\/wp-json\/wp\/v2\/product\/11035\/revisions"}],"predecessor-version":[{"id":15934,"href":"https:\/\/www.sibo.it\/es\/wp-json\/wp\/v2\/product\/11035\/revisions\/15934"}],"wp:featuredmedia":[{"embeddable":true,"href":"https:\/\/www.sibo.it\/es\/wp-json\/wp\/v2\/media\/9396"}],"wp:attachment":[{"href":"https:\/\/www.sibo.it\/es\/wp-json\/wp\/v2\/media?parent=11035"}],"wp:term":[{"taxonomy":"product_brand","embeddable":true,"href":"https:\/\/www.sibo.it\/es\/wp-json\/wp\/v2\/product_brand?post=11035"},{"taxonomy":"product_cat","embeddable":true,"href":"https:\/\/www.sibo.it\/es\/wp-json\/wp\/v2\/product_cat?post=11035"},{"taxonomy":"product_tag","embeddable":true,"href":"https:\/\/www.sibo.it\/es\/wp-json\/wp\/v2\/product_tag?post=11035"}],"curies":[{"name":"wp","href":"https:\/\/api.w.org\/{rel}","templated":true}]}}