{"id":10993,"date":"2023-08-10T14:59:49","date_gmt":"2023-08-10T13:59:49","guid":{"rendered":"https:\/\/www.sibo.it\/prodotto\/fdt-200\/"},"modified":"2024-01-25T16:29:10","modified_gmt":"2024-01-25T15:29:10","slug":"fdt-200","status":"publish","type":"product","link":"https:\/\/www.sibo.it\/es\/producto\/fdt-200\/","title":{"rendered":"FDT\/200"},"content":{"rendered":"\t\t<div data-elementor-type=\"product-post\" data-elementor-id=\"10993\" class=\"elementor elementor-10993 elementor-10770\" data-elementor-post-type=\"product\">\n\t\t\t\t<div class=\"elementor-element elementor-element-cf1f3ba e-con-full e-flex e-con e-parent\" data-id=\"cf1f3ba\" data-element_type=\"container\" data-e-type=\"container\">\r\n\t\t<div class=\"elementor-element elementor-element-6d430be e-con-full e-flex e-con e-child\" data-id=\"6d430be\" data-element_type=\"container\" data-e-type=\"container\">\r\n\t\t\t\t<div class=\"elementor-element elementor-element-ddd2f7f elementor-widget elementor-widget-text-editor\" data-id=\"ddd2f7f\" data-element_type=\"widget\" data-e-type=\"widget\" data-widget_type=\"text-editor.default\">\n\t\t\t\t<div class=\"elementor-widget-container\">\n\t\t\t\t\t\t\t\t\t<table border=\"0\" cellspacing=\"0\" cellpadding=\"0\">\n<tbody>\n<tr>\n<td><span style=\"font-size: 16px;\">di\u00e0metro max.<\/span><\/td>\n<td><span style=\"font-size: 16px;\"><strong>40 mm.<\/strong><\/span><\/td>\n<\/tr>\n<tr>\n<td><span style=\"font-size: 16px;\">di\u00e0metro min.<\/span><\/td>\n<td><span style=\"font-size: 16px;\"><strong>15 mm.<\/strong><\/span><\/td>\n<\/tr>\n<tr>\n<td><span style=\"font-size: 16px;\">longitud min.<\/span><\/td>\n<td><span style=\"font-size: 16px;\"><strong>150 mm.<\/strong><\/span><\/td>\n<\/tr>\n<tr>\n<td><span style=\"font-size: 16px;\">producci\u00f3n variable<\/span><\/td>\n<td><span style=\"font-size: 16px;\"><strong>3500\u00f74200 pz.\/h.<\/strong><\/span><\/td>\n<\/tr>\n<\/tbody>\n<\/table>\n<p style=\"text-align: left;\"><span style=\"font-size: 16px;\"><b> <\/b><\/span><\/p>\n<p style=\"text-align: left;\">\n<p style=\"text-align: left;\">\n\t\t\t\t\t\t\t\t<\/div>\n\t\t\t\t<\/div>\n\t\t\t\t<\/div>\n\t\t<div class=\"elementor-element elementor-element-8616444 e-con-full e-flex e-con e-child\" data-id=\"8616444\" data-element_type=\"container\" data-e-type=\"container\">\r\n\t\t\t\t<div class=\"elementor-element elementor-element-e1de2a1 elementor-widget elementor-widget-text-editor\" data-id=\"e1de2a1\" data-element_type=\"widget\" data-e-type=\"widget\" data-widget_type=\"text-editor.default\">\n\t\t\t\t<div class=\"elementor-widget-container\">\n\t\t\t\t\t\t\t\t\t<p><b>&nbsp; &nbsp; &nbsp; &nbsp; EJEMPLO DE NUESTRAS PRODUCIDAS<\/b><\/p>\n<p><img decoding=\"async\" class=\"alignnone size-medium wp-image-9115\" src=\"https:\/\/www.sibo.it\/wp-content\/uploads\/2023\/03\/FDT200-CAMP_-300x150.jpg\" alt=\"\" width=\"300\" height=\"150\"><\/p>\t\t\t\t\t\t\t\t<\/div>\n\t\t\t\t<\/div>\n\t\t\t\t<\/div>\n\t\t\t\t<\/div>\n\t\t\t\t<\/div>\n\t\t","protected":false},"excerpt":{"rendered":"<p><strong>FRESADORA CORTADORA AUTOM\u00c1TICA MODELO \u00abFDT\/200\u00bb<\/strong><\/p>\n<p>M\u00e1quina completamente autom\u00e1tica para la producci\u00f3n en masa de tapones de botellas perfiladas, discos peque\u00f1os, clavijas redondas, etc., a partir de barras en bruto. Esta m\u00e1quina est\u00e1 compuesta por un cargador y por tres estaciones de fresado independientes que trabajan al mismo tiempo. En la primera posici\u00f3n, la barra se carga por medio de un cargador vertical, en la segunda y tercera posici\u00f3n, se fresa el perfil mientras en la cuarta posici\u00f3n, una unidad de sierra m\u00faltiple cortar\u00e1 la barra perfilada en las piezas finales. Despu\u00e9s de este proceso, todas las piezas se descargar\u00e1n autom\u00e1ticamente en una cinta transportadora donde un sensor las contar\u00e1. En la quinta posici\u00f3n, la pieza se descarga autom\u00e1ticamente.<\/p>\n","protected":false},"featured_media":9114,"comment_status":"closed","ping_status":"closed","template":"","meta":{"_acf_changed":false},"product_brand":[],"product_cat":[216,219,137],"product_tag":[],"class_list":{"0":"post-10993","1":"product","2":"type-product","3":"status-publish","4":"has-post-thumbnail","6":"product_cat-fresadoras-rotativas","7":"product_cat-maquinas-especiales","8":"product_cat-maquinas-madera","9":"pa_applicazioni-maquinas-especiales","10":"pa_applicazioni-tapas-y-discos-de-madera","12":"first","13":"instock","14":"shipping-taxable","15":"product-type-simple"},"acf":[],"_links":{"self":[{"href":"https:\/\/www.sibo.it\/es\/wp-json\/wp\/v2\/product\/10993","targetHints":{"allow":["GET"]}}],"collection":[{"href":"https:\/\/www.sibo.it\/es\/wp-json\/wp\/v2\/product"}],"about":[{"href":"https:\/\/www.sibo.it\/es\/wp-json\/wp\/v2\/types\/product"}],"replies":[{"embeddable":true,"href":"https:\/\/www.sibo.it\/es\/wp-json\/wp\/v2\/comments?post=10993"}],"version-history":[{"count":2,"href":"https:\/\/www.sibo.it\/es\/wp-json\/wp\/v2\/product\/10993\/revisions"}],"predecessor-version":[{"id":16048,"href":"https:\/\/www.sibo.it\/es\/wp-json\/wp\/v2\/product\/10993\/revisions\/16048"}],"wp:featuredmedia":[{"embeddable":true,"href":"https:\/\/www.sibo.it\/es\/wp-json\/wp\/v2\/media\/9114"}],"wp:attachment":[{"href":"https:\/\/www.sibo.it\/es\/wp-json\/wp\/v2\/media?parent=10993"}],"wp:term":[{"taxonomy":"product_brand","embeddable":true,"href":"https:\/\/www.sibo.it\/es\/wp-json\/wp\/v2\/product_brand?post=10993"},{"taxonomy":"product_cat","embeddable":true,"href":"https:\/\/www.sibo.it\/es\/wp-json\/wp\/v2\/product_cat?post=10993"},{"taxonomy":"product_tag","embeddable":true,"href":"https:\/\/www.sibo.it\/es\/wp-json\/wp\/v2\/product_tag?post=10993"}],"curies":[{"name":"wp","href":"https:\/\/api.w.org\/{rel}","templated":true}]}}