{"id":10981,"date":"2023-08-10T14:25:53","date_gmt":"2023-08-10T13:25:53","guid":{"rendered":"https:\/\/www.sibo.it\/prodotto\/lmc-200\/"},"modified":"2024-01-25T18:29:14","modified_gmt":"2024-01-25T17:29:14","slug":"lmc-200","status":"publish","type":"product","link":"https:\/\/www.sibo.it\/es\/producto\/lmc-200\/","title":{"rendered":"LMC\/200"},"content":{"rendered":"\t\t<div data-elementor-type=\"product-post\" data-elementor-id=\"10981\" class=\"elementor elementor-10981 elementor-10759\" data-elementor-post-type=\"product\">\n\t\t\t\t<div class=\"elementor-element elementor-element-cf1f3ba e-con-full e-flex e-con e-parent\" data-id=\"cf1f3ba\" data-element_type=\"container\" data-e-type=\"container\">\r\n\t\t<div class=\"elementor-element elementor-element-6d430be e-con-full e-flex e-con e-child\" data-id=\"6d430be\" data-element_type=\"container\" data-e-type=\"container\">\r\n\t\t\t\t<div class=\"elementor-element elementor-element-ddd2f7f elementor-widget elementor-widget-text-editor\" data-id=\"ddd2f7f\" data-element_type=\"widget\" data-e-type=\"widget\" data-widget_type=\"text-editor.default\">\n\t\t\t\t<div class=\"elementor-widget-container\">\n\t\t\t\t\t\t\t\t\t<table border=\"0\" cellspacing=\"0\" cellpadding=\"0\">\n<tbody>\n<tr>\n<td><span style=\"font-size: 16px;\">di\u00e1metro min.<\/span><\/td>\n<td><span style=\"font-size: 16px;\"><strong>10 mm.<\/strong><\/span><\/td>\n<\/tr>\n<tr>\n<td><span style=\"font-size: 16px;\">di\u00e1metro max.<\/span><\/td>\n<td><span style=\"font-size: 16px;\"><strong>50 mm.<\/strong><\/span><\/td>\n<\/tr>\n<tr>\n<td><span style=\"font-size: 16px;\">longitud min. de trabajo<\/span><\/td>\n<td><span style=\"font-size: 16px;\"><strong>50 mm.<\/strong><\/span><\/td>\n<\/tr>\n<tr>\n<td><span style=\"font-size: 16px;\">longitud m\u00e1x. de trabajo<\/span><\/td>\n<td><span style=\"font-size: 16px;\"><strong>250 mm.<\/strong><\/span><\/td>\n<\/tr>\n<tr>\n<td><span style=\"font-size: 16px;\">desarrollo de bandas abrasivas<\/span><\/td>\n<td><span style=\"font-size: 16px;\"><strong>2000&#215;20\/30 mm.<\/strong><\/span><\/td>\n<\/tr>\n<tr>\n<td><span style=\"font-size: 16px;\">peso neto<\/span><\/td>\n<td><span style=\"font-size: 16px;\"><strong>550 kg.<\/strong><\/span><\/td>\n<\/tr>\n<\/tbody>\n<\/table>\n<p style=\"text-align: left;\"><b> <\/b><\/p>\n<p style=\"text-align: left;\">\n<p style=\"text-align: left;\">\n\t\t\t\t\t\t\t\t<\/div>\n\t\t\t\t<\/div>\n\t\t\t\t<\/div>\n\t\t<div class=\"elementor-element elementor-element-8616444 e-con-full e-flex e-con e-child\" data-id=\"8616444\" data-element_type=\"container\" data-e-type=\"container\">\r\n\t\t\t\t<div class=\"elementor-element elementor-element-e1de2a1 elementor-widget elementor-widget-text-editor\" data-id=\"e1de2a1\" data-element_type=\"widget\" data-e-type=\"widget\" data-widget_type=\"text-editor.default\">\n\t\t\t\t<div class=\"elementor-widget-container\">\n\t\t\t\t\t\t\t\t\t<p><b>EJEMPLO DE NUESTRAS PRODUCIDAS<\/b><\/p>\n<p><img decoding=\"async\" class=\"alignnone size-medium wp-image-9081\" src=\"https:\/\/www.sibo.it\/wp-content\/uploads\/2023\/03\/Campioni-LMC200-300x150.jpg\" alt=\"\" width=\"300\" height=\"150\"><\/p>\n\t\t\t\t\t\t\t\t<\/div>\n\t\t\t\t<\/div>\n\t\t\t\t<\/div>\n\t\t\t\t<\/div>\n\t\t\t\t<\/div>\n\t\t","protected":false},"excerpt":{"rendered":"<p class=\"h3desc\"><strong>LIJADORA PARA MANGOS DE CUCHILLOS \u00abLMC\/200\u00bb<\/strong><\/p>\n<p>M\u00e1quina adecuada para lijar simult\u00e1neamente dos mangos de cuchilla. Los mangos est\u00e1n cargados y bloqueados, por lo que comienzan a girar a la velocidad deseada, mientras que dos bandas abrasivas, con diferentes granos, una para desbaste y otra para acabado, se use acercan nen para realizar el lijado. Al final del ciclo,bandas vuelven a la posici\u00f3n inicial y los mangos se descargan.<\/p>\n","protected":false},"featured_media":9080,"comment_status":"closed","ping_status":"closed","template":"","meta":{"_acf_changed":false},"product_brand":[],"product_cat":[219,137],"product_tag":[],"class_list":{"0":"post-10981","1":"product","2":"type-product","3":"status-publish","4":"has-post-thumbnail","6":"product_cat-maquinas-especiales","7":"product_cat-maquinas-madera","8":"pa_applicazioni-mangos-de-cuchillos","9":"pa_applicazioni-maquinas-especiales","11":"first","12":"instock","13":"shipping-taxable","14":"product-type-simple"},"acf":[],"_links":{"self":[{"href":"https:\/\/www.sibo.it\/es\/wp-json\/wp\/v2\/product\/10981","targetHints":{"allow":["GET"]}}],"collection":[{"href":"https:\/\/www.sibo.it\/es\/wp-json\/wp\/v2\/product"}],"about":[{"href":"https:\/\/www.sibo.it\/es\/wp-json\/wp\/v2\/types\/product"}],"replies":[{"embeddable":true,"href":"https:\/\/www.sibo.it\/es\/wp-json\/wp\/v2\/comments?post=10981"}],"version-history":[{"count":3,"href":"https:\/\/www.sibo.it\/es\/wp-json\/wp\/v2\/product\/10981\/revisions"}],"predecessor-version":[{"id":16062,"href":"https:\/\/www.sibo.it\/es\/wp-json\/wp\/v2\/product\/10981\/revisions\/16062"}],"wp:featuredmedia":[{"embeddable":true,"href":"https:\/\/www.sibo.it\/es\/wp-json\/wp\/v2\/media\/9080"}],"wp:attachment":[{"href":"https:\/\/www.sibo.it\/es\/wp-json\/wp\/v2\/media?parent=10981"}],"wp:term":[{"taxonomy":"product_brand","embeddable":true,"href":"https:\/\/www.sibo.it\/es\/wp-json\/wp\/v2\/product_brand?post=10981"},{"taxonomy":"product_cat","embeddable":true,"href":"https:\/\/www.sibo.it\/es\/wp-json\/wp\/v2\/product_cat?post=10981"},{"taxonomy":"product_tag","embeddable":true,"href":"https:\/\/www.sibo.it\/es\/wp-json\/wp\/v2\/product_tag?post=10981"}],"curies":[{"name":"wp","href":"https:\/\/api.w.org\/{rel}","templated":true}]}}