{"id":10965,"date":"2023-08-11T15:42:35","date_gmt":"2023-08-11T14:42:35","guid":{"rendered":"https:\/\/www.sibo.it\/prodotto\/fam\/"},"modified":"2024-01-25T16:00:04","modified_gmt":"2024-01-25T15:00:04","slug":"fam","status":"publish","type":"product","link":"https:\/\/www.sibo.it\/es\/producto\/fam\/","title":{"rendered":"FAM"},"content":{"rendered":"\t\t<div data-elementor-type=\"product-post\" data-elementor-id=\"10965\" class=\"elementor elementor-10965 elementor-10887\" data-elementor-post-type=\"product\">\n\t\t\t\t<div class=\"elementor-element elementor-element-cf1f3ba e-con-full e-flex e-con e-parent\" data-id=\"cf1f3ba\" data-element_type=\"container\" data-e-type=\"container\">\r\n\t\t<div class=\"elementor-element elementor-element-6d430be e-con-full e-flex e-con e-parent\" data-id=\"6d430be\" data-element_type=\"container\" data-e-type=\"container\">\r\n\t\t\t\t<div class=\"elementor-element elementor-element-ddd2f7f elementor-widget elementor-widget-text-editor\" data-id=\"ddd2f7f\" data-element_type=\"widget\" data-e-type=\"widget\" data-widget_type=\"text-editor.default\">\n\t\t\t\t<div class=\"elementor-widget-container\">\n\t\t\t\t\t\t\t\t\t<table border=\"0\" cellspacing=\"0\" cellpadding=\"0\">\n<tbody>\n<tr>\n<td>longitud de la pieza<\/td>\n<td><strong>210 mm.<\/strong><\/td>\n<\/tr>\n<tr>\n<td>espesor de la pieza<\/td>\n<td><strong>3.5 mm.<\/strong><\/td>\n<\/tr>\n<tr>\n<td>ancho de la pieza<\/td>\n<td><strong>16.5 mm.<\/strong><\/td>\n<\/tr>\n<tr>\n<td>producci\u00f3n <\/td>\n<td><strong>1100 pz.\/h.<\/strong><\/td>\n<\/tr>\n<\/tbody>\n<\/table>\n<p style=\"text-align: left;\"><b>ACCESORIOS<\/b><\/p>\n<p style=\"text-align: left;\">\n\t\t\t\t\t\t\t\t<\/div>\n\t\t\t\t<\/div>\n\t\t\t\t<\/div>\n\t\t<div class=\"elementor-element elementor-element-8616444 e-con-full e-flex e-con e-parent\" data-id=\"8616444\" data-element_type=\"container\" data-e-type=\"container\">\r\n\t\t\t\t<div class=\"elementor-element elementor-element-e1de2a1 elementor-widget elementor-widget-text-editor\" data-id=\"e1de2a1\" data-element_type=\"widget\" data-e-type=\"widget\" data-widget_type=\"text-editor.default\">\n\t\t\t\t<div class=\"elementor-widget-container\">\n\t\t\t\t\t\t\t\t\t<p><b>EJEMPLO DE NUESTRAS PRODUCIDAS<\/b><\/p>\n<p><img decoding=\"async\" class=\"alignnone size-medium wp-image-9199\" src=\"https:\/\/www.sibo.it\/wp-content\/uploads\/2023\/03\/FAM-CAMP-300x150.jpg\" alt=\"\" width=\"300\" height=\"150\"><\/p>\n\t\t\t\t\t\t\t\t<\/div>\n\t\t\t\t<\/div>\n\t\t\t\t<\/div>\n\t\t\t\t<\/div>\n\t\t\t\t<\/div>\n\t\t","protected":false},"excerpt":{"rendered":"<p><strong>FRESADORA POR METROS MODELO \u00abFAM\u00bb<\/strong><\/p>\n<p>Fresadora automatica para realizar 2 rebajes y 2 agujeros en tallos del metros. Las tablas ya fresadas a medida se colocan en el cargador. La m\u00e1quina est\u00e1 equipada con 4 mandriles el\u00e9ctricos superiores y 4 mandriles el\u00e9ctricos inferiores que sirven para realizar el agujero y rebajar la tabla de los 2 lados. Ya sea el avance, el blocaje, como el movimiento de los mandriles, se realizan mediante un complejo sistema de palancas conectados entre s\u00ed y controlados por un solo motor. De esta manera, es posible obtener un perfecto sincronismo y una alta productividad.<\/p>\n","protected":false},"featured_media":9198,"comment_status":"closed","ping_status":"closed","template":"","meta":{"_acf_changed":false},"product_brand":[],"product_cat":[219,137],"product_tag":[],"class_list":{"0":"post-10965","1":"product","2":"type-product","3":"status-publish","4":"has-post-thumbnail","6":"product_cat-maquinas-especiales","7":"product_cat-maquinas-madera","8":"pa_applicazioni-maquinas-especiales","10":"first","11":"instock","12":"shipping-taxable","13":"product-type-simple"},"acf":[],"_links":{"self":[{"href":"https:\/\/www.sibo.it\/es\/wp-json\/wp\/v2\/product\/10965","targetHints":{"allow":["GET"]}}],"collection":[{"href":"https:\/\/www.sibo.it\/es\/wp-json\/wp\/v2\/product"}],"about":[{"href":"https:\/\/www.sibo.it\/es\/wp-json\/wp\/v2\/types\/product"}],"replies":[{"embeddable":true,"href":"https:\/\/www.sibo.it\/es\/wp-json\/wp\/v2\/comments?post=10965"}],"version-history":[{"count":1,"href":"https:\/\/www.sibo.it\/es\/wp-json\/wp\/v2\/product\/10965\/revisions"}],"predecessor-version":[{"id":10966,"href":"https:\/\/www.sibo.it\/es\/wp-json\/wp\/v2\/product\/10965\/revisions\/10966"}],"wp:featuredmedia":[{"embeddable":true,"href":"https:\/\/www.sibo.it\/es\/wp-json\/wp\/v2\/media\/9198"}],"wp:attachment":[{"href":"https:\/\/www.sibo.it\/es\/wp-json\/wp\/v2\/media?parent=10965"}],"wp:term":[{"taxonomy":"product_brand","embeddable":true,"href":"https:\/\/www.sibo.it\/es\/wp-json\/wp\/v2\/product_brand?post=10965"},{"taxonomy":"product_cat","embeddable":true,"href":"https:\/\/www.sibo.it\/es\/wp-json\/wp\/v2\/product_cat?post=10965"},{"taxonomy":"product_tag","embeddable":true,"href":"https:\/\/www.sibo.it\/es\/wp-json\/wp\/v2\/product_tag?post=10965"}],"curies":[{"name":"wp","href":"https:\/\/api.w.org\/{rel}","templated":true}]}}