{"id":10948,"date":"2023-08-11T15:50:10","date_gmt":"2023-08-11T14:50:10","guid":{"rendered":"https:\/\/www.sibo.it\/prodotto\/tp-c\/"},"modified":"2024-01-25T15:57:44","modified_gmt":"2024-01-25T14:57:44","slug":"tp-c","status":"publish","type":"product","link":"https:\/\/www.sibo.it\/es\/producto\/tp-c\/","title":{"rendered":"TP\/C"},"content":{"rendered":"\t\t<div data-elementor-type=\"product-post\" data-elementor-id=\"10948\" class=\"elementor elementor-10948 elementor-10894\" data-elementor-post-type=\"product\">\n\t\t\t\t<div class=\"elementor-element elementor-element-cf1f3ba e-con-full e-flex e-con e-parent\" data-id=\"cf1f3ba\" data-element_type=\"container\" data-e-type=\"container\">\r\n\t\t<div class=\"elementor-element elementor-element-6d430be e-con-full e-flex e-con e-parent\" data-id=\"6d430be\" data-element_type=\"container\" data-e-type=\"container\">\r\n\t\t\t\t<div class=\"elementor-element elementor-element-ddd2f7f elementor-widget elementor-widget-text-editor\" data-id=\"ddd2f7f\" data-element_type=\"widget\" data-e-type=\"widget\" data-widget_type=\"text-editor.default\">\n\t\t\t\t<div class=\"elementor-widget-container\">\n\t\t\t\t\t\t\t\t\t<table border=\"0\" cellspacing=\"0\" cellpadding=\"0\">\n<tbody>\n<tr>\n<td>longitud m\u00e1x de la pieza<\/td>\n<td><strong>250 mm.<\/strong><\/td>\n<\/tr>\n<tr>\n<td>ancho m\u00e1x de la pieza<\/td>\n<td><strong>100 mm.<\/strong><\/td>\n<\/tr>\n<tr>\n<td>espesor m\u00e1x de la pieza<\/td>\n<td><strong>30 mm.<\/strong><\/td>\n<\/tr>\n<tr>\n<td>producci\u00f3n<\/td>\n<td><strong>6 pz.\/min.<\/strong><\/td>\n<\/tr>\n<\/tbody>\n<\/table>\n<p style=\"text-align: left;\"><b>ACCESORIOS<\/b><\/p>\n<p style=\"text-align: left;\">\n\t\t\t\t\t\t\t\t<\/div>\n\t\t\t\t<\/div>\n\t\t\t\t<\/div>\n\t\t<div class=\"elementor-element elementor-element-8616444 e-con-full e-flex e-con e-parent\" data-id=\"8616444\" data-element_type=\"container\" data-e-type=\"container\">\r\n\t\t\t\t<div class=\"elementor-element elementor-element-e1de2a1 elementor-widget elementor-widget-text-editor\" data-id=\"e1de2a1\" data-element_type=\"widget\" data-e-type=\"widget\" data-widget_type=\"text-editor.default\">\n\t\t\t\t<div class=\"elementor-widget-container\">\n\t\t\t\t\t\t\t\t\t<p><b>EJEMPLO DE NUESTRAS PRODUCIDAS<\/b><\/p>\n<p><img decoding=\"async\" class=\"alignnone size-medium wp-image-9227\" src=\"https:\/\/www.sibo.it\/wp-content\/uploads\/2023\/03\/TAGLIERINA_TP-CAMP-300x150.jpg\" alt=\"\" width=\"300\" height=\"150\"><\/p>\n\t\t\t\t\t\t\t\t<\/div>\n\t\t\t\t<\/div>\n\t\t\t\t<\/div>\n\t\t\t\t<\/div>\n\t\t\t\t<\/div>\n\t\t","protected":false},"excerpt":{"rendered":"<p><strong>CORTADORA AUTOM\u00c1TICA PARA DIVIDIR LOS LISTONES EN TRES PIEZAS MODELO \u00abTP\/C\u00bb<\/strong><\/p>\n<p>Cortadora autom\u00e1tica para dividir los listones en tres piezas. Los listones se colocan manualmente en el cargador, una a la vez en la posici\u00f3n de trabajo, donde quedan fijas. Dos circular realizar el corte longitudinal y otras circulares 2 de realizar el corte lateral. Al final de la operaci\u00f3n el list\u00f3n cortado se e descarga autom\u00e1ticamente.<\/p>\n","protected":false},"featured_media":9226,"comment_status":"closed","ping_status":"closed","template":"","meta":{"_acf_changed":false},"product_brand":[],"product_cat":[219,137],"product_tag":[],"class_list":{"0":"post-10948","1":"product","2":"type-product","3":"status-publish","4":"has-post-thumbnail","6":"product_cat-maquinas-especiales","7":"product_cat-maquinas-madera","8":"pa_applicazioni-maquinas-especiales","10":"first","11":"instock","12":"shipping-taxable","13":"product-type-simple"},"acf":[],"_links":{"self":[{"href":"https:\/\/www.sibo.it\/es\/wp-json\/wp\/v2\/product\/10948","targetHints":{"allow":["GET"]}}],"collection":[{"href":"https:\/\/www.sibo.it\/es\/wp-json\/wp\/v2\/product"}],"about":[{"href":"https:\/\/www.sibo.it\/es\/wp-json\/wp\/v2\/types\/product"}],"replies":[{"embeddable":true,"href":"https:\/\/www.sibo.it\/es\/wp-json\/wp\/v2\/comments?post=10948"}],"version-history":[{"count":1,"href":"https:\/\/www.sibo.it\/es\/wp-json\/wp\/v2\/product\/10948\/revisions"}],"predecessor-version":[{"id":10949,"href":"https:\/\/www.sibo.it\/es\/wp-json\/wp\/v2\/product\/10948\/revisions\/10949"}],"wp:featuredmedia":[{"embeddable":true,"href":"https:\/\/www.sibo.it\/es\/wp-json\/wp\/v2\/media\/9226"}],"wp:attachment":[{"href":"https:\/\/www.sibo.it\/es\/wp-json\/wp\/v2\/media?parent=10948"}],"wp:term":[{"taxonomy":"product_brand","embeddable":true,"href":"https:\/\/www.sibo.it\/es\/wp-json\/wp\/v2\/product_brand?post=10948"},{"taxonomy":"product_cat","embeddable":true,"href":"https:\/\/www.sibo.it\/es\/wp-json\/wp\/v2\/product_cat?post=10948"},{"taxonomy":"product_tag","embeddable":true,"href":"https:\/\/www.sibo.it\/es\/wp-json\/wp\/v2\/product_tag?post=10948"}],"curies":[{"name":"wp","href":"https:\/\/api.w.org\/{rel}","templated":true}]}}