{"id":10942,"date":"2023-08-11T15:54:53","date_gmt":"2023-08-11T14:54:53","guid":{"rendered":"https:\/\/www.sibo.it\/prodotto\/ttc-cnc\/"},"modified":"2024-01-25T15:24:39","modified_gmt":"2024-01-25T14:24:39","slug":"ttc-cnc","status":"publish","type":"product","link":"https:\/\/www.sibo.it\/es\/producto\/ttc-cnc\/","title":{"rendered":"TTC\/CNC"},"content":{"rendered":"\t\t<div data-elementor-type=\"product-post\" data-elementor-id=\"10942\" class=\"elementor elementor-10942 elementor-10899\" data-elementor-post-type=\"product\">\n\t\t\t\t<div class=\"elementor-element elementor-element-cf1f3ba e-con-full e-flex e-con e-parent\" data-id=\"cf1f3ba\" data-element_type=\"container\" data-e-type=\"container\">\r\n\t\t<div class=\"elementor-element elementor-element-6d430be e-con-full e-flex e-con e-parent\" data-id=\"6d430be\" data-element_type=\"container\" data-e-type=\"container\">\r\n\t\t\t\t<div class=\"elementor-element elementor-element-ddd2f7f elementor-widget elementor-widget-text-editor\" data-id=\"ddd2f7f\" data-element_type=\"widget\" data-e-type=\"widget\" data-widget_type=\"text-editor.default\">\n\t\t\t\t<div class=\"elementor-widget-container\">\n\t\t\t\t\t\t\t\t\t<table border=\"0\" cellspacing=\"0\" cellpadding=\"0\">\n<tbody>\n<tr>\n<td>di\u00e1metro min. del tubo<\/td>\n<td><strong> 55 <\/strong> <strong>mm.<\/strong><\/td>\n<\/tr>\n<tr>\n<td>di\u00e1metro max. del tubo<\/td>\n<td><strong> 640<\/strong> <strong>mm.<\/strong><\/td>\n<\/tr>\n<tr>\n<td>longitud m\u00edn. de corte<\/td>\n<td><strong>500<\/strong> <strong>mm.<\/strong><\/td>\n<\/tr>\n<tr>\n<td>di\u00e1metro circular<\/td>\n<td><strong>125<\/strong> <strong>mm.<\/strong><\/td>\n<\/tr>\n<\/tbody>\n<\/table>\n<p style=\"text-align: left;\"><b>ACCESORIOS<\/b><\/p>\n<p style=\"text-align: left;\">\n\t\t\t\t\t\t\t\t<\/div>\n\t\t\t\t<\/div>\n\t\t\t\t<\/div>\n\t\t<div class=\"elementor-element elementor-element-8616444 e-con-full e-flex e-con e-parent\" data-id=\"8616444\" data-element_type=\"container\" data-e-type=\"container\">\r\n\t\t\t\t<div class=\"elementor-element elementor-element-e1de2a1 elementor-widget elementor-widget-text-editor\" data-id=\"e1de2a1\" data-element_type=\"widget\" data-e-type=\"widget\" data-widget_type=\"text-editor.default\">\n\t\t\t\t<div class=\"elementor-widget-container\">\n\t\t\t\t\t\t\t\t\t<p><b>EJEMPLO DE NUESTRAS PRODUCIDAS<\/b><\/p>\n<p><img decoding=\"async\" class=\"alignnone size-medium wp-image-9268\" src=\"https:\/\/www.sibo.it\/wp-content\/uploads\/2023\/03\/ttc-cnc-CAMP-300x150.jpg\" alt=\"\" width=\"300\" height=\"150\"><\/p>\n\t\t\t\t\t\t\t\t<\/div>\n\t\t\t\t<\/div>\n\t\t\t\t<\/div>\n\t\t\t\t<\/div>\n\t\t\t\t<\/div>\n\t\t","protected":false},"excerpt":{"rendered":"<p><strong>CORTADORA AUTOM\u00c1TICA MODELO \u00abTTC\/CNC\u00bb<\/strong><\/p>\n<p>Cortadora autom\u00e1tica para cortar los tubos de cart\u00f3n. Despu\u00e9s de ajustar en el Cn, el di\u00e1metro del tubo, el ancho del papel y el largo de corte, la m\u00e1quina est\u00e1 lista para funcionar. Al pulsar el bot\u00f3n de inicio, 2 hojas contrapuestas ejecutan la cabeza del tubo que est\u00e1 formado por el envolvedor y se reposicionan, hasta que se llegue a la longitud deseada. En cada ciclo de las cuchillas parten en paralelo con el l tubo, hasta llegar a la misma velocidad del tubo y s\u00f3lo entonces realizan el corte.<\/p>\n","protected":false},"featured_media":9267,"comment_status":"closed","ping_status":"closed","template":"","meta":{"_acf_changed":false},"product_brand":[],"product_cat":[219,137],"product_tag":[],"class_list":{"0":"post-10942","1":"product","2":"type-product","3":"status-publish","4":"has-post-thumbnail","6":"product_cat-maquinas-especiales","7":"product_cat-maquinas-madera","8":"pa_applicazioni-maquinas-especiales","10":"first","11":"instock","12":"shipping-taxable","13":"product-type-simple"},"acf":[],"_links":{"self":[{"href":"https:\/\/www.sibo.it\/es\/wp-json\/wp\/v2\/product\/10942","targetHints":{"allow":["GET"]}}],"collection":[{"href":"https:\/\/www.sibo.it\/es\/wp-json\/wp\/v2\/product"}],"about":[{"href":"https:\/\/www.sibo.it\/es\/wp-json\/wp\/v2\/types\/product"}],"replies":[{"embeddable":true,"href":"https:\/\/www.sibo.it\/es\/wp-json\/wp\/v2\/comments?post=10942"}],"version-history":[{"count":1,"href":"https:\/\/www.sibo.it\/es\/wp-json\/wp\/v2\/product\/10942\/revisions"}],"predecessor-version":[{"id":10943,"href":"https:\/\/www.sibo.it\/es\/wp-json\/wp\/v2\/product\/10942\/revisions\/10943"}],"wp:featuredmedia":[{"embeddable":true,"href":"https:\/\/www.sibo.it\/es\/wp-json\/wp\/v2\/media\/9267"}],"wp:attachment":[{"href":"https:\/\/www.sibo.it\/es\/wp-json\/wp\/v2\/media?parent=10942"}],"wp:term":[{"taxonomy":"product_brand","embeddable":true,"href":"https:\/\/www.sibo.it\/es\/wp-json\/wp\/v2\/product_brand?post=10942"},{"taxonomy":"product_cat","embeddable":true,"href":"https:\/\/www.sibo.it\/es\/wp-json\/wp\/v2\/product_cat?post=10942"},{"taxonomy":"product_tag","embeddable":true,"href":"https:\/\/www.sibo.it\/es\/wp-json\/wp\/v2\/product_tag?post=10942"}],"curies":[{"name":"wp","href":"https:\/\/api.w.org\/{rel}","templated":true}]}}