{"id":10934,"date":"2023-08-11T16:00:15","date_gmt":"2023-08-11T15:00:15","guid":{"rendered":"https:\/\/www.sibo.it\/prodotto\/ftf-c\/"},"modified":"2024-01-25T14:59:28","modified_gmt":"2024-01-25T13:59:28","slug":"ftf-c","status":"publish","type":"product","link":"https:\/\/www.sibo.it\/es\/producto\/ftf-c\/","title":{"rendered":"FTF\/C"},"content":{"rendered":"\t\t<div data-elementor-type=\"product-post\" data-elementor-id=\"10934\" class=\"elementor elementor-10934 elementor-10906\" data-elementor-post-type=\"product\">\n\t\t\t\t<div class=\"elementor-element elementor-element-cf1f3ba e-con-full e-flex e-con e-parent\" data-id=\"cf1f3ba\" data-element_type=\"container\" data-e-type=\"container\">\r\n\t\t<div class=\"elementor-element elementor-element-6d430be e-con-full e-flex e-con e-child\" data-id=\"6d430be\" data-element_type=\"container\" data-e-type=\"container\">\r\n\t\t\t\t<div class=\"elementor-element elementor-element-ddd2f7f elementor-widget elementor-widget-text-editor\" data-id=\"ddd2f7f\" data-element_type=\"widget\" data-e-type=\"widget\" data-widget_type=\"text-editor.default\">\n\t\t\t\t<div class=\"elementor-widget-container\">\n\t\t\t\t\t\t\t\t\t<table border=\"0\" cellspacing=\"0\" cellpadding=\"0\">\n<tbody>\n<tr>\n<td><span style=\"font-size: 16px;\">di\u00e1metro m\u00edn de la pieza<\/span><\/td>\n<td><span style=\"font-size: 16px;\"><strong>10 mm.<\/strong><\/span><\/td>\n<\/tr>\n<tr>\n<td><span style=\"font-size: 16px;\">di\u00e1metro max de la pieza<\/span><\/td>\n<td><span style=\"font-size: 16px;\"><strong>90 mm.<\/strong><\/span><\/td>\n<\/tr>\n<tr>\n<td><span style=\"font-size: 16px;\">longitud m\u00edn de la pieza<\/span><\/td>\n<td><span style=\"font-size: 16px;\"><strong>8 mm.<\/strong><\/span><\/td>\n<\/tr>\n<tr>\n<td><span style=\"font-size: 16px;\">longitud max de la pieza<\/span><\/td>\n<td><span style=\"font-size: 16px;\"><strong>150 mm.<\/strong><\/span><\/td>\n<\/tr>\n<tr>\n<td><span style=\"font-size: 16px;\">di\u00e1metro max de taladrado<\/span><\/td>\n<td><span style=\"font-size: 16px;\"><strong>30 mm.<\/strong><\/span><\/td>\n<\/tr>\n<tr>\n<td><span style=\"font-size: 16px;\">producci\u00f3n min.<\/span><\/td>\n<td><span style=\"font-size: 16px;\"><strong> 300 pz.\/h.<\/strong><\/span><\/td>\n<\/tr>\n<\/tbody>\n<\/table>\n<p style=\"text-align: left;\">\n<p style=\"text-align: left;\">\n\t\t\t\t\t\t\t\t<\/div>\n\t\t\t\t<\/div>\n\t\t\t\t<\/div>\n\t\t<div class=\"elementor-element elementor-element-8616444 e-con-full e-flex e-con e-child\" data-id=\"8616444\" data-element_type=\"container\" data-e-type=\"container\">\r\n\t\t\t\t<div class=\"elementor-element elementor-element-e1de2a1 elementor-widget elementor-widget-text-editor\" data-id=\"e1de2a1\" data-element_type=\"widget\" data-e-type=\"widget\" data-widget_type=\"text-editor.default\">\n\t\t\t\t<div class=\"elementor-widget-container\">\n\t\t\t\t\t\t\t\t\t<p><b>EJEMPLO DE NUESTRAS PRODUCIDAS<\/b><\/p>\n<p><img decoding=\"async\" class=\"alignnone size-medium wp-image-10916\" src=\"https:\/\/www.sibo.it\/wp-content\/uploads\/2023\/08\/campioni_FTFC-300x150.jpg\" alt=\"\" width=\"300\" height=\"150\"><\/p>\n\t\t\t\t\t\t\t\t<\/div>\n\t\t\t\t<\/div>\n\t\t\t\t<\/div>\n\t\t\t\t<\/div>\n\t\t\t\t<\/div>\n\t\t","protected":false},"excerpt":{"rendered":"<p><strong>TRANSFERENCIA AUTOM\u00c1TICA MODELO \u00abFTF\/C\u00bb<\/strong><\/p>\n<p>Transferencia autom\u00e1tica para obtener de tiras de plaza piezas cortadas, perforadas y fresadas con el di\u00e1metro y la longitud deseada. Las tiras de cuadrados aserrada y cortadas a la misma longitud de 1 metro se colocan en el cargador de transferencia. Una sujeci\u00f3n neum\u00e1tica toma la barra cuadrada y los avances de acuerdo a la longitud deseada. En esta posici\u00f3n, la barra est\u00e1 bloqueada, una punta ejecuta el agujero interno a la profundidad deseada y una sierra circular corta la pieza de trabajo, mientras que los neum\u00e1ticos retornos de bloqueo a la posici\u00f3n de partida. Posteriormente, la pieza de corte se lleva a cabo de forma autom\u00e1tica en una fresa donde es procesada externamente redonda, oval, octagonal, etc.., simplemente cambiando la forma.<\/p>\n","protected":false},"featured_media":10912,"comment_status":"closed","ping_status":"closed","template":"","meta":{"_acf_changed":false},"product_brand":[],"product_cat":[219,137],"product_tag":[],"class_list":{"0":"post-10934","1":"product","2":"type-product","3":"status-publish","4":"has-post-thumbnail","6":"product_cat-maquinas-especiales","7":"product_cat-maquinas-madera","8":"pa_applicazioni-maquinas-especiales","10":"first","11":"instock","12":"shipping-taxable","13":"product-type-simple"},"acf":[],"_links":{"self":[{"href":"https:\/\/www.sibo.it\/es\/wp-json\/wp\/v2\/product\/10934","targetHints":{"allow":["GET"]}}],"collection":[{"href":"https:\/\/www.sibo.it\/es\/wp-json\/wp\/v2\/product"}],"about":[{"href":"https:\/\/www.sibo.it\/es\/wp-json\/wp\/v2\/types\/product"}],"replies":[{"embeddable":true,"href":"https:\/\/www.sibo.it\/es\/wp-json\/wp\/v2\/comments?post=10934"}],"version-history":[{"count":2,"href":"https:\/\/www.sibo.it\/es\/wp-json\/wp\/v2\/product\/10934\/revisions"}],"predecessor-version":[{"id":16033,"href":"https:\/\/www.sibo.it\/es\/wp-json\/wp\/v2\/product\/10934\/revisions\/16033"}],"wp:featuredmedia":[{"embeddable":true,"href":"https:\/\/www.sibo.it\/es\/wp-json\/wp\/v2\/media\/10912"}],"wp:attachment":[{"href":"https:\/\/www.sibo.it\/es\/wp-json\/wp\/v2\/media?parent=10934"}],"wp:term":[{"taxonomy":"product_brand","embeddable":true,"href":"https:\/\/www.sibo.it\/es\/wp-json\/wp\/v2\/product_brand?post=10934"},{"taxonomy":"product_cat","embeddable":true,"href":"https:\/\/www.sibo.it\/es\/wp-json\/wp\/v2\/product_cat?post=10934"},{"taxonomy":"product_tag","embeddable":true,"href":"https:\/\/www.sibo.it\/es\/wp-json\/wp\/v2\/product_tag?post=10934"}],"curies":[{"name":"wp","href":"https:\/\/api.w.org\/{rel}","templated":true}]}}