{"id":2557,"date":"2020-12-19T10:51:33","date_gmt":"2020-12-19T09:51:33","guid":{"rendered":"https:\/\/www.sibo.it\/about-us\/"},"modified":"2025-07-17T14:48:00","modified_gmt":"2025-07-17T13:48:00","slug":"quienes-somos","status":"publish","type":"page","link":"https:\/\/www.sibo.it\/es\/quienes-somos\/","title":{"rendered":"Sociedad"},"content":{"rendered":"\t\t<div data-elementor-type=\"wp-page\" data-elementor-id=\"2557\" class=\"elementor elementor-2557 elementor-188\" data-elementor-post-type=\"page\">\n\t\t\t\t\t\t<section class=\"elementor-section elementor-top-section elementor-element elementor-element-8439d52 pc-section-shape-background p-t-xxl p-b-xxl elementor-section-content-middle elementor-section-boxed elementor-section-height-default elementor-section-height-default\" data-id=\"8439d52\" data-element_type=\"section\" data-e-type=\"section\" data-settings=\"{&quot;background_background&quot;:&quot;classic&quot;}\">\r\n\t\t\r\n\t\t\t\t\t\t\t<div class=\"elementor-container elementor-column-gap-default\">\r\n\t\t\t\t\t\t\t\t\t\t\t<div class=\"elementor-column elementor-col-50 elementor-top-column elementor-element elementor-element-cecb7f2 z-index-2 pe-lg-4 my-lg-4\" data-id=\"cecb7f2\" data-element_type=\"column\" data-e-type=\"column\">\r\n\t\t\t\t\t<div class=\"elementor-widget-wrap elementor-element-populated\">\r\n\t\t\t\t\t\t\t\t<div class=\"elementor-element elementor-element-ab92529 mb-0 box-shadow-3 elementor-invisible elementor-widget elementor-widget-image\" data-id=\"ab92529\" data-element_type=\"widget\" data-e-type=\"widget\" data-settings=\"{&quot;_animation&quot;:&quot;fadeInLeft&quot;,&quot;_animation_delay&quot;:200}\" data-widget_type=\"image.default\">\n\t\t\t\t<div class=\"elementor-widget-container\">\n\t\t\t\t\t\t\t\t\t\t\t\t\t\t\t<img decoding=\"async\" src=\"https:\/\/www.sibo.it\/wp-content\/uploads\/2022\/12\/metallo-tubi.jpg\" title=\"\" alt=\"\" loading=\"lazy\" \/>\t\t\t\t\t\t\t\t\t\t\t\t\t\t\t<\/div>\n\t\t\t\t<\/div>\n\t\t\t\t\t<\/div>\r\n\t\t\t\t<\/div>\r\n\t\t\t\t<div class=\"elementor-column elementor-col-50 elementor-top-column elementor-element elementor-element-6896157 z-index-2  my-lg-4 elementor-invisible\" data-id=\"6896157\" data-element_type=\"column\" data-e-type=\"column\" data-settings=\"{&quot;animation&quot;:&quot;fadeInLeft&quot;,&quot;animation_delay&quot;:500}\">\r\n\t\t\t\t\t<div class=\"elementor-widget-wrap elementor-element-populated\">\r\n\t\t\t\t\t\t\t\t<div class=\"elementor-element elementor-element-80efb34 py-2 mb-0 elementor-widget elementor-widget-heading\" data-id=\"80efb34\" data-element_type=\"widget\" data-e-type=\"widget\" data-widget_type=\"heading.default\">\n\t\t\t\t<div class=\"elementor-widget-container\">\n\t\t\t\t\t<h3 class=\"elementor-heading-title elementor-size-default\">SIBO ENGINEERING<\/h3>\t\t\t\t<\/div>\n\t\t\t\t<\/div>\n\t\t\t\t<div class=\"elementor-element elementor-element-f867c3e mb-3 elementor-widget elementor-widget-heading\" data-id=\"f867c3e\" data-element_type=\"widget\" data-e-type=\"widget\" data-widget_type=\"heading.default\">\n\t\t\t\t<div class=\"elementor-widget-container\">\n\t\t\t\t\t<h2 class=\"elementor-heading-title elementor-size-default\">Perfil de la Empresa<\/h2>\t\t\t\t<\/div>\n\t\t\t\t<\/div>\n\t\t\t\t<div class=\"elementor-element elementor-element-f1e9071 pb-3 mb-4 custom-font1 elementor-widget elementor-widget-heading\" data-id=\"f1e9071\" data-element_type=\"widget\" data-e-type=\"widget\" data-widget_type=\"heading.default\">\n\t\t\t\t<div class=\"elementor-widget-container\">\n\t\t\t\t\t<p class=\"elementor-heading-title elementor-size-default\"><span style=\"font-size: 19.6px\">SIBO Engineering contin\u00faa la gloriosa tradici\u00f3n de su fundador, GRAZIANO BRUSA, que fund\u00f3 la empresa en 1830.<\/span><\/p>\t\t\t\t<\/div>\n\t\t\t\t<\/div>\n\t\t\t\t<div class=\"elementor-element elementor-element-e61e8c9 elementor-widget elementor-widget-heading\" data-id=\"e61e8c9\" data-element_type=\"widget\" data-e-type=\"widget\" data-widget_type=\"heading.default\">\n\t\t\t\t<div class=\"elementor-widget-container\">\n\t\t\t\t\t<p class=\"elementor-heading-title elementor-size-default\">Recentemente premiata come una delle 150 pi\u00f9 Antiche Societ\u00e0 d'Italia che hanno contribuito a fare la Storia del Bel Paese, SIBO Engineering, Societ\u00e0 Industriale Brusa Ornavasso, che \u00e8 adesso guidata da Alberto Brusa e da suo figlio Graziano, rimane di gran lunga ai vertici nel suo campo, riconosciuta universalmente per Qualit\u00e0, Affidabilit\u00e0 e Ingegnosit\u00e0. Avance, progreso, \u00e9xito. 100% Fabricado con maestr\u00eda italiana.<\/p>\t\t\t\t<\/div>\n\t\t\t\t<\/div>\n\t\t\t\t\t<\/div>\r\n\t\t\t\t<\/div>\r\n\t\t\t\t\t<\/div>\r\n\t\t\t\t<\/section>\r\n\t\t\t\t<section class=\"elementor-section elementor-top-section elementor-element elementor-element-f773bde pc-section-shape-background shape-reverse p-t-xxl p-b-xxl elementor-section-content-middle elementor-section-boxed elementor-section-height-default elementor-section-height-default\" data-id=\"f773bde\" data-element_type=\"section\" data-e-type=\"section\" data-settings=\"{&quot;background_background&quot;:&quot;classic&quot;}\">\r\n\t\t\r\n\t\t\t\t\t\t\t<div class=\"elementor-container elementor-column-gap-default\">\r\n\t\t\t\t\t\t\t\t\t\t\t<div class=\"elementor-column elementor-col-50 elementor-top-column elementor-element elementor-element-ac30027 z-index-2 ps-lg-4 my-lg-4 order-lg-2\" data-id=\"ac30027\" data-element_type=\"column\" data-e-type=\"column\">\r\n\t\t\t\t\t<div class=\"elementor-widget-wrap elementor-element-populated\">\r\n\t\t\t\t\t\t\t\t<div class=\"elementor-element elementor-element-97dfc99 mb-0 box-shadow-3 elementor-invisible elementor-widget elementor-widget-image\" data-id=\"97dfc99\" data-element_type=\"widget\" data-e-type=\"widget\" data-settings=\"{&quot;_animation&quot;:&quot;fadeInRight&quot;,&quot;_animation_delay&quot;:500}\" data-widget_type=\"image.default\">\n\t\t\t\t<div class=\"elementor-widget-container\">\n\t\t\t\t\t\t\t\t\t\t\t\t\t\t\t<img fetchpriority=\"high\" decoding=\"async\" width=\"524\" height=\"464\" src=\"https:\/\/www.sibo.it\/wp-content\/uploads\/2022\/12\/legno-giochi.jpg\" class=\"attachment-full size-full wp-image-2134\" alt=\"\" srcset=\"https:\/\/www.sibo.it\/wp-content\/uploads\/2022\/12\/legno-giochi.jpg 524w, https:\/\/www.sibo.it\/wp-content\/uploads\/2022\/12\/legno-giochi-400x354.jpg 400w\" sizes=\"(max-width: 524px) 100vw, 524px\" \/>\t\t\t\t\t\t\t\t\t\t\t\t\t\t\t<\/div>\n\t\t\t\t<\/div>\n\t\t\t\t\t<\/div>\r\n\t\t\t\t<\/div>\r\n\t\t\t\t<div class=\"elementor-column elementor-col-50 elementor-top-column elementor-element elementor-element-da16fdc z-index-2  my-lg-4 elementor-invisible\" data-id=\"da16fdc\" data-element_type=\"column\" data-e-type=\"column\" data-settings=\"{&quot;animation&quot;:&quot;fadeInRight&quot;,&quot;animation_delay&quot;:200}\">\r\n\t\t\t\t\t<div class=\"elementor-widget-wrap elementor-element-populated\">\r\n\t\t\t\t\t\t\t\t<div class=\"elementor-element elementor-element-96fb1d7 mb-3 elementor-widget elementor-widget-heading\" data-id=\"96fb1d7\" data-element_type=\"widget\" data-e-type=\"widget\" data-widget_type=\"heading.default\">\n\t\t\t\t<div class=\"elementor-widget-container\">\n\t\t\t\t\t<h2 class=\"elementor-heading-title elementor-size-default\">Quienes Somos<\/h2>\t\t\t\t<\/div>\n\t\t\t\t<\/div>\n\t\t\t\t<div class=\"elementor-element elementor-element-4aa71aa elementor-widget elementor-widget-heading\" data-id=\"4aa71aa\" data-element_type=\"widget\" data-e-type=\"widget\" data-widget_type=\"heading.default\">\n\t\t\t\t<div class=\"elementor-widget-container\">\n\t\t\t\t\t<p class=\"elementor-heading-title elementor-size-default\">SIBO Engineering fabrica desde los primeros a\u00f1os maquinaria de \u00faltima generaci\u00f3n para trabajar la madera, que incluye una amplia gama de m\u00e1quinas mec\u00e1nicas, hidr\u00e1ulicas, CNC y l\u00edneas autom\u00e1ticas\/semiautom\u00e1ticas.<\/p>\t\t\t\t<\/div>\n\t\t\t\t<\/div>\n\t\t\t\t<div class=\"elementor-element elementor-element-b100db1 elementor-widget elementor-widget-heading\" data-id=\"b100db1\" data-element_type=\"widget\" data-e-type=\"widget\" data-widget_type=\"heading.default\">\n\t\t\t\t<div class=\"elementor-widget-container\">\n\t\t\t\t\t<p class=\"elementor-heading-title elementor-size-default\">Fresadoras, ranuradoras, moldeadoras y lijadoras para trabajar diferentes tipos de muestras de madera, como todo tipo de brochas, cepillos e implementos agr\u00edcolas, bloques y mangos de escoba, bastones y mangos relacionados, empu\u00f1aduras.<\/p>\t\t\t\t<\/div>\n\t\t\t\t<\/div>\n\t\t\t\t<div class=\"elementor-element elementor-element-a54705a elementor-widget elementor-widget-heading\" data-id=\"a54705a\" data-element_type=\"widget\" data-e-type=\"widget\" data-widget_type=\"heading.default\">\n\t\t\t\t<div class=\"elementor-widget-container\">\n\t\t\t\t\t<p class=\"elementor-heading-title elementor-size-default\">Las m\u00e1quinas de acabado de superficies MET\u00c1LICAS han adquirido tambi\u00e9n una importancia destacada en la producci\u00f3n de SIBO en las \u00faltimas d\u00e9cadas, para satisfacer un mercado cada vez m\u00e1s exigente. Esto incluye m\u00e1quinas para rectificar, satinar y pulir tubos rectos y curvos con secciones redondas, ovaladas o irregulares, as\u00ed como barras, perfiles y superficies planas de acero, aluminio, acero inoxidable, lat\u00f3n, etc., como componentes de muebles, camas, radiadores, etc.<\/p>\t\t\t\t<\/div>\n\t\t\t\t<\/div>\n\t\t\t\t<div class=\"elementor-element elementor-element-263a01e elementor-widget elementor-widget-heading\" data-id=\"263a01e\" data-element_type=\"widget\" data-e-type=\"widget\" data-widget_type=\"heading.default\">\n\t\t\t\t<div class=\"elementor-widget-container\">\n\t\t\t\t\t<p class=\"elementor-heading-title elementor-size-default\">La profunda experiencia en ingenier\u00eda, combinada con las m\u00e1s modernas tecnolog\u00edas de dise\u00f1o, otorgan a SIBO Engineering la primera posici\u00f3n en el desarrollo de soluciones personalizadas, hechas a medida de las necesidades de cada cliente.<\/p>\t\t\t\t<\/div>\n\t\t\t\t<\/div>\n\t\t\t\t\t<\/div>\r\n\t\t\t\t<\/div>\r\n\t\t\t\t\t<\/div>\r\n\t\t\t\t<\/section>\r\n\t\t\t\t<section class=\"elementor-section elementor-top-section elementor-element elementor-element-b9a1310 px-gutter elementor-section-boxed elementor-section-height-default elementor-section-height-default\" data-id=\"b9a1310\" data-element_type=\"section\" data-e-type=\"section\" data-settings=\"{&quot;background_background&quot;:&quot;classic&quot;}\">\r\n\t\t\r\n\t\t\t\t\t\t\t<div class=\"elementor-container elementor-column-gap-default\">\r\n\t\t\t\t\t\t\t\t\t\t\t<div class=\"elementor-column elementor-col-100 elementor-top-column elementor-element elementor-element-175415a\" data-id=\"175415a\" data-element_type=\"column\" data-e-type=\"column\">\r\n\t\t\t\t\t<div class=\"elementor-widget-wrap elementor-element-populated\">\r\n\t\t\t\t\t\t\t\t<div class=\"elementor-element elementor-element-3ac54f3 mb-3 elementor-invisible elementor-widget elementor-widget-heading\" data-id=\"3ac54f3\" data-element_type=\"widget\" data-e-type=\"widget\" data-settings=\"{&quot;_animation_delay&quot;:400,&quot;_animation&quot;:&quot;fadeInUp&quot;}\" data-widget_type=\"heading.default\">\n\t\t\t\t<div class=\"elementor-widget-container\">\n\t\t\t\t\t<h2 class=\"elementor-heading-title elementor-size-default\">Nuestra HISTORIA\n<\/h2>\t\t\t\t<\/div>\n\t\t\t\t<\/div>\n\t\t\t\t<div class=\"elementor-element elementor-element-3d1997b py-2 mb-0 elementor-invisible elementor-widget elementor-widget-heading\" data-id=\"3d1997b\" data-element_type=\"widget\" data-e-type=\"widget\" data-settings=\"{&quot;_animation_delay&quot;:200,&quot;_animation&quot;:&quot;fadeInUp&quot;}\" data-widget_type=\"heading.default\">\n\t\t\t\t<div class=\"elementor-widget-container\">\n\t\t\t\t\t<h3 class=\"elementor-heading-title elementor-size-default\"><span>Una de las 150 sociedades m\u00e1s antiguas de Italia<\/span><\/h3>\t\t\t\t<\/div>\n\t\t\t\t<\/div>\n\t\t\t\t<div class=\"elementor-element elementor-element-fac7c76 py-2 mb-0 elementor-invisible elementor-widget elementor-widget-heading\" data-id=\"fac7c76\" data-element_type=\"widget\" data-e-type=\"widget\" data-settings=\"{&quot;_animation_delay&quot;:200,&quot;_animation&quot;:&quot;fadeInUp&quot;}\" data-widget_type=\"heading.default\">\n\t\t\t\t<div class=\"elementor-widget-container\">\n\t\t\t\t\t<h3 class=\"elementor-heading-title elementor-size-default\">DESDE 1830<\/h3>\t\t\t\t<\/div>\n\t\t\t\t<\/div>\n\t\t\t\t<div class=\"elementor-element elementor-element-52ef764 elementor-tabs-view-vertical elementor-widget elementor-widget-tabs\" data-id=\"52ef764\" data-element_type=\"widget\" data-e-type=\"widget\" data-widget_type=\"tabs.default\">\n\t\t\t\t<div class=\"elementor-widget-container\">\n\t\t\t\t\t\t\t<div class=\"elementor-tabs\">\n\t\t\t<div class=\"elementor-tabs-wrapper\" role=\"tablist\" >\n\t\t\t\t\t\t\t\t\t<div id=\"elementor-tab-title-8691\" class=\"elementor-tab-title elementor-tab-desktop-title\" aria-selected=\"true\" data-tab=\"1\" role=\"tab\" tabindex=\"0\" aria-controls=\"elementor-tab-content-8691\" aria-expanded=\"false\">1830<\/div>\n\t\t\t\t\t\t\t\t\t<div id=\"elementor-tab-title-8692\" class=\"elementor-tab-title elementor-tab-desktop-title\" aria-selected=\"false\" data-tab=\"2\" role=\"tab\" tabindex=\"-1\" aria-controls=\"elementor-tab-content-8692\" aria-expanded=\"false\">1968<\/div>\n\t\t\t\t\t\t\t\t\t<div id=\"elementor-tab-title-8693\" class=\"elementor-tab-title elementor-tab-desktop-title\" aria-selected=\"false\" data-tab=\"3\" role=\"tab\" tabindex=\"-1\" aria-controls=\"elementor-tab-content-8693\" aria-expanded=\"false\">1999<\/div>\n\t\t\t\t\t\t\t\t\t<div id=\"elementor-tab-title-8694\" class=\"elementor-tab-title elementor-tab-desktop-title\" aria-selected=\"false\" data-tab=\"4\" role=\"tab\" tabindex=\"-1\" aria-controls=\"elementor-tab-content-8694\" aria-expanded=\"false\">2016<\/div>\n\t\t\t\t\t\t\t\t\t<div id=\"elementor-tab-title-8695\" class=\"elementor-tab-title elementor-tab-desktop-title\" aria-selected=\"false\" data-tab=\"5\" role=\"tab\" tabindex=\"-1\" aria-controls=\"elementor-tab-content-8695\" aria-expanded=\"false\">2019<\/div>\n\t\t\t\t\t\t\t\t\t<div id=\"elementor-tab-title-8696\" class=\"elementor-tab-title elementor-tab-desktop-title\" aria-selected=\"false\" data-tab=\"6\" role=\"tab\" tabindex=\"-1\" aria-controls=\"elementor-tab-content-8696\" aria-expanded=\"false\">2019<\/div>\n\t\t\t\t\t\t\t\t\t<div id=\"elementor-tab-title-8697\" class=\"elementor-tab-title elementor-tab-desktop-title\" aria-selected=\"false\" data-tab=\"7\" role=\"tab\" tabindex=\"-1\" aria-controls=\"elementor-tab-content-8697\" aria-expanded=\"false\">2021<\/div>\n\t\t\t\t\t\t\t<\/div>\n\t\t\t<div class=\"elementor-tabs-content-wrapper\" role=\"tablist\" aria-orientation=\"vertical\">\n\t\t\t\t\t\t\t\t\t<div class=\"elementor-tab-title elementor-tab-mobile-title\" aria-selected=\"true\" data-tab=\"1\" role=\"tab\" tabindex=\"0\" aria-controls=\"elementor-tab-content-8691\" aria-expanded=\"false\">1830<\/div>\n\t\t\t\t\t<div id=\"elementor-tab-content-8691\" class=\"elementor-tab-content elementor-clearfix\" data-tab=\"1\" role=\"tabpanel\" aria-labelledby=\"elementor-tab-title-8691\" tabindex=\"0\" hidden=\"false\"><h4>Fondazione<\/h4>\n<p>Graziano Brusa Antonini funda la empresa \u00ab<strong>Graziano Brusa Costruzioni Meccaniche<\/strong>\u00ab. Comienza la historia.<\/p>\n<p><img decoding=\"async\" class=\"immagine tonda css: float-start img-fluid rounded-circle me-4 mb-4 alignnone wp-image-3010 size-medium\" src=\"https:\/\/www.sibo.it\/wp-content\/uploads\/2023\/02\/1830-Fondazione-300x300.jpg\" alt=\"1830-Fundaci\u00f3n\" width=\"300\" height=\"300\"><\/p>\n<\/div>\n\t\t\t\t\t\t\t\t\t<div class=\"elementor-tab-title elementor-tab-mobile-title\" aria-selected=\"false\" data-tab=\"2\" role=\"tab\" tabindex=\"-1\" aria-controls=\"elementor-tab-content-8692\" aria-expanded=\"false\">1968<\/div>\n\t\t\t\t\t<div id=\"elementor-tab-content-8692\" class=\"elementor-tab-content elementor-clearfix\" data-tab=\"2\" role=\"tabpanel\" aria-labelledby=\"elementor-tab-title-8692\" tabindex=\"0\" hidden=\"hidden\"><h4>SIBO<\/h4>\n<p><strong>Alberto Brusa Antonini <\/strong>cambia el nombre de la empresa a <strong>SIBO<\/strong>, <strong>S<\/strong>ociet\u00e0 <strong>I<\/strong>ndustrial <strong>B<\/strong>rusa <strong>O<\/strong>rnavasso, refrescando la imagen de la empresa, ahora una importante instalaci\u00f3n industrial en su ciudad natal de Ornavasso (Verbania).<\/p>\n<p><img decoding=\"async\" class=\"immagine tonda css: float-start img-fluid rounded-circle me-4 mb-4 alignnone wp-image-3004 size-full\" src=\"https:\/\/www.sibo.it\/wp-content\/uploads\/2023\/02\/1968-sibo.jpg\" alt=\"1968-SIBO\" width=\"299\" height=\"300\"><\/p>\n<\/div>\n\t\t\t\t\t\t\t\t\t<div class=\"elementor-tab-title elementor-tab-mobile-title\" aria-selected=\"false\" data-tab=\"3\" role=\"tab\" tabindex=\"-1\" aria-controls=\"elementor-tab-content-8693\" aria-expanded=\"false\">1999<\/div>\n\t\t\t\t\t<div id=\"elementor-tab-content-8693\" class=\"elementor-tab-content elementor-clearfix\" data-tab=\"3\" role=\"tabpanel\" aria-labelledby=\"elementor-tab-title-8693\" tabindex=\"0\" hidden=\"hidden\"><h4>Conocimientos<\/h4>\n<p><strong>El conocimiento importa.<\/strong> El conocimiento, basado en una larga trayectoria de experiencia y tecnolog\u00eda aplicada, ha permitido a <strong>SIBO Engineering<\/strong> ganar recientemente el prestigioso premio internacional \u00ab<strong>ERCOLE D&#8217;ORO<\/strong>\u00ab, concedido por la Academia de Ciencias de Roma.<\/p>\n<\/p>\n<p><img loading=\"lazy\" decoding=\"async\" class=\"immagine tonda css: float-start img-fluid rounded-circle me-4 mb-4 alignnone wp-image-2998 size-medium\" src=\"https:\/\/www.sibo.it\/wp-content\/uploads\/2023\/02\/1999-Conoscenza-300x300.jpg\" alt=\"1999-Conocimientos\" width=\"300\" height=\"300\"><\/p>\n<\/div>\n\t\t\t\t\t\t\t\t\t<div class=\"elementor-tab-title elementor-tab-mobile-title\" aria-selected=\"false\" data-tab=\"4\" role=\"tab\" tabindex=\"-1\" aria-controls=\"elementor-tab-content-8694\" aria-expanded=\"false\">2016<\/div>\n\t\t\t\t\t<div id=\"elementor-tab-content-8694\" class=\"elementor-tab-content elementor-clearfix\" data-tab=\"4\" role=\"tabpanel\" aria-labelledby=\"elementor-tab-title-8694\" tabindex=\"0\" hidden=\"hidden\"><h4>SIBO Engineering<\/h4>\n<p>Adem\u00e1s de las m\u00e1quinas y l\u00edneas mec\u00e1nicas, hidr\u00e1ulicas, autom\u00e1ticas, semiautom\u00e1ticas y CNC para trabajar la madera, el corcho, el pl\u00e1stico y el metal, <strong>SIBO Engineering<\/strong> fabrica, siguiendo las reglas del dise\u00f1o conceptual para la resoluci\u00f3n de problemas, <strong>m\u00e1quinas especiales<\/strong>, desarrolladas a prop\u00f3sito para satisfacer los requisitos espec\u00edficos de clientes que deben enfrentarse diariamente a un mercado desafiante.<\/p>\n<p>Valores de los que nos sentimos orgullosos, como la competencia, la seriedad, la equidad, el servicio, la atenci\u00f3n al detalle, la atenci\u00f3n a las necesidades de los clientes y la capacidad para resolver problemas t\u00e9cnicos, caracterizan nuestro <strong>trabajo<\/strong> y nuestra <strong>\u00e9tica<\/strong>, como atestiguan la lealtad y la preferencia que nos conceden los numerosos clientes internacionales que encuentran en <strong>SIBO Engineering<\/strong> el <strong>socio ideal<\/strong> con el que trabajar.<\/p>\n<p><img loading=\"lazy\" decoding=\"async\" class=\"alignnone size-full wp-image-3022\" src=\"https:\/\/www.sibo.it\/wp-content\/uploads\/2023\/02\/2016-SIBO-Engineering.png\" alt=\"2016-SIBO Engineering\" width=\"277\" height=\"104\"><\/p>\n<\/div>\n\t\t\t\t\t\t\t\t\t<div class=\"elementor-tab-title elementor-tab-mobile-title\" aria-selected=\"false\" data-tab=\"5\" role=\"tab\" tabindex=\"-1\" aria-controls=\"elementor-tab-content-8695\" aria-expanded=\"false\">2019<\/div>\n\t\t\t\t\t<div id=\"elementor-tab-content-8695\" class=\"elementor-tab-content elementor-clearfix\" data-tab=\"5\" role=\"tabpanel\" aria-labelledby=\"elementor-tab-title-8695\" tabindex=\"0\" hidden=\"hidden\"><h4>Premio a la empresa \u00abWomen Value Company-Intesa Sanpaolo\u00bb<\/h4>\n<p>Nuestra empresa ha sido elegida entre los finalistas para el prestigioso premio \u00abWomen Value Company\u00bb, que premia a las peque\u00f1as y medianas empresas en Italia, que se destacan por su compromiso con la promoci\u00f3n de la igualdad y su atenci\u00f3n a la posici\u00f3n de las mujeres y el bienestar de sus empleados.<\/p>\n<p><img loading=\"lazy\" decoding=\"async\" class=\"immagine tonda css: float-start img-fluid rounded-circle me-4 mb-4 alignnone wp-image-3016 size-full\" src=\"https:\/\/www.sibo.it\/wp-content\/uploads\/2023\/02\/2019-Premio-Women.jpg\" alt=\"2019-Premio Women\" width=\"300\" height=\"299\"><\/p>\n<\/div>\n\t\t\t\t\t\t\t\t\t<div class=\"elementor-tab-title elementor-tab-mobile-title\" aria-selected=\"false\" data-tab=\"6\" role=\"tab\" tabindex=\"-1\" aria-controls=\"elementor-tab-content-8696\" aria-expanded=\"false\">2019<\/div>\n\t\t\t\t\t<div id=\"elementor-tab-content-8696\" class=\"elementor-tab-content elementor-clearfix\" data-tab=\"6\" role=\"tabpanel\" aria-labelledby=\"elementor-tab-title-8696\" tabindex=\"0\" hidden=\"hidden\"><h4>Forbes<\/h4>\n<p>La famosa revista econ\u00f3mica <strong>FORBES<\/strong> escribi\u00f3 la classificacion de las <strong>100 mujeres italianas m\u00e1s exitosas en 2019<\/strong> y, dentro de este prestigioso classificacion, entre estrellas de cine, cient\u00edficos, \u00edconos deportivos y gerentes exitosos de grandes empresas y peque\u00f1as empresas familiares, ha sido seleccionada <strong>Sra. Maria Castelnovo<\/strong>, directora administrativa de Ingenier\u00eda SIBO. Una muy buena opci\u00f3n porque es una mujer que, con gran profesionalismo y discreci\u00f3n, ha administrado la oficina administrativa de SIBO Engineering desde 1971, sin olvidar nunca su papel de esposa y madre. Todos los miembros del personal de SIBO Engineering son conscientes de la gran importancia de la Sra. Castelnovo para la Compa\u00f1\u00eda y est\u00e1n muy orgullosos de los merecidos reconocimientos que recibi\u00f3 este a\u00f1o.<\/p>\n<p><img loading=\"lazy\" decoding=\"async\" class=\"immagine tonda css: float-start img-fluid rounded-circle me-4 mb-4 alignnone wp-image-3034 size-medium\" src=\"https:\/\/www.sibo.it\/wp-content\/uploads\/2023\/02\/2019-Forbes-300x300.jpg\" alt=\"2019-Forbes\" width=\"300\" height=\"300\"><\/p>\n<\/div>\n\t\t\t\t\t\t\t\t\t<div class=\"elementor-tab-title elementor-tab-mobile-title\" aria-selected=\"false\" data-tab=\"7\" role=\"tab\" tabindex=\"-1\" aria-controls=\"elementor-tab-content-8697\" aria-expanded=\"false\">2021<\/div>\n\t\t\t\t\t<div id=\"elementor-tab-content-8697\" class=\"elementor-tab-content elementor-clearfix\" data-tab=\"7\" role=\"tabpanel\" aria-labelledby=\"elementor-tab-title-8697\" tabindex=\"0\" hidden=\"hidden\"><h4>CONTROVENTO<\/h4>\n<p>En <strong>2020\/2021<\/strong>, a pesar de la crisis por la pandemia, <strong>SIBO Engineering<\/strong> no solo nunca dej\u00f3 de funcionar, sino que aument\u00f3 su producci\u00f3n y sigui\u00f3 innovando desarrollando nuevas m\u00e1quinas. Por este motivo, <strong>CRIBIS y Nomisma <\/strong>han otorgado a nuestra empresa un reconocimiento especial por su capacidad para \u00ab<strong>navegar Contra el viento<\/strong>\u00ab.<\/p>\n<p><img loading=\"lazy\" decoding=\"async\" class=\"immagine tonda css: float-start img-fluid rounded-circle me-4 mb-4 alignnone wp-image-3028 size-medium\" src=\"https:\/\/www.sibo.it\/wp-content\/uploads\/2023\/02\/2021-Controvento-300x300.jpg\" alt=\"\" width=\"300\" height=\"300\"><\/p>\n<\/div>\n\t\t\t\t\t\t\t<\/div>\n\t\t<\/div>\n\t\t\t\t\t\t<\/div>\n\t\t\t\t<\/div>\n\t\t\t\t\t<\/div>\r\n\t\t\t\t<\/div>\r\n\t\t\t\t\t<\/div>\r\n\t\t\t\t<\/section>\r\n\t\t\t\t<section class=\"elementor-section elementor-top-section elementor-element elementor-element-4488200 elementor-section-content-middle overlay-primary elementor-section-boxed elementor-section-height-default elementor-section-height-default\" data-id=\"4488200\" data-element_type=\"section\" data-e-type=\"section\" data-settings=\"{&quot;background_background&quot;:&quot;classic&quot;}\">\r\n\t\t\r\n\t\t\t\t\t\t\t<div class=\"elementor-container elementor-column-gap-default\">\r\n\t\t\t\t\t\t\t\t\t\t\t<div class=\"elementor-column elementor-col-50 elementor-top-column elementor-element elementor-element-acbcaf3\" data-id=\"acbcaf3\" data-element_type=\"column\" data-e-type=\"column\">\r\n\t\t\t\t\t<div class=\"elementor-widget-wrap elementor-element-populated\">\r\n\t\t\t\t\t\t\t\t<div class=\"elementor-element elementor-element-5c03716 elementor-widget elementor-widget-heading\" data-id=\"5c03716\" data-element_type=\"widget\" data-e-type=\"widget\" data-widget_type=\"heading.default\">\n\t\t\t\t<div class=\"elementor-widget-container\">\n\t\t\t\t\t<h2 class=\"elementor-heading-title elementor-size-default\"><h2 class=\"elementor-heading-title elementor-size-default\">Soluciones personalizadas<\/h2><\/h2>\t\t\t\t<\/div>\n\t\t\t\t<\/div>\n\t\t\t\t\t<\/div>\r\n\t\t\t\t<\/div>\r\n\t\t\t\t<div class=\"elementor-column elementor-col-50 elementor-top-column elementor-element elementor-element-70657b0\" data-id=\"70657b0\" data-element_type=\"column\" data-e-type=\"column\">\r\n\t\t\t\t\t<div class=\"elementor-widget-wrap elementor-element-populated\">\r\n\t\t\t\t\t\t\t\t<div class=\"elementor-element elementor-element-de27f5e btn-triangle text-lg-end elementor-widget elementor-widget-porto_button\" data-id=\"de27f5e\" data-element_type=\"widget\" data-e-type=\"widget\" data-widget_type=\"porto_button.default\">\n\t\t\t\t<div class=\"elementor-widget-container\">\n\t\t\t\t\t<a class=\"btn btn-lg btn-light btn-modern\" href=\"https:\/\/www.sibo.it\/es\/contacto\/\"><span >Solicitar informaci\u00f3n<\/span><\/a>\t\t\t\t<\/div>\n\t\t\t\t<\/div>\n\t\t\t\t\t<\/div>\r\n\t\t\t\t<\/div>\r\n\t\t\t\t\t<\/div>\r\n\t\t\t\t<\/section>\r\n\t\t\t\t<\/div>\n\t\t","protected":false},"excerpt":{"rendered":"<p>SIBO ENGINEERING Perfil de la Empresa SIBO Engineering contin\u00faa la gloriosa tradici\u00f3n de su fundador, GRAZIANO BRUSA, que fund\u00f3 la empresa en 1830. Recentemente premiata come una delle 150 pi\u00f9 Antiche Societ\u00e0 d&#8217;Italia che hanno contribuito a fare la Storia del Bel Paese, SIBO Engineering, Societ\u00e0 Industriale Brusa Ornavasso, che \u00e8 adesso guidata da Alberto [&hellip;]<\/p>\n","protected":false},"author":3,"featured_media":0,"parent":0,"menu_order":0,"comment_status":"closed","ping_status":"closed","template":"","meta":{"_acf_changed":false,"footnotes":""},"class_list":["post-2557","page","type-page","status-publish","hentry"],"acf":[],"_links":{"self":[{"href":"https:\/\/www.sibo.it\/es\/wp-json\/wp\/v2\/pages\/2557","targetHints":{"allow":["GET"]}}],"collection":[{"href":"https:\/\/www.sibo.it\/es\/wp-json\/wp\/v2\/pages"}],"about":[{"href":"https:\/\/www.sibo.it\/es\/wp-json\/wp\/v2\/types\/page"}],"author":[{"embeddable":true,"href":"https:\/\/www.sibo.it\/es\/wp-json\/wp\/v2\/users\/3"}],"replies":[{"embeddable":true,"href":"https:\/\/www.sibo.it\/es\/wp-json\/wp\/v2\/comments?post=2557"}],"version-history":[{"count":73,"href":"https:\/\/www.sibo.it\/es\/wp-json\/wp\/v2\/pages\/2557\/revisions"}],"predecessor-version":[{"id":20221,"href":"https:\/\/www.sibo.it\/es\/wp-json\/wp\/v2\/pages\/2557\/revisions\/20221"}],"wp:attachment":[{"href":"https:\/\/www.sibo.it\/es\/wp-json\/wp\/v2\/media?parent=2557"}],"curies":[{"name":"wp","href":"https:\/\/api.w.org\/{rel}","templated":true}]}}