{"id":20557,"date":"2026-03-06T17:44:30","date_gmt":"2026-03-06T16:44:30","guid":{"rendered":"https:\/\/www.sibo.it\/?post_type=product&#038;p=20557"},"modified":"2026-04-03T10:40:01","modified_gmt":"2026-04-03T09:40:01","slug":"fmr-cp5-copia","status":"publish","type":"product","link":"https:\/\/www.sibo.it\/de\/Produkt\/fmr-cp5-copia\/","title":{"rendered":"FMR\/CP6"},"content":{"rendered":"\t\t<div data-elementor-type=\"product-post\" data-elementor-id=\"20557\" class=\"elementor elementor-20557 elementor-20554\" data-elementor-post-type=\"product\">\n\t\t\t\t<div class=\"elementor-element elementor-element-cf1f3ba e-con-full e-flex e-con e-parent\" data-id=\"cf1f3ba\" data-element_type=\"container\" data-e-type=\"container\">\r\n\t\t<div class=\"elementor-element elementor-element-6d430be e-con-full e-flex e-con e-parent\" data-id=\"6d430be\" data-element_type=\"container\" data-e-type=\"container\">\r\n\t\t\t\t<div class=\"elementor-element elementor-element-ddd2f7f elementor-widget elementor-widget-text-editor\" data-id=\"ddd2f7f\" data-element_type=\"widget\" data-e-type=\"widget\" data-widget_type=\"text-editor.default\">\n\t\t\t\t<div class=\"elementor-widget-container\">\n\t\t\t\t\t\t\t\t\t<table border=\"0\" cellspacing=\"0\" cellpadding=\"0\">\n<tbody>\n<tr>\n<td>\n<table border=\"0\" cellspacing=\"0\" cellpadding=\"0\">\n<tbody>\n<tr>\n<td>Max. Arbeitsvreite<\/td>\n<td><strong> 40 mm.<\/strong><\/td>\n<\/tr>\n<tr>\n<td>Max. Breite<\/td>\n<td><strong>180 mm.<\/strong><\/td>\n<\/tr>\n<tr>\n<td>Max. L\u00e4nge<\/td>\n<td><strong>80 mm.<\/strong><\/td>\n<\/tr>\n<tr>\n<td>ver\u00e4nderliche Herstellung<\/td>\n<td><strong>500\u00f7900 Stk.\/h.<\/strong><\/td>\n<\/tr>\n<\/tbody>\n<\/table>\n<\/td>\n<td> <\/td>\n<\/tr>\n<tr>\n<td> <\/td>\n<td><strong>.<\/strong><\/td>\n<\/tr>\n<\/tbody>\n<\/table>\n<p style=\"text-align: left;\"><b>EXTRA AUSR\u00dcSTUNG<\/b><\/p>\n<p style=\"text-align: left;\">\n\t\t\t\t\t\t\t\t<\/div>\n\t\t\t\t<\/div>\n\t\t\t\t<\/div>\n\t\t<div class=\"elementor-element elementor-element-8616444 e-con-full e-flex e-con e-parent\" data-id=\"8616444\" data-element_type=\"container\" data-e-type=\"container\">\r\n\t\t\t\t<div class=\"elementor-element elementor-element-e1de2a1 elementor-widget elementor-widget-text-editor\" data-id=\"e1de2a1\" data-element_type=\"widget\" data-e-type=\"widget\" data-widget_type=\"text-editor.default\">\n\t\t\t\t<div class=\"elementor-widget-container\">\n\t\t\t\t\t\t\t\t\t<p><b>EINIGE HERSTELLABARE PRODUKTE<\/b><\/p>\n<p><img decoding=\"async\" class=\"alignnone size-medium wp-image-8981\" src=\"https:\/\/www.sibo.it\/wp-content\/uploads\/2023\/03\/Example-of-samples-produced-fmrc-p5-300x150.jpg\" alt=\"\" width=\"300\" height=\"150\"><\/p>\n\t\t\t\t\t\t\t\t<\/div>\n\t\t\t\t<\/div>\n\t\t\t\t<\/div>\n\t\t\t\t<\/div>\n\t\t\t\t<\/div>\n\t\t","protected":false},"excerpt":{"rendered":"<p><strong>AUTOMATISCHE BOHRUNG-SCHNEIDERMASCHINE MODELL &#8222;FMR\/CP6&#8220;<\/strong><\/p>\n<p>Diese Maschine wurde hergestellt, um das automatische Bohren, Abschr\u00e4gung und den Schlitz an den Messergriffen zu machen. Die Maschine ist mit einem automatischen Lader und einem hochpr\u00e4zisen Drehtisch mit 6 Arbeitspositionen ausgestattet.<br \/>\nIn der ersten Position wird das St\u00fcck mittels eines vertikalen Laders geladen.<br \/>\nIn der zweiten Position wird gleichzeitig das Bohren der oberen und unteren Seite durch mehrere Bohrk\u00f6pfe durchgef\u00fchrt, die auf Linearf\u00fchrungen montiert sind, die jeweils von einem pneumatischen Zylinder bet\u00e4tigt und durch einen hydraulischen Geschwindigkeitsregler reguliert werden. In der dritten und vierten Position ist ein linearer und konischer Schlitz f\u00fcr die Montage der Klinge ausgef\u00fchrt. \u00a0In der f\u00fcnften Position wird die Fase ausgef\u00fchrt. In der sechsten Position wird das Werkst\u00fcck automatisch entladen.<\/p>\n","protected":false},"featured_media":8963,"comment_status":"closed","ping_status":"closed","template":"","meta":{"_acf_changed":false},"product_brand":[],"product_cat":[315,135],"product_tag":[],"class_list":{"0":"post-20557","1":"product","2":"type-product","3":"status-publish","4":"has-post-thumbnail","6":"product_cat-gewindemaschinen-bohrmaschinen","7":"product_cat-holzmaschinen","8":"pa_applicazioni-messergriffe","10":"first","11":"instock","12":"shipping-taxable","13":"product-type-simple"},"acf":[],"_links":{"self":[{"href":"https:\/\/www.sibo.it\/de\/wp-json\/wp\/v2\/product\/20557","targetHints":{"allow":["GET"]}}],"collection":[{"href":"https:\/\/www.sibo.it\/de\/wp-json\/wp\/v2\/product"}],"about":[{"href":"https:\/\/www.sibo.it\/de\/wp-json\/wp\/v2\/types\/product"}],"replies":[{"embeddable":true,"href":"https:\/\/www.sibo.it\/de\/wp-json\/wp\/v2\/comments?post=20557"}],"version-history":[{"count":2,"href":"https:\/\/www.sibo.it\/de\/wp-json\/wp\/v2\/product\/20557\/revisions"}],"predecessor-version":[{"id":20604,"href":"https:\/\/www.sibo.it\/de\/wp-json\/wp\/v2\/product\/20557\/revisions\/20604"}],"wp:featuredmedia":[{"embeddable":true,"href":"https:\/\/www.sibo.it\/de\/wp-json\/wp\/v2\/media\/8963"}],"wp:attachment":[{"href":"https:\/\/www.sibo.it\/de\/wp-json\/wp\/v2\/media?parent=20557"}],"wp:term":[{"taxonomy":"product_brand","embeddable":true,"href":"https:\/\/www.sibo.it\/de\/wp-json\/wp\/v2\/product_brand?post=20557"},{"taxonomy":"product_cat","embeddable":true,"href":"https:\/\/www.sibo.it\/de\/wp-json\/wp\/v2\/product_cat?post=20557"},{"taxonomy":"product_tag","embeddable":true,"href":"https:\/\/www.sibo.it\/de\/wp-json\/wp\/v2\/product_tag?post=20557"}],"curies":[{"name":"wp","href":"https:\/\/api.w.org\/{rel}","templated":true}]}}