{"id":20487,"date":"2026-03-05T10:38:59","date_gmt":"2026-03-05T09:38:59","guid":{"rendered":"https:\/\/www.sibo.it\/?post_type=product&#038;p=20487"},"modified":"2026-04-03T09:42:56","modified_gmt":"2026-04-03T08:42:56","slug":"1tsp-cc-copia","status":"publish","type":"product","link":"https:\/\/www.sibo.it\/de\/Produkt\/1tsp-cc-copia\/","title":{"rendered":"GNC24\/CNC"},"content":{"rendered":"\t\t<div data-elementor-type=\"product-post\" data-elementor-id=\"20487\" class=\"elementor elementor-20487 elementor-20482\" data-elementor-post-type=\"product\">\n\t\t\t\t<div class=\"elementor-element elementor-element-cf1f3ba e-con-full e-flex e-con e-parent\" data-id=\"cf1f3ba\" data-element_type=\"container\" data-e-type=\"container\">\r\n\t\t<div class=\"elementor-element elementor-element-6d430be e-con-full e-flex e-con e-child\" data-id=\"6d430be\" data-element_type=\"container\" data-e-type=\"container\">\r\n\t\t\t\t<div class=\"elementor-element elementor-element-ddd2f7f elementor-widget elementor-widget-text-editor\" data-id=\"ddd2f7f\" data-element_type=\"widget\" data-e-type=\"widget\" data-widget_type=\"text-editor.default\">\n\t\t\t\t<div class=\"elementor-widget-container\">\n\t\t\t\t\t\t\t\t\t<table border=\"0\" cellspacing=\"0\" cellpadding=\"0\">\n<tbody>\n<tr>\n<td>\n<table border=\"0\" cellspacing=\"0\" cellpadding=\"0\">\n<tbody>\n<tr>\n<td>Min. L\u00e4nge<\/td>\n<td><strong>10mm.<\/strong><\/td>\n<\/tr>\n<tr>\n<td>Max. L\u00e4nge<\/td>\n<td><strong>40mm.<\/strong><\/td>\n<\/tr>\n<tr>\n<td>Max. Dicke<\/td>\n<td><strong>30mm<\/strong><\/td>\n<\/tr>\n<\/tbody>\n<\/table>\n<\/td>\n<td>&nbsp;<\/td>\n<\/tr>\n<tr>\n<td>&nbsp;<\/td>\n<td><strong>.<\/strong><\/td>\n<\/tr>\n<\/tbody>\n<\/table>\n<p style=\"text-align: left;\"><b>&nbsp; &nbsp; EXTRA AUSR\u00dcSTUNG<\/b><\/p>\t\t\t\t\t\t\t\t<\/div>\n\t\t\t\t<\/div>\n\t\t\t\t<\/div>\n\t\t<div class=\"elementor-element elementor-element-8616444 e-con-full e-flex e-con e-child\" data-id=\"8616444\" data-element_type=\"container\" data-e-type=\"container\">\r\n\t\t\t\t<div class=\"elementor-element elementor-element-e1de2a1 elementor-widget elementor-widget-text-editor\" data-id=\"e1de2a1\" data-element_type=\"widget\" data-e-type=\"widget\" data-widget_type=\"text-editor.default\">\n\t\t\t\t<div class=\"elementor-widget-container\">\n\t\t\t\t\t\t\t\t\t<p><b>\u00a0 \u00a0 \u00a0 \u00a0 \u00a0 \u00a0 \u00a0 EINIGE HERSTELLABARE PRODUKTE<\/b><\/p><p><img decoding=\"async\" class=\"alignnone wp-image-20504 size-medium\" src=\"https:\/\/www.sibo.it\/wp-content\/uploads\/2026\/03\/CAMPIONI-X-SITO-300x150.jpg\" alt=\"\" width=\"300\" height=\"150\" \/><\/p>\t\t\t\t\t\t\t\t<\/div>\n\t\t\t\t<\/div>\n\t\t\t\t<\/div>\n\t\t\t\t<\/div>\n\t\t\t\t<\/div>\n\t\t","protected":false},"excerpt":{"rendered":"<p><strong>AUTOMATISCHE CNC GEWINDE UND SCHNEIDMASCHINE F\u00dcR MUTTERN MODELL &#8222;GNC24\/CNC&#8220;<\/strong><\/p>\n<p>Automatische Maschine zum Bohren und Gewindeschneiden von Muttern aus Holz und Glasfaser, ausgehend von gehobelten Stangen. Die Stangen werden auf ein Bandmagazin geladen, das sie zum Arbeitstisch transportiert. Eine von einem Brushless-Motor angetriebene Spannzange f\u00fchrt jeweils eine Stange zu einem indexierten Rundtisch, wo das Werkst\u00fcck gespannt und in vier Stationen bearbeitet wird:<\/p>\n<ul>\n<li>Abl\u00e4ngen der Stange mit Kreiss\u00e4ge gem\u00e4\u00df eingestellter L\u00e4nge.<\/li>\n<li>Ober- und Unterbohrung mittels Doppelbohrkopf.<\/li>\n<li>CNC-Gewindeschneiden mit Gewindebohrer, gesteuert \u00fcber zwei interpolierte Achsen.<\/li>\n<li>Automatische Entladung der fertigen Mutter.<\/li>\n<\/ul>\n<p>Die gleichzeitige Bearbeitung an mehreren Stationen erm\u00f6glicht kurze Taktzeiten, hohe Produktivit\u00e4t und konstante Qualit\u00e4t.<\/p>\n","protected":false},"featured_media":20498,"comment_status":"closed","ping_status":"closed","template":"","meta":{"_acf_changed":false},"product_brand":[],"product_cat":[315,135],"product_tag":[],"class_list":{"0":"post-20487","1":"product","2":"type-product","3":"status-publish","4":"has-post-thumbnail","6":"product_cat-gewindemaschinen-bohrmaschinen","7":"product_cat-holzmaschinen","8":"pa_applicazioni-rund-stock","10":"first","11":"instock","12":"shipping-taxable","13":"product-type-simple"},"acf":[],"_links":{"self":[{"href":"https:\/\/www.sibo.it\/de\/wp-json\/wp\/v2\/product\/20487","targetHints":{"allow":["GET"]}}],"collection":[{"href":"https:\/\/www.sibo.it\/de\/wp-json\/wp\/v2\/product"}],"about":[{"href":"https:\/\/www.sibo.it\/de\/wp-json\/wp\/v2\/types\/product"}],"replies":[{"embeddable":true,"href":"https:\/\/www.sibo.it\/de\/wp-json\/wp\/v2\/comments?post=20487"}],"version-history":[{"count":5,"href":"https:\/\/www.sibo.it\/de\/wp-json\/wp\/v2\/product\/20487\/revisions"}],"predecessor-version":[{"id":20590,"href":"https:\/\/www.sibo.it\/de\/wp-json\/wp\/v2\/product\/20487\/revisions\/20590"}],"wp:featuredmedia":[{"embeddable":true,"href":"https:\/\/www.sibo.it\/de\/wp-json\/wp\/v2\/media\/20498"}],"wp:attachment":[{"href":"https:\/\/www.sibo.it\/de\/wp-json\/wp\/v2\/media?parent=20487"}],"wp:term":[{"taxonomy":"product_brand","embeddable":true,"href":"https:\/\/www.sibo.it\/de\/wp-json\/wp\/v2\/product_brand?post=20487"},{"taxonomy":"product_cat","embeddable":true,"href":"https:\/\/www.sibo.it\/de\/wp-json\/wp\/v2\/product_cat?post=20487"},{"taxonomy":"product_tag","embeddable":true,"href":"https:\/\/www.sibo.it\/de\/wp-json\/wp\/v2\/product_tag?post=20487"}],"curies":[{"name":"wp","href":"https:\/\/api.w.org\/{rel}","templated":true}]}}