{"id":20255,"date":"2025-09-15T08:42:36","date_gmt":"2025-09-15T07:42:36","guid":{"rendered":"https:\/\/www.sibo.it\/?post_type=product&#038;p=20255"},"modified":"2025-09-18T08:34:56","modified_gmt":"2025-09-18T07:34:56","slug":"dcs-l-700","status":"publish","type":"product","link":"https:\/\/www.sibo.it\/de\/Produkt\/dcs-l-700\/","title":{"rendered":"DCS\/L 700"},"content":{"rendered":"\t\t<div data-elementor-type=\"product-post\" data-elementor-id=\"20255\" class=\"elementor elementor-20255 elementor-20252\" data-elementor-post-type=\"product\">\n\t\t\t\t<div class=\"elementor-element elementor-element-cf1f3ba e-con-full e-flex e-con e-parent\" data-id=\"cf1f3ba\" data-element_type=\"container\" data-e-type=\"container\">\r\n\t\t<div class=\"elementor-element elementor-element-6d430be e-con-full e-flex e-con e-child\" data-id=\"6d430be\" data-element_type=\"container\" data-e-type=\"container\">\r\n\t\t\t\t<div class=\"elementor-element elementor-element-ddd2f7f elementor-widget elementor-widget-text-editor\" data-id=\"ddd2f7f\" data-element_type=\"widget\" data-e-type=\"widget\" data-widget_type=\"text-editor.default\">\n\t\t\t\t<div class=\"elementor-widget-container\">\n\t\t\t\t\t\t\t\t\t<table border=\"0\" cellspacing=\"0\" cellpadding=\"0\"><tbody><tr><td>Max. L\u00e4nge<\/td><td><strong>700 mm.<\/strong><\/td><\/tr><tr><td>Max. Breite<\/td><td><strong>100 mm.<\/strong><\/td><\/tr><tr><td>Max. H\u00f6he<\/td><td><strong>25 mm.<\/strong><\/td><\/tr><tr><td>Fr\u00e4serdrehung<\/td><td><strong>12.000 RPM<\/strong><\/td><\/tr><tr><td>Spindel Durchmesser<\/td><td><strong>20 mm.<\/strong><\/td><\/tr><tr><td>ver\u00e4nderliche Herstellung<\/td><td><strong>150\u00f7400 pcs.\/h.<\/strong><\/td><\/tr><\/tbody><\/table><p style=\"text-align: left;\">\u00a0<\/p><p style=\"text-align: left;\"><b>EXTRA AUSR\u00dcSTUNG<\/b><\/p><p style=\"text-align: left;\">\u00a0<\/p>\t\t\t\t\t\t\t\t<\/div>\n\t\t\t\t<\/div>\n\t\t\t\t<\/div>\n\t\t<div class=\"elementor-element elementor-element-8616444 e-con-full e-flex e-con e-child\" data-id=\"8616444\" data-element_type=\"container\" data-e-type=\"container\">\r\n\t\t\t\t<div class=\"elementor-element elementor-element-e1de2a1 elementor-widget elementor-widget-text-editor\" data-id=\"e1de2a1\" data-element_type=\"widget\" data-e-type=\"widget\" data-widget_type=\"text-editor.default\">\n\t\t\t\t<div class=\"elementor-widget-container\">\n\t\t\t\t\t\t\t\t\t<p><b>EINIGE HERSTELLABARE PRODUKTE<\/b><\/p>\n<p><img decoding=\"async\" class=\"alignnone size-medium wp-image-10276\" src=\"https:\/\/www.sibo.it\/wp-content\/uploads\/2023\/08\/Example-of-samples-produced-300x150.jpg\" alt=\"\" width=\"300\" height=\"150\"><\/p>\n\t\t\t\t\t\t\t\t<\/div>\n\t\t\t\t<\/div>\n\t\t\t\t<\/div>\n\t\t\t\t<\/div>\n\t\t\t\t<\/div>\n\t\t","protected":false},"excerpt":{"rendered":"<p><strong>KOPIERFR\u00c4SMASCHINE MODELL &#8222;DCS\/L700&#8220;<\/strong><\/p>\n<p>Automatische Fr\u00e4smaschine mit hydraulischem Vorschub, ausgelegt f\u00fcr die Profilbearbeitung von Griffen f\u00fcr Flachpinsel, Spachteln und \u00e4hnlichen Artikeln. Die Maschine bearbeitet gleichzeitig die zwei gegen\u00fcber-liegenden Profile mittels Profilfr\u00e4sern, die \u00fcber eine Schablone gef\u00fchrt werden. Die Arbeitsgeschwindigkeit ist von 0 bis 16 m\/min einstellbar; dank Sensoren, die an besonders komplexen Stellen des Profils platziert sind, reduziert sie automatisch die Geschwindigkeit, um die Oberfl\u00e4chenqualit\u00e4t zu verbessern, und kehrt anschlie\u00dfend zum programmierten Wert zur\u00fcck. Die Fr\u00e4smaschine ist mit einem automatischen Lader ausgestattet, der sowohl das Beladen der Rohteile als auch das Entladen der bearbeiteten Teile \u00fcbernimmt, wodurch die Zeiten optimiert und der Bedienereingriff reduziert wird.<\/p>\n","protected":false},"featured_media":10289,"comment_status":"closed","ping_status":"closed","template":"","meta":{"_acf_changed":false},"product_brand":[],"product_cat":[135,310],"product_tag":[],"class_list":{"0":"post-20255","1":"product","2":"type-product","3":"status-publish","4":"has-post-thumbnail","6":"product_cat-holzmaschinen","7":"product_cat-linear-kopierfrasmaschinen","9":"first","10":"instock","11":"shipping-taxable","12":"product-type-simple"},"acf":[],"_links":{"self":[{"href":"https:\/\/www.sibo.it\/de\/wp-json\/wp\/v2\/product\/20255","targetHints":{"allow":["GET"]}}],"collection":[{"href":"https:\/\/www.sibo.it\/de\/wp-json\/wp\/v2\/product"}],"about":[{"href":"https:\/\/www.sibo.it\/de\/wp-json\/wp\/v2\/types\/product"}],"replies":[{"embeddable":true,"href":"https:\/\/www.sibo.it\/de\/wp-json\/wp\/v2\/comments?post=20255"}],"version-history":[{"count":6,"href":"https:\/\/www.sibo.it\/de\/wp-json\/wp\/v2\/product\/20255\/revisions"}],"predecessor-version":[{"id":20276,"href":"https:\/\/www.sibo.it\/de\/wp-json\/wp\/v2\/product\/20255\/revisions\/20276"}],"wp:featuredmedia":[{"embeddable":true,"href":"https:\/\/www.sibo.it\/de\/wp-json\/wp\/v2\/media\/10289"}],"wp:attachment":[{"href":"https:\/\/www.sibo.it\/de\/wp-json\/wp\/v2\/media?parent=20255"}],"wp:term":[{"taxonomy":"product_brand","embeddable":true,"href":"https:\/\/www.sibo.it\/de\/wp-json\/wp\/v2\/product_brand?post=20255"},{"taxonomy":"product_cat","embeddable":true,"href":"https:\/\/www.sibo.it\/de\/wp-json\/wp\/v2\/product_cat?post=20255"},{"taxonomy":"product_tag","embeddable":true,"href":"https:\/\/www.sibo.it\/de\/wp-json\/wp\/v2\/product_tag?post=20255"}],"curies":[{"name":"wp","href":"https:\/\/api.w.org\/{rel}","templated":true}]}}