{"id":17577,"date":"2024-05-28T13:49:06","date_gmt":"2024-05-28T12:49:06","guid":{"rendered":"https:\/\/www.sibo.it\/?post_type=product&#038;p=17577"},"modified":"2024-05-29T08:43:31","modified_gmt":"2024-05-29T07:43:31","slug":"fip","status":"publish","type":"product","link":"https:\/\/www.sibo.it\/de\/Produkt\/fip\/","title":{"rendered":"FIP"},"content":{"rendered":"\t\t<div data-elementor-type=\"product-post\" data-elementor-id=\"17577\" class=\"elementor elementor-17577 elementor-17574\" data-elementor-post-type=\"product\">\n\t\t\t\t<div class=\"elementor-element elementor-element-cf1f3ba e-con-full e-flex e-con e-parent\" data-id=\"cf1f3ba\" data-element_type=\"container\" data-e-type=\"container\">\r\n\t\t<div class=\"elementor-element elementor-element-6d430be e-con-full e-flex e-con e-child\" data-id=\"6d430be\" data-element_type=\"container\" data-e-type=\"container\">\r\n\t\t\t\t<div class=\"elementor-element elementor-element-ddd2f7f elementor-widget elementor-widget-text-editor\" data-id=\"ddd2f7f\" data-element_type=\"widget\" data-e-type=\"widget\" data-widget_type=\"text-editor.default\">\n\t\t\t\t<div class=\"elementor-widget-container\">\n\t\t\t\t\t\t\t\t\t<table border=\"0\" cellspacing=\"0\" cellpadding=\"0\">\n<tbody>\n<tr>\n<td>Max. L\u00e4nge des Stuckes<\/td>\n<td><strong>400&nbsp;mm.<\/strong><\/td>\n<\/tr>\n<tr>\n<td>Max. Breite<\/td>\n<td><strong>40 mm.<\/strong><\/td>\n<\/tr>\n<tr>\n<td>Max. H\u00f6he des Stuckes<\/td>\n<td><strong>&nbsp;25&nbsp;mm.<\/strong><\/td>\n<\/tr>\n<tr>\n<td>Fr\u00e4serdrehung<\/td>\n<td><strong>18.000 RPM<\/strong><\/td>\n<\/tr>\n<tr>\n<td>Spindel Durchmesser<\/td>\n<td><strong>20 mm.<\/strong><\/td>\n<\/tr>\n<tr>\n<td>ver\u00e4nderliche Herstellung<\/td>\n<td><strong>150\u00f7300 Stk.\/h.<\/strong><\/td>\n<\/tr>\n<\/tbody>\n<\/table>\n<p style=\"text-align: left;\">\n<\/p>\t\t\t\t\t\t\t\t<\/div>\n\t\t\t\t<\/div>\n\t\t\t\t<\/div>\n\t\t<div class=\"elementor-element elementor-element-8616444 e-con-full e-flex e-con e-child\" data-id=\"8616444\" data-element_type=\"container\" data-e-type=\"container\">\r\n\t\t\t\t<div class=\"elementor-element elementor-element-e1de2a1 elementor-widget elementor-widget-text-editor\" data-id=\"e1de2a1\" data-element_type=\"widget\" data-e-type=\"widget\" data-widget_type=\"text-editor.default\">\n\t\t\t\t<div class=\"elementor-widget-container\">\n\t\t\t\t\t\t\t\t\t<p><b>EINIGE HERSTELLABARE PRODUKTE<\/b><\/p>\n<p><img decoding=\"async\" class=\"alignnone size-medium wp-image-17590\" src=\"https:\/\/www.sibo.it\/wp-content\/uploads\/2024\/05\/Example-of-samples-produced-300x150.jpg\" alt=\"\" width=\"300\" height=\"150\"><\/p>\n\t\t\t\t\t\t\t\t<\/div>\n\t\t\t\t<\/div>\n\t\t\t\t<\/div>\n\t\t\t\t<\/div>\n\t\t\t\t<\/div>\n\t\t","protected":false},"excerpt":{"rendered":"<p><strong>KOPIERFR\u00c4SMASCHINE Modell &#8222;FIP&#8220;<\/strong><\/p>\n<p>Automatische Maschine mit hydraulischem f\u00fcr die Bearbeitung des oberen Teils von den B\u00fcrsten, der \u00e4u\u00dfere Wanne der L\u00f6ffeln, den profilierten Teilen der Besen, usw. Die Maschine ist mit 1 oder 2 Ladern erh\u00e4ltlich.<\/p>\n","protected":false},"featured_media":17587,"comment_status":"closed","ping_status":"closed","template":"","meta":{"_acf_changed":false},"product_brand":[],"product_cat":[135,310],"product_tag":[],"class_list":{"0":"post-17577","1":"product","2":"type-product","3":"status-publish","4":"has-post-thumbnail","6":"product_cat-holzmaschinen","7":"product_cat-linear-kopierfrasmaschinen","8":"pa_applicazioni-besen-und-bursten","9":"pa_applicazioni-ebene-pinseln","11":"first","12":"instock","13":"shipping-taxable","14":"product-type-simple"},"acf":[],"_links":{"self":[{"href":"https:\/\/www.sibo.it\/de\/wp-json\/wp\/v2\/product\/17577","targetHints":{"allow":["GET"]}}],"collection":[{"href":"https:\/\/www.sibo.it\/de\/wp-json\/wp\/v2\/product"}],"about":[{"href":"https:\/\/www.sibo.it\/de\/wp-json\/wp\/v2\/types\/product"}],"replies":[{"embeddable":true,"href":"https:\/\/www.sibo.it\/de\/wp-json\/wp\/v2\/comments?post=17577"}],"version-history":[{"count":5,"href":"https:\/\/www.sibo.it\/de\/wp-json\/wp\/v2\/product\/17577\/revisions"}],"predecessor-version":[{"id":17616,"href":"https:\/\/www.sibo.it\/de\/wp-json\/wp\/v2\/product\/17577\/revisions\/17616"}],"wp:featuredmedia":[{"embeddable":true,"href":"https:\/\/www.sibo.it\/de\/wp-json\/wp\/v2\/media\/17587"}],"wp:attachment":[{"href":"https:\/\/www.sibo.it\/de\/wp-json\/wp\/v2\/media?parent=17577"}],"wp:term":[{"taxonomy":"product_brand","embeddable":true,"href":"https:\/\/www.sibo.it\/de\/wp-json\/wp\/v2\/product_brand?post=17577"},{"taxonomy":"product_cat","embeddable":true,"href":"https:\/\/www.sibo.it\/de\/wp-json\/wp\/v2\/product_cat?post=17577"},{"taxonomy":"product_tag","embeddable":true,"href":"https:\/\/www.sibo.it\/de\/wp-json\/wp\/v2\/product_tag?post=17577"}],"curies":[{"name":"wp","href":"https:\/\/api.w.org\/{rel}","templated":true}]}}