{"id":14026,"date":"2023-08-09T17:53:42","date_gmt":"2023-08-09T16:53:42","guid":{"rendered":"https:\/\/www.sibo.it\/prodotto\/taus-2%c2%bdcnc\/"},"modified":"2024-02-02T16:48:17","modified_gmt":"2024-02-02T15:48:17","slug":"taus-2%c2%bdcnc","status":"publish","type":"product","link":"https:\/\/www.sibo.it\/de\/Produkt\/taus-2%c2%bdcnc\/","title":{"rendered":"TAUS 2\u00bdcnc"},"content":{"rendered":"\t\t<div data-elementor-type=\"product-post\" data-elementor-id=\"14026\" class=\"elementor elementor-14026 elementor-10524\" data-elementor-post-type=\"product\">\n\t\t\t\t<div class=\"elementor-element elementor-element-cf1f3ba e-con-full e-flex e-con e-parent\" data-id=\"cf1f3ba\" data-element_type=\"container\" data-e-type=\"container\">\r\n\t\t<div class=\"elementor-element elementor-element-6d430be e-con-full e-flex e-con e-parent\" data-id=\"6d430be\" data-element_type=\"container\" data-e-type=\"container\">\r\n\t\t\t\t<div class=\"elementor-element elementor-element-ddd2f7f elementor-widget elementor-widget-text-editor\" data-id=\"ddd2f7f\" data-element_type=\"widget\" data-e-type=\"widget\" data-widget_type=\"text-editor.default\">\n\t\t\t\t<div class=\"elementor-widget-container\">\n\t\t\t\t\t\t\t\t\t<table border=\"0\" cellspacing=\"0\" cellpadding=\"0\">\n<tbody>\n<tr>\n<td>Min. Durchmesser<\/td>\n<td><strong> 18 mm.<\/strong><\/td>\n<\/tr>\n<tr>\n<td>Max. Durchmesser<\/td>\n<td><strong>63 mm.<\/strong><\/td>\n<\/tr>\n<tr>\n<td>Durchmesser nach Wunsch<\/td>\n<td><strong>10-40 mm.<\/strong><\/td>\n<\/tr>\n<tr>\n<td>Min. Arbeitsl\u00e4nge<\/td>\n<td><strong>470 mm.<\/strong><\/td>\n<\/tr>\n<\/tbody>\n<\/table>\n<p style=\"text-align: left;\"><b>EXTRA AUSR\u00dcSTUNG<\/b><\/p>\n<p style=\"text-align: left;\">\n\t\t\t\t\t\t\t\t<\/div>\n\t\t\t\t<\/div>\n\t\t\t\t<\/div>\n\t\t<div class=\"elementor-element elementor-element-8616444 e-con-full e-flex e-con e-parent\" data-id=\"8616444\" data-element_type=\"container\" data-e-type=\"container\">\r\n\t\t\t\t<div class=\"elementor-element elementor-element-e1de2a1 elementor-widget elementor-widget-text-editor\" data-id=\"e1de2a1\" data-element_type=\"widget\" data-e-type=\"widget\" data-widget_type=\"text-editor.default\">\n\t\t\t\t<div class=\"elementor-widget-container\">\n\t\t\t\t\t\t\t\t\t<p><b>EINIGE HERSTELLABARE PRODUKTE<\/b><\/p>\n<p><img decoding=\"async\" class=\"alignnone size-medium wp-image-8688\" src=\"https:\/\/www.sibo.it\/wp-content\/uploads\/2023\/03\/TAUS-CAMP-300x150.jpg\" alt=\"\" width=\"300\" height=\"150\"><\/p>\n\t\t\t\t\t\t\t\t<\/div>\n\t\t\t\t<\/div>\n\t\t\t\t<\/div>\n\t\t\t\t<\/div>\n\t\t\t\t<\/div>\n\t\t","protected":false},"excerpt":{"rendered":"<p><strong>UNIVERSELLE AUTOMATISCHE RUNDSTABFR\u00c4SMASCHINE MODELL &#8222;TAUS 2\u00bdCNC&#8220;<\/strong><\/p>\n<p>Die Maschine ist ideal f\u00fcr die Herstellung von Holzst\u00f6cken mit zylindrischen Schnitt und mit ver\u00e4nderlichem Durchmesser wie z.B. Billardst\u00f6cke, Besen-, Schaufelblatt-, Spaten-, Hacken- und Rechengriffe aber auch Stuhlbeine, usw. Maschine mit numerischer Steuerung und mit drei Achsen. Dieses System erlaubt die Au\u00dfenlinie und die Dimensionen des St\u00fcckes jeden Moment zu ver\u00e4ndern. Deshalb kann man nur wenige St\u00fccke ohne der Verwendung von Vorsatzschablonen und Nocken herstellen.<\/p>\n<p><span style=\"font-size: 16px;\"><strong>Die Maschine kann it folgenden Zubeh\u00f6rteilen ausstattet werden:<\/strong><\/span><\/p>\n<ul>\n<li><span style=\"font-size: 16px;\">elektropneumatisches Magazin f\u00fcr St\u00fcckes mit einer max. L\u00e4nge von 1400 mm.<\/span><\/li>\n<\/ul>\n","protected":false},"featured_media":16336,"comment_status":"closed","ping_status":"closed","template":"","meta":{"_acf_changed":false},"product_brand":[],"product_cat":[135,314],"product_tag":[],"class_list":{"0":"post-14026","1":"product","2":"type-product","3":"status-publish","4":"has-post-thumbnail","6":"product_cat-holzmaschinen","7":"product_cat-rundstabfrasmaschine","8":"pa_applicazioni-rund-stock","10":"first","11":"instock","12":"shipping-taxable","13":"product-type-simple"},"acf":[],"_links":{"self":[{"href":"https:\/\/www.sibo.it\/de\/wp-json\/wp\/v2\/product\/14026","targetHints":{"allow":["GET"]}}],"collection":[{"href":"https:\/\/www.sibo.it\/de\/wp-json\/wp\/v2\/product"}],"about":[{"href":"https:\/\/www.sibo.it\/de\/wp-json\/wp\/v2\/types\/product"}],"replies":[{"embeddable":true,"href":"https:\/\/www.sibo.it\/de\/wp-json\/wp\/v2\/comments?post=14026"}],"version-history":[{"count":2,"href":"https:\/\/www.sibo.it\/de\/wp-json\/wp\/v2\/product\/14026\/revisions"}],"predecessor-version":[{"id":15681,"href":"https:\/\/www.sibo.it\/de\/wp-json\/wp\/v2\/product\/14026\/revisions\/15681"}],"wp:featuredmedia":[{"embeddable":true,"href":"https:\/\/www.sibo.it\/de\/wp-json\/wp\/v2\/media\/16336"}],"wp:attachment":[{"href":"https:\/\/www.sibo.it\/de\/wp-json\/wp\/v2\/media?parent=14026"}],"wp:term":[{"taxonomy":"product_brand","embeddable":true,"href":"https:\/\/www.sibo.it\/de\/wp-json\/wp\/v2\/product_brand?post=14026"},{"taxonomy":"product_cat","embeddable":true,"href":"https:\/\/www.sibo.it\/de\/wp-json\/wp\/v2\/product_cat?post=14026"},{"taxonomy":"product_tag","embeddable":true,"href":"https:\/\/www.sibo.it\/de\/wp-json\/wp\/v2\/product_tag?post=14026"}],"curies":[{"name":"wp","href":"https:\/\/api.w.org\/{rel}","templated":true}]}}