{"id":14002,"date":"2023-08-10T07:42:07","date_gmt":"2023-08-10T06:42:07","guid":{"rendered":"https:\/\/www.sibo.it\/prodotto\/2f-f\/"},"modified":"2024-01-24T17:30:24","modified_gmt":"2024-01-24T16:30:24","slug":"2f-f","status":"publish","type":"product","link":"https:\/\/www.sibo.it\/de\/Produkt\/2f-f\/","title":{"rendered":"2F\/F"},"content":{"rendered":"\t\t<div data-elementor-type=\"product-post\" data-elementor-id=\"14002\" class=\"elementor elementor-14002 elementor-10543\" data-elementor-post-type=\"product\">\n\t\t\t\t<div class=\"elementor-element elementor-element-cf1f3ba e-con-full e-flex e-con e-parent\" data-id=\"cf1f3ba\" data-element_type=\"container\" data-e-type=\"container\">\r\n\t\t<div class=\"elementor-element elementor-element-6d430be e-con-full e-flex e-con e-child\" data-id=\"6d430be\" data-element_type=\"container\" data-e-type=\"container\">\r\n\t\t\t\t<div class=\"elementor-element elementor-element-ddd2f7f elementor-widget elementor-widget-text-editor\" data-id=\"ddd2f7f\" data-element_type=\"widget\" data-e-type=\"widget\" data-widget_type=\"text-editor.default\">\n\t\t\t\t<div class=\"elementor-widget-container\">\n\t\t\t\t\t\t\t\t\t<table border=\"0\" cellspacing=\"0\" cellpadding=\"0\">\n<tbody>\n<tr>\n<td><span style=\"font-size: 16px;\">Max. Breite<\/span><\/td>\n<td><span style=\"font-size: 16px;\"><strong>45 mm.<\/strong><\/span><\/td>\n<\/tr>\n<tr>\n<td><span style=\"font-size: 16px;\">Max. L\u00e4nge<\/span><\/td>\n<td><span style=\"font-size: 16px;\"><strong>&nbsp;150 mm.<\/strong><\/span><\/td>\n<\/tr>\n<tr>\n<td><span style=\"font-size: 16px;\">Herstellung&nbsp;<\/span><\/td>\n<td><span style=\"font-size: 16px;\"><strong>120\u00f7140 Stk.\/h.<\/strong><\/span><\/td>\n<\/tr>\n<\/tbody>\n<\/table>\n<p style=\"text-align: left;\">\n<\/p>\t\t\t\t\t\t\t\t<\/div>\n\t\t\t\t<\/div>\n\t\t\t\t<\/div>\n\t\t<div class=\"elementor-element elementor-element-8616444 e-con-full e-flex e-con e-child\" data-id=\"8616444\" data-element_type=\"container\" data-e-type=\"container\">\r\n\t\t\t\t<div class=\"elementor-element elementor-element-e1de2a1 elementor-widget elementor-widget-text-editor\" data-id=\"e1de2a1\" data-element_type=\"widget\" data-e-type=\"widget\" data-widget_type=\"text-editor.default\">\n\t\t\t\t<div class=\"elementor-widget-container\">\n\t\t\t\t\t\t\t\t\t<p><b> EINIGE HERSTELLABARE PRODUKTE<\/b><\/p>\n<p><img decoding=\"async\" class=\"alignnone size-medium wp-image-8779\" src=\"https:\/\/www.sibo.it\/wp-content\/uploads\/2023\/03\/Campioni-2F-F-e-CA1T-300x150.jpg\" alt=\"\" width=\"300\" height=\"150\"><\/p>\n\t\t\t\t\t\t\t\t<\/div>\n\t\t\t\t<\/div>\n\t\t\t\t<\/div>\n\t\t\t\t<\/div>\n\t\t\t\t<\/div>\n\t\t","protected":false},"excerpt":{"rendered":"<p><strong>AUTOMATISCHE BOHRUNG-FR\u00c4SMASCHINE MODELL &#8222;2F\/F&#8220;<\/strong><\/p>\n<p>Die Maschine eignet sich zum Bohren und Senken von Holzgriffen. Die Werkst\u00fccke werden manuell in den Lader geladen, der ein Werkst\u00fcck nach dem anderen in die Arbeitsposition bringt, wo es eingespannt wird. Das Werkst\u00fcck wird dann in mehreren Durchg\u00e4ngen gebohrt, bevor der Fr\u00e4ser die halbkreisf\u00f6rmige Nut erstellt. Am Ende des Bearbeitungsprozesses wird das Werkst\u00fcck entriegelt und entladen, w\u00e4hrend ein neues Werkst\u00fcck automatisch geladen wird und der Zyklus erneut beginnt.<\/p>\n","protected":false},"featured_media":8776,"comment_status":"closed","ping_status":"closed","template":"","meta":{"_acf_changed":false},"product_brand":[],"product_cat":[315,135],"product_tag":[],"class_list":{"0":"post-14002","1":"product","2":"type-product","3":"status-publish","4":"has-post-thumbnail","6":"product_cat-gewindemaschinen-bohrmaschinen","7":"product_cat-holzmaschinen","8":"pa_applicazioni-ebene-pinseln","9":"pa_applicazioni-messergriffe","10":"pa_applicazioni-ovale-pinseln","11":"pa_applicazioni-runde-pinseln","13":"first","14":"instock","15":"shipping-taxable","16":"product-type-simple"},"acf":[],"_links":{"self":[{"href":"https:\/\/www.sibo.it\/de\/wp-json\/wp\/v2\/product\/14002","targetHints":{"allow":["GET"]}}],"collection":[{"href":"https:\/\/www.sibo.it\/de\/wp-json\/wp\/v2\/product"}],"about":[{"href":"https:\/\/www.sibo.it\/de\/wp-json\/wp\/v2\/types\/product"}],"replies":[{"embeddable":true,"href":"https:\/\/www.sibo.it\/de\/wp-json\/wp\/v2\/comments?post=14002"}],"version-history":[{"count":4,"href":"https:\/\/www.sibo.it\/de\/wp-json\/wp\/v2\/product\/14002\/revisions"}],"predecessor-version":[{"id":15883,"href":"https:\/\/www.sibo.it\/de\/wp-json\/wp\/v2\/product\/14002\/revisions\/15883"}],"wp:featuredmedia":[{"embeddable":true,"href":"https:\/\/www.sibo.it\/de\/wp-json\/wp\/v2\/media\/8776"}],"wp:attachment":[{"href":"https:\/\/www.sibo.it\/de\/wp-json\/wp\/v2\/media?parent=14002"}],"wp:term":[{"taxonomy":"product_brand","embeddable":true,"href":"https:\/\/www.sibo.it\/de\/wp-json\/wp\/v2\/product_brand?post=14002"},{"taxonomy":"product_cat","embeddable":true,"href":"https:\/\/www.sibo.it\/de\/wp-json\/wp\/v2\/product_cat?post=14002"},{"taxonomy":"product_tag","embeddable":true,"href":"https:\/\/www.sibo.it\/de\/wp-json\/wp\/v2\/product_tag?post=14002"}],"curies":[{"name":"wp","href":"https:\/\/api.w.org\/{rel}","templated":true}]}}