{"id":13970,"date":"2023-08-09T17:28:19","date_gmt":"2023-08-09T16:28:19","guid":{"rendered":"https:\/\/www.sibo.it\/prodotto\/tau-100\/"},"modified":"2024-01-24T11:19:37","modified_gmt":"2024-01-24T10:19:37","slug":"tau-100","status":"publish","type":"product","link":"https:\/\/www.sibo.it\/de\/Produkt\/tau-100\/","title":{"rendered":"TAU\/100"},"content":{"rendered":"\t\t<div data-elementor-type=\"product-post\" data-elementor-id=\"13970\" class=\"elementor elementor-13970 elementor-10502\" data-elementor-post-type=\"product\">\n\t\t\t\t<div class=\"elementor-element elementor-element-cf1f3ba e-con-full e-flex e-con e-parent\" data-id=\"cf1f3ba\" data-element_type=\"container\" data-e-type=\"container\">\r\n\t\t<div class=\"elementor-element elementor-element-6d430be e-con-full e-flex e-con e-child\" data-id=\"6d430be\" data-element_type=\"container\" data-e-type=\"container\">\r\n\t\t\t\t<div class=\"elementor-element elementor-element-ddd2f7f elementor-widget elementor-widget-text-editor\" data-id=\"ddd2f7f\" data-element_type=\"widget\" data-e-type=\"widget\" data-widget_type=\"text-editor.default\">\n\t\t\t\t<div class=\"elementor-widget-container\">\n\t\t\t\t\t\t\t\t\t<table border=\"0\" cellspacing=\"0\" cellpadding=\"0\">\n<tbody>\n<tr>\n<td><span style=\"font-size: 16px;\">Min. Durchmesser<\/span><\/td>\n<td><span style=\"font-size: 16px;\"><strong>mm. 40<\/strong><\/span><\/td>\n<\/tr>\n<tr>\n<td><span style=\"font-size: 16px;\">Max. Durchmesser<\/span><\/td>\n<td><span style=\"font-size: 16px;\"><strong>mm. 100<\/strong><\/span><\/td>\n<\/tr>\n<tr>\n<td><span style=\"font-size: 16px;\">Min. Arbeitsl\u00e4nge<\/span><\/td>\n<td><span style=\"font-size: 16px;\"><strong>mm. 700<\/strong><\/span><\/td>\n<\/tr>\n<tr>\n<td><span style=\"font-size: 16px;\">Max. Arbeitsl\u00e4nge<\/span><\/td>\n<td><span style=\"font-size: 16px;\"><strong>illimitata<\/strong><\/span><\/td>\n<\/tr>\n<tr>\n<td><span style=\"font-size: 16px;\">Herstellung<\/span><\/td>\n<td><span style=\"font-size: 16px;\"><strong>3-15 mt.\/min.<\/strong><\/span><\/td>\n<\/tr>\n<\/tbody>\n<\/table>\n<p style=\"text-align: left;\"><b>&nbsp; EXTRA AUSR\u00dcSTUNG<\/b><\/p>\n<p style=\"text-align: left;\"><img fetchpriority=\"high\" decoding=\"async\" class=\"alignnone size-medium wp-image-11711\" src=\"https:\/\/www.sibo.it\/wp-content\/uploads\/2023\/08\/Caricatore_2LU200-300x300.jpg\" alt=\"\" width=\"300\" height=\"300\"><\/p>\t\t\t\t\t\t\t\t<\/div>\n\t\t\t\t<\/div>\n\t\t\t\t<\/div>\n\t\t<div class=\"elementor-element elementor-element-8616444 e-con-full e-flex e-con e-child\" data-id=\"8616444\" data-element_type=\"container\" data-e-type=\"container\">\r\n\t\t\t\t<div class=\"elementor-element elementor-element-e1de2a1 elementor-widget elementor-widget-text-editor\" data-id=\"e1de2a1\" data-element_type=\"widget\" data-e-type=\"widget\" data-widget_type=\"text-editor.default\">\n\t\t\t\t<div class=\"elementor-widget-container\">\n\t\t\t\t\t\t\t\t\t<p><b>EINIGE HERSTELLABARE PRODUKTE<\/b><\/p>\n<p><img decoding=\"async\" class=\"alignnone size-medium wp-image-2487\" src=\"https:\/\/www.sibo.it\/wp-content\/uploads\/2023\/01\/TAU100-1-300x150.jpg\" alt=\"\" width=\"300\" height=\"150\"><\/p>\n\t\t\t\t\t\t\t\t<\/div>\n\t\t\t\t<\/div>\n\t\t\t\t<\/div>\n\t\t\t\t<\/div>\n\t\t\t\t<\/div>\n\t\t","protected":false},"excerpt":{"rendered":"<p><strong>AUTOMATISCHE RUNDSTABFR\u00c4SMASCHINE MODELL &#8222;TAU\/100&#8220;<\/strong><\/p>\n<p>Automatische Drahtziehmaschine f\u00fcr gerade Rundst\u00e4be mit konstantem Durchmesser. Mit dieser Maschine ist es m\u00f6glich, gro\u00dfe Pole wie Gardinenstangen, Stangen f\u00fcr Z\u00e4une usw. zu bearbeiten. Es wird verwendet, um Stangen aus Kunststoffmateriellen wie Plexiglass und Zelluloid zu bearbeiten.<\/p>\n<p><span style=\"font-size: 16px;\"><strong>Die Maschine kann it folgenden Zubeh\u00f6rteilen ausstattet werden:<\/strong><\/span><\/p>\n<ul>\n<li><span style=\"font-size: 16px;\">elektropneumatisches Magazin f\u00fcr St\u00fcckes mit einer max. L\u00e4nge von 2000 mm<\/span><\/li>\n<\/ul>\n","protected":false},"featured_media":2406,"comment_status":"closed","ping_status":"closed","template":"","meta":{"_acf_changed":false},"product_brand":[],"product_cat":[135,314],"product_tag":[],"class_list":{"0":"post-13970","1":"product","2":"type-product","3":"status-publish","4":"has-post-thumbnail","6":"product_cat-holzmaschinen","7":"product_cat-rundstabfrasmaschine","8":"pa_applicazioni-rund-stock","10":"first","11":"instock","12":"shipping-taxable","13":"product-type-simple"},"acf":[],"_links":{"self":[{"href":"https:\/\/www.sibo.it\/de\/wp-json\/wp\/v2\/product\/13970","targetHints":{"allow":["GET"]}}],"collection":[{"href":"https:\/\/www.sibo.it\/de\/wp-json\/wp\/v2\/product"}],"about":[{"href":"https:\/\/www.sibo.it\/de\/wp-json\/wp\/v2\/types\/product"}],"replies":[{"embeddable":true,"href":"https:\/\/www.sibo.it\/de\/wp-json\/wp\/v2\/comments?post=13970"}],"version-history":[{"count":3,"href":"https:\/\/www.sibo.it\/de\/wp-json\/wp\/v2\/product\/13970\/revisions"}],"predecessor-version":[{"id":15742,"href":"https:\/\/www.sibo.it\/de\/wp-json\/wp\/v2\/product\/13970\/revisions\/15742"}],"wp:featuredmedia":[{"embeddable":true,"href":"https:\/\/www.sibo.it\/de\/wp-json\/wp\/v2\/media\/2406"}],"wp:attachment":[{"href":"https:\/\/www.sibo.it\/de\/wp-json\/wp\/v2\/media?parent=13970"}],"wp:term":[{"taxonomy":"product_brand","embeddable":true,"href":"https:\/\/www.sibo.it\/de\/wp-json\/wp\/v2\/product_brand?post=13970"},{"taxonomy":"product_cat","embeddable":true,"href":"https:\/\/www.sibo.it\/de\/wp-json\/wp\/v2\/product_cat?post=13970"},{"taxonomy":"product_tag","embeddable":true,"href":"https:\/\/www.sibo.it\/de\/wp-json\/wp\/v2\/product_tag?post=13970"}],"curies":[{"name":"wp","href":"https:\/\/api.w.org\/{rel}","templated":true}]}}